{"id":23,"date":"2023-01-19T16:30:40","date_gmt":"2023-01-19T16:30:40","guid":{"rendered":"http:\/\/blogs.harvard.edu\/teichmann\/?page_id=23"},"modified":"2023-01-19T16:30:40","modified_gmt":"2023-01-19T16:30:40","slug":"anwalt-zurich","status":"publish","type":"page","link":"https:\/\/archive.blogs.harvard.edu\/teichmann\/anwalt-zurich\/","title":{"rendered":"Anwalt Z\u00fcrich"},"content":{"rendered":"<p>Als Rechtsanwalt bin ich vorwiegend in St. Gallen und in Z\u00fcrich t\u00e4tig. Ich pers\u00f6nlich besch\u00e4ftige mich vorwiegend mit dem Straf- und Strafprozessrecht. Folglich f\u00fchre ich zahlreiche Mandate als <a href=\"https:\/\/www.strafverteidiger.zuerich\/\">Strafverteidiger in Z\u00fcrich<\/a>. Meine Kanzlei besch\u00e4ftigt jedoch auch <a href=\"https:\/\/www.scheidungsanwalt.zuerich\/\">Scheidungsanw\u00e4lte in Z\u00fcrich<\/a>.<\/p>\n","protected":false},"excerpt":{"rendered":"<p>Als Rechtsanwalt bin ich vorwiegend in St. Gallen und in Z\u00fcrich t\u00e4tig. Ich pers\u00f6nlich besch\u00e4ftige mich vorwiegend mit dem Straf- und Strafprozessrecht. Folglich f\u00fchre ich zahlreiche Mandate als Strafverteidiger in Z\u00fcrich. Meine Kanzlei besch\u00e4ftigt jedoch auch Scheidungsanw\u00e4lte in Z\u00fcrich.<\/p>\n","protected":false},"author":7961,"featured_media":0,"parent":0,"menu_order":0,"comment_status":"closed","ping_status":"closed","template":"","meta":{"footnotes":""},"class_list":["post-23","page","type-page","status-publish","hentry"],"_links":{"self":[{"href":"https:\/\/archive.blogs.harvard.edu\/teichmann\/wp-json\/wp\/v2\/pages\/23","targetHints":{"allow":["GET"]}}],"collection":[{"href":"https:\/\/archive.blogs.harvard.edu\/teichmann\/wp-json\/wp\/v2\/pages"}],"about":[{"href":"https:\/\/archive.blogs.harvard.edu\/teichmann\/wp-json\/wp\/v2\/types\/page"}],"author":[{"embeddable":true,"href":"https:\/\/archive.blogs.harvard.edu\/teichmann\/wp-json\/wp\/v2\/users\/7961"}],"replies":[{"embeddable":true,"href":"https:\/\/archive.blogs.harvard.edu\/teichmann\/wp-json\/wp\/v2\/comments?post=23"}],"version-history":[{"count":1,"href":"https:\/\/archive.blogs.harvard.edu\/teichmann\/wp-json\/wp\/v2\/pages\/23\/revisions"}],"predecessor-version":[{"id":24,"href":"https:\/\/archive.blogs.harvard.edu\/teichmann\/wp-json\/wp\/v2\/pages\/23\/revisions\/24"}],"wp:attachment":[{"href":"https:\/\/archive.blogs.harvard.edu\/teichmann\/wp-json\/wp\/v2\/media?parent=23"}],"curies":[{"name":"wp","href":"https:\/\/api.w.org\/{rel}","templated":true}]}}