{"id":271,"date":"2006-06-13T10:41:53","date_gmt":"2006-06-13T14:41:53","guid":{"rendered":"http:\/\/blogs.law.harvard.edu\/munichletters\/letter-from-munich-103\/"},"modified":"2006-06-13T10:41:53","modified_gmt":"2006-06-13T14:41:53","slug":"letter-from-munich-103","status":"publish","type":"page","link":"https:\/\/archive.blogs.harvard.edu\/munichletters\/letter-from-munich-103\/","title":{"rendered":"Letter from Munich &#8211; 103"},"content":{"rendered":"<p><strong>Letter from Munich &#8211; the Joseph Affair \u2013 103<\/strong><\/p>\n<p>EINE DEUTSCHE FASSUNG STEHT WEITER UNTEN.<\/p>\n<p>http:\/\/www.joseph_affair.blogspot.com <\/p>\n<p>27 December 2002 <\/p>\n<p>Dear Mr. Graf, dear friends,<\/p>\n<p>My friend continued reading to us from Daniel Steiner\u2019s sworn statement of 10 July 2000:<\/p>\n<p>\u201cMaik Hauke was wearing a leather flight jacket and paratrooper boots. Sandro Richter was wearing paratrooper boots and a bathing suit. I didn\u2019t say that so clearly in the sworn statement I made before.<\/p>\n<p>\u201cThey hit Joseph often too, in the face, before Ute Schneider gave him the poison. Mr. Lehmbruck, the lawyer, then asked me how I knew it was poison. I answered that I heard that later from others outside.<\/p>\n<p>\u201cAt first I didn\u2019t want to say anything to Mr. Lehmbruck about Ronny Kunte, Kai Bleschke, and Rene Grossmann, since they\u2019re my buddies. Ronny Kunte isn\u2019t at all a right-wing type and never looks violent. So I also didn\u2019t want to say that these three also jumped into the water and held Joseph under, so that he couldn\u2019t come up, after Maik Hauke and Sandro Richter had jumped up and down on him.<\/p>\n<p>\u201cWhen Diana and Joseph came, I saw about fifty right-wing extremists suddenly come into the Dr. Petzhold Swimming Pool wearing paratrooper boots and leather flight jackets. Some of them stayed at the entrance to the swimming pool. The right-wing group, from about sixteen to twenty-eight years old, was allowed in by Frau Antje Geisler, who was working at the ticket window. When Herr Beckert, the pool director came, he saw quite clearly the right-wing types in paratrooper boots and leather flight jackets.<\/p>\n<p>\u201cI\u2019m ready to make a statement, but not in public and not when the accused are there, and also not to the police detectives in Pirna or the Pirna district attorney, because the old connections are still there, and they could spread my name around and my family would be in real danger.<\/p>\n<p>\u201cI, Daniel Steiner, made the above statement and I swear to it in the presence of Diana, Joseph\u2019s sister, her mother, Dr. Renate Kantelberg, and my mother, Frau Annerose Steiner.<\/p>\n<p>\u201cSigned on Monday, 10 July 2000.<\/p>\n<p>\u201cDaniel Steiner (Signature)<\/p>\n<p>\u201cRead and approved: Daniel\u2019s mother and legal guardian, Frau Annerose Steiner<\/p>\n<p>\u201cAnnerose Steiner (Signature)<\/p>\n<p>\u201cResidence: 22 Hertigswalder Strasse in Sebnitz, 01855.\u201c<\/p>\n<p>Sincerely yours,<\/p>\n<p>Robert John Bennett<\/p>\n<p>&#8212;&#8212;&#8212;&#8212;&#8212;&#8212;&#8212;&#8212;&#8212;&#8212;&#8212;&#8212;&#8212;&#8212;&#8212;&#8212;&#8212;-<\/p>\n<p>Since many recipients of this letter may read German more easily than they read English, the following is the author\u2019s translation of the above letter. Please note that word-processing programs outside of German-speaking countries may not display all of the letters of the German alphabet correctly.<\/p>\n<p>Alle Briefe aus M\u00fcnchen sind abrufbar: http:\/\/www.joseph_affair.blogspot.com <\/p>\n<p>M\u00fcnchen, den 27. Dezember 2002<\/p>\n<p>Sehr geehrter Herr Graf, sehr geehrte Freunde,<\/p>\n<p>mein Freund fuhr fort, Daniel Steiners eidesstattliche Versicherung von 10.07.00 vorzulesen:<\/p>\n<p>\u201eMaik Hauke trug w\u00e4hrend des Vorgangs eine B-Jacke und Springerstiefel. Sandro Richter trug Springerstiefel und eine Badehose. Das habe ich so genau in meiner Eidesstattlichen Aussage vorher nicht erz\u00e4hlt.<\/p>\n<p>Auch haben sie Joseph \u00f6fters geschlagen, auch ins Gesicht, bevor Ute Schneider ihm das Gift gab. Herr RA Lehmbruck fragte mich dann, woher w\u00fcsste dass es Gift war. Ich antwortete, ich dieses nachher drau\u00dfen von andern geh\u00f6rt.<\/p>\n<p>Ich wollte Herrn RA Lehmbruck zun\u00e4chst nichts von Ronny Kunte, Kai Bleschke und Rene Gro\u00dfmann erz\u00e4hlen, da sie meine Kumpel sind. Der Ronny Kunte ist gar nicht rechts und sieht nicht gewaltt\u00e4tig aus. Deshalb wollte ich auch nicht erz\u00e4hlen, dass die drei, nachdem Maik Hauke und Sandro Richter auf Joseph gesprungen sind und auf ihn herumgehupst haben, auch ins Wasser gesprungen sind und Joseph unter Wasser festgehalten haben, damit er nicht hoch kommt.<\/p>\n<p>Ich habe gesehen, dass als Diana und Joseph kamen, pl\u00f6tzlich ungef\u00e4hr 50 Rechtsradikale in Springerstiefeln und B-Jacken ins Dr. Petzhold-Bad kamen. Einige blieben vor dem Eingang des Dr. Petzhold-Bades. Die Rechte Gruppe im Alter von 16 Jahren aufw\u00e4rts bis ungef\u00e4hr 28 Jahre wurde von der am Kartenschalter arbeitenden Frau Antje Geisler reingelassen. Als Herr Beckert, der Leiter des Bades kam, hat er die Rechten mit Springerstiefeln und B-Jacken haargenau gesehen.<\/p>\n<p>Ich bin bereit auszusagen aber unter Ausschluss der \u00d6ffentlichkeit und nicht in Anwesenheit der Angeklagten, auch nicht bei der Kriminalpolizei Pirna und der Staatsanwaltschaft Pirna, da alte Querverbindungen herrschen und mein Name von diesen verraten werden k\u00f6nnte und meine Familie dann in Lebensgefahr ist.<\/p>\n<p>Ich Daniel Steiner habe obige Aussage in Anwesenheit von Diana, der Schwester von Joseph, ihrer Mutter, Frau Dr. Renate Kantelberg, meiner Mutter, Frau Annerose Steiner, gemacht und best\u00e4tige sie eidesstattlich.<\/p>\n<p>Unterschrieben, am Montag, den 10.07.2000<\/p>\n<p>Daniel Steiner, (Unterschrift)<\/p>\n<p>Gelesen und genehmigt: Daniels Mutter als Erziehungsberechtigte, Frau Annerose Steiner<\/p>\n<p>Annerose Steiner, (Unterschrift)<\/p>\n<p>Wh. Hertigswalder Str. 22 in 01855 Sebnitz\u201c<\/p>\n<p>Mit freundlichen Gr\u00fc\u00dfen<\/p>\n<p>Robert John Bennett<\/p>\n","protected":false},"excerpt":{"rendered":"<p>Letter from Munich &#8211; the Joseph Affair \u2013 103 EINE DEUTSCHE FASSUNG STEHT WEITER UNTEN. http:\/\/www.joseph_affair.blogspot.com 27 December 2002 Dear Mr. Graf, dear friends, My friend continued reading to us from Daniel Steiner\u2019s sworn statement of 10 July 2000: \u201cMaik Hauke was wearing a leather flight jacket and paratrooper boots. Sandro Richter was wearing paratrooper [&hellip;]<\/p>\n","protected":false},"author":167,"featured_media":0,"parent":0,"menu_order":0,"comment_status":"closed","ping_status":"closed","template":"","meta":{"footnotes":""},"class_list":["post-271","page","type-page","status-publish","hentry"],"_links":{"self":[{"href":"https:\/\/archive.blogs.harvard.edu\/munichletters\/wp-json\/wp\/v2\/pages\/271","targetHints":{"allow":["GET"]}}],"collection":[{"href":"https:\/\/archive.blogs.harvard.edu\/munichletters\/wp-json\/wp\/v2\/pages"}],"about":[{"href":"https:\/\/archive.blogs.harvard.edu\/munichletters\/wp-json\/wp\/v2\/types\/page"}],"author":[{"embeddable":true,"href":"https:\/\/archive.blogs.harvard.edu\/munichletters\/wp-json\/wp\/v2\/users\/167"}],"replies":[{"embeddable":true,"href":"https:\/\/archive.blogs.harvard.edu\/munichletters\/wp-json\/wp\/v2\/comments?post=271"}],"version-history":[{"count":0,"href":"https:\/\/archive.blogs.harvard.edu\/munichletters\/wp-json\/wp\/v2\/pages\/271\/revisions"}],"wp:attachment":[{"href":"https:\/\/archive.blogs.harvard.edu\/munichletters\/wp-json\/wp\/v2\/media?parent=271"}],"curies":[{"name":"wp","href":"https:\/\/api.w.org\/{rel}","templated":true}]}}