{"id":267,"date":"2006-06-12T09:38:33","date_gmt":"2006-06-12T13:38:33","guid":{"rendered":"http:\/\/blogs.law.harvard.edu\/munichletters\/letter-from-munich-100\/"},"modified":"2006-06-12T09:38:33","modified_gmt":"2006-06-12T13:38:33","slug":"letter-from-munich-100","status":"publish","type":"page","link":"https:\/\/archive.blogs.harvard.edu\/munichletters\/letter-from-munich-100\/","title":{"rendered":"Letter from Munich &#8211; 100"},"content":{"rendered":"<p><strong>Letter from Munich &#8211; the Joseph Affair \u2013 100<\/strong><\/p>\n<p>EINE DEUTSCHE FASSUNG STEHT WEITER UNTEN.<\/p>\n<p>http:\/\/www.joseph_affair.blogspot.com (It may take a few minutes to load this page, depending on internet connection speed.)<\/p>\n<p>6 December 2002 <\/p>\n<p>Dear Mr. Graf, dear friends,<\/p>\n<p>One of my friends sent the following message to Joseph\u2019s parents, after he\u2019d read the copy of their letter of last week.<\/p>\n<p>\u201cThank you for your telephone call, for the article and for the copy of the letter you sent to the Arab League in Bonn.<\/p>\n<p>\u201cA few weeks ago, when I read about the first television broadcast of the film \u201cSebnitz \u2013 die perfekte Story\u201d (\u201cSebnitz \u2013 the Perfect Story\u201d) over ARTE, I was somewhat depressed. Then it occurred to me that even this negative presentation of Joseph\u2019s story is a small victory for us.<\/p>\n<p>\u201cThe film shows that the truth about Joseph\u2019s murder is still a problem in Germany. If it were really true that Joseph\u2019s death was simply an accident, then everyone \u2013 politicians, journalists, and everyone else \u2013 would just forget it.<\/p>\n<p>\u201cThe politicians and journalists and others can\u2019t do that, though. They simply cannot forget Joseph\u2019s death, because in their heart of hearts they know \u2013 or at least suspect \u2013 that his death was no accident.<\/p>\n<p>The English and Americans have a term, \u2018cognitive dissonance,\u2019 used to describe the discrepancy between what a person believes on the surface to be true and what they know deep within themselves the truth really is.<\/p>\n<p>\u201cThe more one tries to suppress the truth, the more one feels this dissonance. I think that\u2019s happening now in Germany, as far as Joseph\u2019s death is concerned, otherwise this documentary would never have been made. Through such a film, people try to reconcile the disharmony between a lie and the truth, but only the truth can really get rid of the disharmony.<\/p>\n<p>\u201cYou wanted to know what I thought of your letter and that\u2019s it.<\/p>\n<p>\u201cI only want to add one thing: I don\u2019t know if it\u2019s true that \u2018about thirty attempts on the part of the filmmaker to contact you, through your lawyer were unsuccessful,\u2019 but perhaps you should in the future speak with such people. I think you should speak with anyone who wants to talk with you about Joseph\u2019s death, even if you think they don\u2019t believe a word you\u2019re saying. I think you should speak continually with anyone who wants to speak with you. The truth is everything. Speak with them so that they will never be able to forget the truth about Joseph\u2019s death, and will never be able to suppress it.\u201d<\/p>\n<p>Sincerely yours,<\/p>\n<p>Robert John Bennett<\/p>\n<p>&#8212;&#8212;&#8212;&#8212;&#8212;&#8212;&#8212;&#8212;&#8212;&#8212;&#8212;&#8212;&#8212;&#8212;&#8212;&#8212;&#8212;&#8212;&#8212;&#8212;&#8212;&#8212;&#8212;-<\/p>\n<p>Since many recipients of this letter may read German more easily than they read English, the following is the author\u2019s own translation of the above letter. Please note that word-processing programs outside of German-speaking countries may not display all of the letters of the German alphabet correctly.<\/p>\n<p>Bitte vergessen Sie nicht, dass der Autor dieses Briefes Autodidakt ist, was die deutsche Sprache betrifft, und er wei\u00df, dass, wenn es um eine \u00dcbersetzung aus der deutschen Sprache ins Englische geht, viele Fehler hervortreten m\u00fcssen. Er hofft aber, man werde diese Fehler \u00fcbersehen, um hinter den Fehlern das sehen zu k\u00f6nnen, was in diesem Schreiben und in dieser Aff\u00e4re von zentraler Bedeutung ist.<\/p>\n<p>Alle Briefe aus M\u00fcnchen sind abrufbar:<\/p>\n<p>http:\/\/www.joseph_affair.blogspot.com (Es k\u00f6nnte eine Weile dauern, diese Seite zu laden; es kommt auf die Schnelligkeit der Internet-Verbindung an.)<\/p>\n<p>M\u00fcnchen, den 6. Dezember 2002<\/p>\n<p>Sehr geehrter Herr Graf, sehr geehrte Freunde,<\/p>\n<p>Einer meiner Freunde hat den Eltern von Joseph die folgende Nachricht zugeschickt, nachdem er eine Kopie des Briefes von der letzten Woche gelesen hatte:<\/p>\n<p>\u201eVielen Dank f\u00fcr den Anruf und f\u00fcr die Artikel und f\u00fcr die Kopie des Briefes an die Liga der Arabischen Staaten in Bonn.<\/p>\n<p>Vor ein paar Wochen, als ich von der ersten Ausstrahlung des Filmes \u201eSebnitz \u2013 Die perfekte Story\u201c \u00fcber ARTE gelesen habe, war ich etwas deprimiert. Aber dann ist es mir eingefallen, dass auch diese negative Darstellung der Geschichte von Joseph ein kleiner Sieg f\u00fcr uns ist.<\/p>\n<p>Diese Darstellung zeigt, dass die Wahrheit \u00fcber Josephs Ermordung immer noch ein Problem in Deutschland ist. Wenn es wirklich wahr w\u00e4re, dass Josephs Tod nur ein Unfall war, dann w\u00fcrden alle \u2013 Politiker, Journalisten und andere \u2013 ihn einfach vergessen.<\/p>\n<p>Die Politiker und Journalisten und andere k\u00f6nnen das aber nicht tun. Sie k\u00f6nnen Josephs Tod einfach nicht vergessen, weil sie im tiefsten Herzen wissen oder mindestens vermuten, dass sein Tod kein Unfall war.<\/p>\n<p>Es gibt auf Englisch einen Begriff: \u201ecognitive dissonance\u201c \u2013 kognitive Disharmonie. Das ist die Disharmonie zwischen dem, was man oberfl\u00e4chlich glaubt, die Wahrheit ist, und dem, was man in tiefstem Herzen wei\u00df, die Wahrheit ist.<\/p>\n<p>Je mehr man versucht, die Wahrheit zu unterdrucken, desto mehr sp\u00fcrt man diese Disharmonie. Ich glaube das passiert jetzt in Deutschland, wo es um Josephs Tod geht, sonst w\u00e4re dieser Dokumentarfilm nie gedreht worden. Man versucht durch so einen Film, die Disharmonie zwischen einer L\u00fcge und der Wahrheit in Einklang zu bringen, aber nur die Wahrheit kann diese Disharmonie wirklich erledigen.<\/p>\n<p>Also, Ihr wolltet wissen, was ich \u00fcber Euren Brief denke, und das ist es.<\/p>\n<p>Ich will nur eins hinzuf\u00fcgen: Ich wei\u00df nicht, ob es wahr ist, dass \u201eetwa 30 Versuche der Filmemacher, \u00fcber ihren Rechtsanwalt Kontakt aufzunehmen, ergebnislos geblieben seien\u201c, aber vielleicht sollt Ihr in der Zukunft mit solchen Menschen sprechen. Ich glaube, Ihr sollt mit allen sprechen, die mit euch \u00fcber Josephs Tod sprechen wollen, sogar wenn Ihr denkt, sie glauben kein Wort, was Ihr sagt. Ihr sollt kontinuierlich sprechen, meiner Meinung nach, mit jedem, der mit euch sprechen will. Die Wahrheit ist alles, also sprecht mit ihnen, damit sie die Wahrheit \u00fcber Josephs Tod nie vergessen und nie unterdr\u00fccken k\u00f6nnen\u201c.<\/p>\n<p>Mit freundlichen Gr\u00fc\u00dfen<\/p>\n<p>Robert John Bennett<\/p>\n","protected":false},"excerpt":{"rendered":"<p>Letter from Munich &#8211; the Joseph Affair \u2013 100 EINE DEUTSCHE FASSUNG STEHT WEITER UNTEN. http:\/\/www.joseph_affair.blogspot.com (It may take a few minutes to load this page, depending on internet connection speed.) 6 December 2002 Dear Mr. Graf, dear friends, One of my friends sent the following message to Joseph\u2019s parents, after he\u2019d read the copy [&hellip;]<\/p>\n","protected":false},"author":167,"featured_media":0,"parent":0,"menu_order":0,"comment_status":"closed","ping_status":"closed","template":"","meta":{"footnotes":""},"class_list":["post-267","page","type-page","status-publish","hentry"],"_links":{"self":[{"href":"https:\/\/archive.blogs.harvard.edu\/munichletters\/wp-json\/wp\/v2\/pages\/267","targetHints":{"allow":["GET"]}}],"collection":[{"href":"https:\/\/archive.blogs.harvard.edu\/munichletters\/wp-json\/wp\/v2\/pages"}],"about":[{"href":"https:\/\/archive.blogs.harvard.edu\/munichletters\/wp-json\/wp\/v2\/types\/page"}],"author":[{"embeddable":true,"href":"https:\/\/archive.blogs.harvard.edu\/munichletters\/wp-json\/wp\/v2\/users\/167"}],"replies":[{"embeddable":true,"href":"https:\/\/archive.blogs.harvard.edu\/munichletters\/wp-json\/wp\/v2\/comments?post=267"}],"version-history":[{"count":0,"href":"https:\/\/archive.blogs.harvard.edu\/munichletters\/wp-json\/wp\/v2\/pages\/267\/revisions"}],"wp:attachment":[{"href":"https:\/\/archive.blogs.harvard.edu\/munichletters\/wp-json\/wp\/v2\/media?parent=267"}],"curies":[{"name":"wp","href":"https:\/\/api.w.org\/{rel}","templated":true}]}}