{"id":258,"date":"2006-06-12T09:08:10","date_gmt":"2006-06-12T13:08:10","guid":{"rendered":"http:\/\/blogs.law.harvard.edu\/munichletters\/letter-from-munich-091\/"},"modified":"2006-06-12T09:08:10","modified_gmt":"2006-06-12T13:08:10","slug":"letter-from-munich-091","status":"publish","type":"page","link":"https:\/\/archive.blogs.harvard.edu\/munichletters\/letter-from-munich-091\/","title":{"rendered":"Letter from Munich &#8211; 091"},"content":{"rendered":"<p><strong>Letter from Munich &#8211; the Joseph Affair \u2013 91<\/strong><\/p>\n<p>EINE DEUTSCHE FASSUNG STEHT WEITER UNTEN.<\/p>\n<p>http:\/\/www.joseph_affair.blogspot.com (It may take a few minutes to load this page, depending on internet connection speed.)<\/p>\n<p>4 October 2002 <\/p>\n<p>Dear Mr. Graf, dear friends,<\/p>\n<p>Last week Helmut read out the following from the transcript of the police questioning of Juergen Reichel:<\/p>\n<p>ANSWER: Yes, I\u2019d also like to say that yesterday the daughter of the Abdulla family, Diana Kantelberg, telephoned us. I answered the phone, and she asked me of she could speak with Daniel Steiner. I asked her why, but I got no answer. I didn\u2019t let her speak to my son. I ended the conversation, and as far as I know Daniel didn\u2019t call the Kantelbergs back. I don\u2019t have anything more to say in this matter, except we want to have some peace, finally, in Sebnitz.<\/p>\n<p>\u201cIn other words,\u201d said Helmut, \u201cHerr Reichel means, \u2018we just want to hush the whole thing up\u2019. They \u2018want to have some peace, finally, in Sebnitz.\u2019 I find that sentence remarkable.\u201d He continued reading the transcript.<\/p>\n<p>QUESTION: Do you know the Dr. Petzold swimming pool and were you ever a visitor at the pool?<\/p>\n<p>ANSWER: I\u2019m familiar with the Dr. Petzold pool. Certainly I\u2019ve driven Daniel there in my car too. I was never a visitor at the pool myself, though.<\/p>\n<p>QUESTION: Have you any observations to make about the facts of the matter of 13 June 1997, the day of the pool accident involving little Joseph?<\/p>\n<p>ANSWER: Well, as to the facts of the matter regarding the pool, I can\u2019t make any statements about that myself. I only know that when Daniel came home that evening, he told us that someone had drowned at the pool. Right now I can\u2019t say whether he mentioned a name or not. I do know that Daniel was very upset that day. He was just twelve years old then. The only thing I know about the facts of the matter is what Daniel told me: that he and someone else got the little boy out of the water. I really can\u2019t say anything more about it.<\/p>\n<p>\u201cThen,\u201d said Helmut, \u201cit says in the transcript that the questioning was concluded at 11:10 a.m. And there are the usual signatures. I have to say I find it significant that Herr Reichel confirmed two facts. First, on the day Joseph died, Daniel was very upset when he returned home. Second, that \u2018he and someone else got the little boy out of the water.\u2019\u201d <\/p>\n<p>Sincerely yours,<\/p>\n<p>Robert John Bennett<\/p>\n<p>Mauerkircherstrasse 68<\/p>\n<p>81925 Germany<\/p>\n<p>Telephone: +49.89.981.0208<\/p>\n<p>&#8212;&#8212;&#8212;&#8212;&#8212;&#8212;&#8212;&#8212;&#8212;&#8212;&#8212;&#8212;&#8212;&#8212;&#8212;&#8212;&#8212;&#8212;&#8212;&#8212;&#8212;&#8212;&#8212;&#8212;&#8212;&#8212;&#8212;&#8212;&#8211;<\/p>\n<p>Since many recipients of this letter may read German more easily than they read English, the following is the author\u2019s own translation of the above letter. Please note that word-processing programs outside of German-speaking countries may not display all of the letters of the German alphabet correctly.<\/p>\n<p>Bitte vergessen Sie nicht, dass der Autor dieses Briefes Autodidakt ist, was die deutsche Sprache betrifft, und er wei\u00df, dass, wenn es um eine \u00dcbersetzung aus der deutschen Sprache ins Englische geht, viele Fehler hervortreten m\u00fcssen. Er hofft aber, man werde diese Fehler \u00fcbersehen, um hinter den Fehlern das sehen zu k\u00f6nnen, was in diesem Schreiben und in dieser Aff\u00e4re von zentraler Bedeutung ist.<\/p>\n<p>Alle Briefe aus M\u00fcnchen sind abrufbar:<\/p>\n<p>http:\/\/www.joseph_affair.blogspot.com (Es k\u00f6nnte eine Weile dauern, diese Seite zu laden; es kommt auf die Schnelligkeit der Internet-Verbindung an.)<\/p>\n<p>M\u00fcnchen, den 4. Oktober 2002<\/p>\n<p>Sehr geehrter Herr Graf, sehr geehrte Freunde,<\/p>\n<p>Letze Woche hat Helmut Folgendes aus dem Protokoll der Vernehmung des J\u00fcrgen Reichel vorgelesen:<\/p>\n<p>ANTWORT: Ja, ich m\u00f6chte noch bemerken, dass gestern die Tochter der Familie Abdulla, die Diana Kantelberg, bei uns angerufen hat. Ich habe den H\u00f6rer abgenommen und sie fragte mich, ob sie den Daniel Steiner mal sprechen kann. Ich fragte nach dem Grund, darauf habe ich keine Antwort erhalten. Ich habe die Diana nicht mit meinem Sohn verbunden. Ich habe das Gespr\u00e4ch beendet und soviel ich wei\u00df, hat der Daniel Steiner die Kantelbergs auch nicht zur\u00fcckgerufen. Weiteres kann ich zu diesem Sachverhalt nicht sagen, au\u00dfer, dass wir nun endlich unsere Ruhe haben wollen in Sebnitz.<\/p>\n<p>\u201eAnders gesagt,\u201c bemerkte Helmut, \u201emeinte Herr Reichel, \u201awir wollen die ganze Sache einfach vertuschen\u2019. Sie wollen ihre Ruhe haben. Ich finde das einen bemerkenswerten Satz.\u201c Dann fuhr er fort, das Protokoll vorzulesen.<\/p>\n<p>FRAGE: Kennen Sie das Dr. Petzold-Bad und waren Sie selbst schon Gast in diesem Bad?<\/p>\n<p>ANTWORT: Also, mir ist das Dr. Petzold-Bad bekannt. Ich habe sicherlich auch den Daniel schon mit dem Fahrzeug zum Bad gebracht. Ich selbst war aber noch nie Gast in diesem Bad.<\/p>\n<p>FRAGE: Zum Sachverhalt vom 13.06.1997, dem Tag des Badeunfalles des kleinen Josephs, haben Sie dazu Feststellungen getroffen?<\/p>\n<p>ANTWORT: Also, zu dem Sachverhalt im Bad selbst kann ich keine Aussagen treffen. Ich wei\u00df nur noch, als der Daniel an diesem Tag abends nach Hause kam, hat er erz\u00e4hlt, dass im Bad jemand ertrunken ist. Ich kann aber jetzt nicht mehr sagen, ob er einen Namen nannte. Ich wei\u00df auch noch, dass der Daniel an diesem Tag sehr aufgel\u00f6st war. Er war damals erst 12 Jahre alt. Ich selbst wei\u00df vom Sachverhalt nur, dass was ich vom Daniel erz\u00e4hlt bekommen habe, dass er mit noch jemand anderem den kleinen Jungen aus dem Wasser geholt hat. Mehr kann ich aber dazu wirklich nicht sagen.<\/p>\n<p>\u201eDann steht es,\u201c sagte Helmut, \u201edass die Vernehmung um 11.10 Uhr geschlossen wurde. Und es gibt die \u00fcblichen Unterschriften. Ich muss sagen, ich finde es bedeutend, dass Herr Reichel zwei Tatsache best\u00e4tigte. Erstens, am Tag von Josephs Tod war Daniel sehr aufgel\u00f6st, als er nach Hause zur\u00fcckkam. Zweitens, \u201adass er mit noch jemand anderem den kleinen Jungen aus dem Wasser geholt hat\u2019.\u201c<\/p>\n<p>Mit freundlichen Gr\u00fc\u00dfen<\/p>\n<p>Robert John Bennett<\/p>\n<p>Mauerkircherstrasse 68<\/p>\n<p>81925 Germany<\/p>\n<p>Telephone: +49.89.981.0208<\/p>\n","protected":false},"excerpt":{"rendered":"<p>Letter from Munich &#8211; the Joseph Affair \u2013 91 EINE DEUTSCHE FASSUNG STEHT WEITER UNTEN. http:\/\/www.joseph_affair.blogspot.com (It may take a few minutes to load this page, depending on internet connection speed.) 4 October 2002 Dear Mr. Graf, dear friends, Last week Helmut read out the following from the transcript of the police questioning of Juergen [&hellip;]<\/p>\n","protected":false},"author":167,"featured_media":0,"parent":0,"menu_order":0,"comment_status":"closed","ping_status":"closed","template":"","meta":{"footnotes":""},"class_list":["post-258","page","type-page","status-publish","hentry"],"_links":{"self":[{"href":"https:\/\/archive.blogs.harvard.edu\/munichletters\/wp-json\/wp\/v2\/pages\/258","targetHints":{"allow":["GET"]}}],"collection":[{"href":"https:\/\/archive.blogs.harvard.edu\/munichletters\/wp-json\/wp\/v2\/pages"}],"about":[{"href":"https:\/\/archive.blogs.harvard.edu\/munichletters\/wp-json\/wp\/v2\/types\/page"}],"author":[{"embeddable":true,"href":"https:\/\/archive.blogs.harvard.edu\/munichletters\/wp-json\/wp\/v2\/users\/167"}],"replies":[{"embeddable":true,"href":"https:\/\/archive.blogs.harvard.edu\/munichletters\/wp-json\/wp\/v2\/comments?post=258"}],"version-history":[{"count":0,"href":"https:\/\/archive.blogs.harvard.edu\/munichletters\/wp-json\/wp\/v2\/pages\/258\/revisions"}],"wp:attachment":[{"href":"https:\/\/archive.blogs.harvard.edu\/munichletters\/wp-json\/wp\/v2\/media?parent=258"}],"curies":[{"name":"wp","href":"https:\/\/api.w.org\/{rel}","templated":true}]}}