{"id":257,"date":"2006-06-09T06:13:30","date_gmt":"2006-06-09T10:13:30","guid":{"rendered":"http:\/\/blogs.law.harvard.edu\/munichletters\/letter-from-munich-090\/"},"modified":"2006-06-09T06:13:30","modified_gmt":"2006-06-09T10:13:30","slug":"letter-from-munich-090","status":"publish","type":"page","link":"https:\/\/archive.blogs.harvard.edu\/munichletters\/letter-from-munich-090\/","title":{"rendered":"Letter from Munich &#8211; 090"},"content":{"rendered":"<p><strong>Letter from Munich &#8211; the Joseph Affair \u2013 90<\/strong><\/p>\n<p>EINE DEUTSCHE FASSUNG STEHT WEITER UNTEN.<\/p>\n<p>http:\/\/www.joseph_affair.blogspot.com (It may take a few minutes to load this page, depending on internet connection speed.)<\/p>\n<p>27 September 2002 <\/p>\n<p>Dear Mr. Graf, dear friends,<\/p>\n<p>Last week Helmut said, \u201cIf all the allegations that Herr Reichel raised on behalf of Annerose and Daniel Steiner against the Kantelberg-Abdullas are true, then why couldn\u2019t Frau Steiner and Daniel raise these allegations themselves. Why did they need Herr Reichel to do it?\u201d<\/p>\n<p>Today he added, \u201cI\u2019ve found a two-page sworn statement from Daniel Steiner in the files. Contrary to what Herr Reichel said, Daniel signed both pages of the statement, and his mother, Annerose Steiner, signed the first page, which contains the longest part of the statement.\u201d<\/p>\n<p>No one said anything, and Helmut continued reading the transcript of the interrogation of Juergen Reichel.<\/p>\n<p>QUESTION: Who rents the apartment at Hertigswalder Strasse 22?<\/p>\n<p>ANSWER: We rent the apartment together, Annerose Steiner and I.<\/p>\n<p>QUESTION: How much was the rent at the time you moved into the apartment?<\/p>\n<p>ANSWER: The rent has been DM 809.60 since we moved in.<\/p>\n<p>QUESTION: So during the whole time that you\u2019ve been living there, there\u2019s been no increase or decrease in the rent?<\/p>\n<p>ANSWER: No, nothing of the kind.<\/p>\n<p>QUESTION: Do you have any other tips for the matter at hand?<\/p>\n<p>ANSWER: Yes, I\u2019d also like to say that yesterday the daughter of the Abdulla family, Diana Kantelberg, telephoned us. I answered the phone, and she asked me of she could speak with Daniel Steiner. I asked her why, but I got no answer. I didn\u2019t let her speak to my son. I ended the conversation, and as far as I know Daniel didn\u2019t call the Kantelbergs back. I don\u2019t have anything more to say in this matter, except we want to have some peace, finally, in Sebnitz.<\/p>\n<p>\u201cIn other words,\u201d said Helmut, \u201cHerr Reichel means, \u2018we just want to hush the whole thing up\u2019.\u201d<\/p>\n<p>Continued next week.<\/p>\n<p>Sincerely yours,<\/p>\n<p>Robert John Bennett<\/p>\n<p>Mauerkircherstrasse 68<\/p>\n<p>81925 Germany<\/p>\n<p>Telephone: +49.89.981.0208<\/p>\n<p>E-Mail: robert_john_bennett@hotmail.com<\/p>\n<p>&#8212;&#8212;&#8212;&#8212;&#8212;&#8212;&#8212;&#8212;&#8212;&#8212;&#8212;&#8212;&#8212;&#8212;&#8212;&#8212;&#8212;&#8212;&#8212;&#8212;&#8212;&#8212;&#8212;&#8212;&#8211;<\/p>\n<p>Since many recipients of this letter may read German more easily than they read English, the following is the author\u2019s own translation of the above letter. Please note that word-processing programs outside of German-speaking countries may not display all of the letters of the German alphabet correctly.<\/p>\n<p>Bitte vergessen Sie nicht, dass der Autor dieses Briefes Autodidakt ist, was die deutsche Sprache betrifft, und er wei\u00df, dass, wenn es um eine \u00dcbersetzung aus der deutschen Sprache ins Englische geht, viele Fehler hervortreten m\u00fcssen. Er hofft aber, man werde diese Fehler \u00fcbersehen, um hinter den Fehlern das sehen zu k\u00f6nnen, was in diesem Schreiben und in dieser Aff\u00e4re von zentraler Bedeutung ist.<\/p>\n<p>Alle Briefe aus M\u00fcnchen sind abrufbar:<\/p>\n<p>http:\/\/www.joseph_affair.blogspot.com (Es k\u00f6nnte eine Weile dauern, diese Seite zu laden; es kommt auf die Schnelligkeit der Internet-Verbindung an.)<\/p>\n<p>M\u00fcnchen, den 27. September 2002<\/p>\n<p>Sehr geehrter Herr Graf, sehr geehrte Freunde,<\/p>\n<p>Letzte Woche hat Helmut gesagt, \u201eWenn all die Beschuldigungen, die Herr Reichel im Namen von Annerose und Daniel Steiner gegen die Kantelberg-Abdullas erhoben hat, wahr sind, warum h\u00e4tten Frau Steiner und Daniel selbst diese Beschuldigungen erheben k\u00f6nnen? Warum brauchten sie es, dass Herr Reichel das tut?\u201c<\/p>\n<p>Heute f\u00fcgte er hinzu, \u201e\u00dcbrigens habe ich in den Akten eine zweiseitige Eidesstaatliche Erkl\u00e4rung von Daniel Steiner gefunden. Im Gegensatz dazu, was Herr Reichel sagte, wurden beide Seiten von Daniel Steiner unterschreiben, und die erste Seite, die l\u00e4ngste Seite, wurde auch von seine Mutter, Frau Annerose Steiner, unterschrieben.\u201c<\/p>\n<p>Da alle Anwesenden schwiegen, fuhr Helmut fort, das Protokoll der Vernehmung von J\u00fcrgen Reichel vorzulesen:<\/p>\n<p>FRAGE: Wer ist der Mieter der Wohnung Hertigswalder Str 22?<\/p>\n<p>ANTWORT: Wir sind gemeinsam Mieter dieser Wohnung, also die Annerose Steiner und ich.<\/p>\n<p>FRAGE: Wie hoch war die Miete zu dem Zeitpunkt, als Sie in die Wohnung eingezogen sind?<\/p>\n<p>ANTWORT: Die Miete betr\u00e4gt nach wie vor, also vom Tag des Einzuges bis gegenw\u00e4rtig, 809,60 DM.<\/p>\n<p>FRAGE: Es gab also w\u00e4hrend der Zeit, in der Sie hier wohnen weder eine Mietminderung noch eine Mieterh\u00f6hung?<\/p>\n<p>ANTWORT: Nein, nichts dergleichen.<\/p>\n<p>FRAGE: Haben Sie weitere Hinweise zu diesem Sachverhalt?<\/p>\n<p>ANTWORT: Ja, ich m\u00f6chte noch bemerken, dass gestern die Tochter der Familie Abdulla, die Diana Kantelberg, bei uns angerufen hat. Ich habe den H\u00f6rer abgenommen und sie fragte mich, ob sie den Daniel Steiner mal sprechen kann. Ich fragte nach dem Grund, darauf habe ich keine Antwort erhalten. Ich habe die Diana nicht mit meinem Sohn verbunden. Ich habe das Gespr\u00e4ch beendet und soviel ich wei\u00df, hat der Daniel Steiner die Kantelbergs auch nicht zur\u00fcckgerufen. Weiteres kann ich zu diesem Sachverhalt nicht sagen, au\u00dfer, dass wir nun endlich unsere Ruhe haben wollen in Sebnitz.<\/p>\n<p>\u201eAnders gesagt,\u201c bemerkte Helmut, \u201emeinte Herr Reichel, \u201awir wollen die ganze Sache einfach vertuschen\u2019.\u201c<\/p>\n<p>Fortsetzung n\u00e4chste Woche.<\/p>\n<p>Mit freundlichen Gr\u00fc\u00dfen<\/p>\n<p>Robert John Bennett<\/p>\n","protected":false},"excerpt":{"rendered":"<p>Letter from Munich &#8211; the Joseph Affair \u2013 90 EINE DEUTSCHE FASSUNG STEHT WEITER UNTEN. http:\/\/www.joseph_affair.blogspot.com (It may take a few minutes to load this page, depending on internet connection speed.) 27 September 2002 Dear Mr. Graf, dear friends, Last week Helmut said, \u201cIf all the allegations that Herr Reichel raised on behalf of Annerose [&hellip;]<\/p>\n","protected":false},"author":167,"featured_media":0,"parent":0,"menu_order":0,"comment_status":"closed","ping_status":"closed","template":"","meta":{"footnotes":""},"class_list":["post-257","page","type-page","status-publish","hentry"],"_links":{"self":[{"href":"https:\/\/archive.blogs.harvard.edu\/munichletters\/wp-json\/wp\/v2\/pages\/257","targetHints":{"allow":["GET"]}}],"collection":[{"href":"https:\/\/archive.blogs.harvard.edu\/munichletters\/wp-json\/wp\/v2\/pages"}],"about":[{"href":"https:\/\/archive.blogs.harvard.edu\/munichletters\/wp-json\/wp\/v2\/types\/page"}],"author":[{"embeddable":true,"href":"https:\/\/archive.blogs.harvard.edu\/munichletters\/wp-json\/wp\/v2\/users\/167"}],"replies":[{"embeddable":true,"href":"https:\/\/archive.blogs.harvard.edu\/munichletters\/wp-json\/wp\/v2\/comments?post=257"}],"version-history":[{"count":0,"href":"https:\/\/archive.blogs.harvard.edu\/munichletters\/wp-json\/wp\/v2\/pages\/257\/revisions"}],"wp:attachment":[{"href":"https:\/\/archive.blogs.harvard.edu\/munichletters\/wp-json\/wp\/v2\/media?parent=257"}],"curies":[{"name":"wp","href":"https:\/\/api.w.org\/{rel}","templated":true}]}}