{"id":248,"date":"2006-06-09T05:41:38","date_gmt":"2006-06-09T09:41:38","guid":{"rendered":"http:\/\/blogs.law.harvard.edu\/munichletters\/letter-from-munich-082\/"},"modified":"2006-06-09T05:41:38","modified_gmt":"2006-06-09T09:41:38","slug":"letter-from-munich-082","status":"publish","type":"page","link":"https:\/\/archive.blogs.harvard.edu\/munichletters\/letter-from-munich-082\/","title":{"rendered":"Letter from Munich &#8211; 082"},"content":{"rendered":"<p><strong>Letter from Munich &#8211; the Joseph Affair \u2013 82<\/strong><\/p>\n<p>EINE DEUTSCHE FASSUNG STEHT WEITER UNTEN.<\/p>\n<p>http:\/\/www.joseph_affair.blogspot.com (It may take a few minutes to load this page, depending on internet connection speed.)<\/p>\n<p>2 August 2002 <\/p>\n<p>Dear Mr. Graf, dear friends,<\/p>\n<p>This week an acquaintance named Gerhard wanted to read out another sworn statement, as follows:<\/p>\n<p>Sebitz, 13 February 2000. I, Annerose Steiner, born on 13 August 1951, residing at Hertigswalderstrasse 22, in 01855 Sebnitz, understand the legal meaning of a sworn statement, especially the legal penalties consequent upon making a false sworn statement; I also understand that the following statement of mine is meant to be presented before a court.<\/p>\n<p>I, Annerose Steiner, witnessed the way my son Daniel, utterly beside himself, practically at the point of collapse, returned from the Dr. Petzhold Swimming Pool on 13 June 1997. He told me that he had seen Joseph being forced under the water by a group of young people, one after the other. It was in no way a game. Joseph couldn\u2019t defend himself. He and another boy about sixteen years old pulled Joseph, no longer alive, from the bottom of the pool. Everyone else stood around doing nothing.<\/p>\n<p>In the questioning today, he had no desire to speak about what happened, because the whole thing has put such a strain on him.<\/p>\n<p>He told me that an employee of Herr Pruefer was also at the swimming pool. She was fat and had a noticeably red, swollen face. She lives on Schandauerstrasse.<\/p>\n<p>I, Annerose Steiner, have very often, practically every day since the \u201coccurrence,\u201d seen Herr Pruefer drinking beer together with Ronny Kunte\u2019s mother at a table in the Kastanie, a bar on Schandauerstrasse.<\/p>\n<p>I, Annerose Steiner, have read the above statement in the presence of Dr. Renate Kantelberg-Abdulla, Dr. Saad Abdulla, and Diana Abdulla and I confirm this statement under oath.<\/p>\n<p>Signed on Sunday, 13 February 2000. (Signed) Annerose Steiner, residing at Hertigswalderstrasse 22 in 01855 Sebnitz.<\/p>\n<p>\u201cWhy would a woman make such a statement,\u201d Gerhard asked us, \u201cif it weren\u2019t true?\u201d<\/p>\n<p>No one answered.<\/p>\n<p>Sincerely yours,<\/p>\n<p>Robert John Bennett<\/p>\n<p>Mauerkircherstrasse 68<\/p>\n<p>81925 Germany<\/p>\n<p>Telephone: +49.89.981.0208<\/p>\n<p>E-Mail: rjbennett@post.harvard.edu<\/p>\n<p>E-Mail Saad and Renate Kantelberg-Abdulla: majoskantelberg@t-online.de<\/p>\n<p>&#8212;&#8212;&#8212;&#8212;&#8212;&#8212;&#8212;&#8212;&#8212;&#8212;&#8212;&#8212;&#8212;&#8212;&#8212;&#8212;&#8212;&#8212;&#8212;&#8212;&#8212;&#8212;&#8212;&#8212;&#8212;&#8212;<\/p>\n<p>Since many recipients of this letter may read German more easily than they read English, the following is the author\u2019s own translation of the above letter. Please note that word-processing programs outside of German-speaking countries may not display all of the letters of the German alphabet correctly.<\/p>\n<p>Bitte vergessen Sie nicht, dass der Autor dieses Briefes Autodidakt ist, was die deutsche Sprache betrifft, und er wei\u00df, dass, wenn es um eine \u00dcbersetzung aus der deutschen Sprache ins Englische geht, viele Fehler hervortreten m\u00fcssen. Er hofft aber, man werde diese Fehler \u00fcbersehen, um hinter den Fehlern das sehen zu k\u00f6nnen, was in diesem Schreiben und in dieser Aff\u00e4re von zentraler Bedeutung ist.<\/p>\n<p>Alle Briefe aus M\u00fcnchen sind abrufbar:<\/p>\n<p>http:\/\/www.joseph_affair.blogspot.com (Es k\u00f6nnte eine Weile dauern, diese Seite zu laden; es kommt auf die Schnelligkeit der Internet-Verbindung an.)<\/p>\n<p>M\u00fcnchen, den 2. August 2002<\/p>\n<p>Sehr geehrter Herr Graf, sehr geehrte Freunde,<\/p>\n<p>diese Woche wollte Gerhard, ein Bekannter, noch eine Eidesstattliche Versicherung vorlesen, wie folgt:<\/p>\n<p>Sebnitz, den 13.02.2000. Mir, Annerose Steiner, geboren am 13.08.1951, wohnhaft Hertigswalderstra\u00dfe 22, in 01855 Sebnitz, sind die rechtliche Bedeutung einer eidesstattlichen Versicherung, insbesondere die strafrechtlichen Folgen einer falschen eidesstattlichen Versicherung sowie die Tatsache bekannt, dass meine nachfolgende eidesstattliche Versicherung zur Vorlage beim Gericht bestimmt ist.<\/p>\n<p>Ich, Annerose Steiner, habe miterlebt, wie mein Sohn Daniel am 13.06.1997, v\u00f6llig aufgel\u00f6st, total am Ende seiner Nerven aus dem Dr. Petzhold Schwimmbad kam. Er erz\u00e4hlte mir, dass er gesehen habe, wie Joseph von mehreren Jugendlichen nacheinander untergetaucht worden ist. Die geschah auf keinen Fall spielerisch. Joseph konnte sich nicht wehren. Er habe Joseph zusammen mit einem ungef\u00e4hr 16-j\u00e4hrigen Jungen vom Boden des Beckens leblos heraus gefischt. Alle anderen standen nur tatenlos herum.<\/p>\n<p>Bei seiner heutigen Vernehmung wollte er sich bez\u00fcglich des Vorganges des Untertauchens nicht \u00e4u\u00dfern, da ihn das Ganze sehr belastet.<\/p>\n<p>Er erz\u00e4hlte mir, dass eine Angestellte von Herrn Pr\u00fcfer auch im Schwimmbad gewesen sei. Sie war dick und hatte ein auffallend aufgeschwommenes, dickes, rose Gesicht. Sie wohnt auf der Schandauer Stra\u00dfe.<\/p>\n<p>Ich, Annerose Steiner, habe Herrn Pr\u00fcfer zusammen mit Frau Kunte, der Mutter von Ronny Kunte nach dem \u201eGeschehen\u201c sehr oft, so gut wie jeden Tag in der Kastanie, einer Bierstube auf der Schandauer Stra\u00dfe zusammen an einem Tisch Bier trinken sehen.<\/p>\n<p>Ich, Annerose Steiner, habe obige Aussage in Anwesenheit von Frau Dr. Renate Kantelberg-Abdulla, Dr. Saad Abdulla, Diana Abdulla gelesen und best\u00e4tige diese eidesstattlich.<\/p>\n<p>Unterschrieben, am Sonntag, den 13.02.2000. Gezeichnet, Annerose Steiner, wohnhaft Hertigswalderstra\u00dfe 22 in 01855 Sebnitz.<\/p>\n<p>\u201eWarum,\u201c fragte uns Gerhard, \u201ewurde eine Frau so eine Aussage machen, wenn diese Aussage nicht der Wahrheit entsprach.\u201c<\/p>\n<p>Niemand antwortete.<\/p>\n<p>Mit freundlichen Gr\u00fc\u00dfen<\/p>\n<p>Robert John Bennett<\/p>\n<p>Mauerkircherstrasse 68<\/p>\n<p>81925 Germany<\/p>\n<p>Telephone: +49.89.981.0208<\/p>\n<p>E-Mail: rjbennett@post.harvard.edu<\/p>\n<p>E-Mail an Herrn und Frau Dr. Kantelberg-Abdulla: majoskantelberg@t-online.de<\/p>\n","protected":false},"excerpt":{"rendered":"<p>Letter from Munich &#8211; the Joseph Affair \u2013 82 EINE DEUTSCHE FASSUNG STEHT WEITER UNTEN. http:\/\/www.joseph_affair.blogspot.com (It may take a few minutes to load this page, depending on internet connection speed.) 2 August 2002 Dear Mr. Graf, dear friends, This week an acquaintance named Gerhard wanted to read out another sworn statement, as follows: Sebitz, [&hellip;]<\/p>\n","protected":false},"author":167,"featured_media":0,"parent":0,"menu_order":0,"comment_status":"closed","ping_status":"closed","template":"","meta":{"footnotes":""},"class_list":["post-248","page","type-page","status-publish","hentry"],"_links":{"self":[{"href":"https:\/\/archive.blogs.harvard.edu\/munichletters\/wp-json\/wp\/v2\/pages\/248","targetHints":{"allow":["GET"]}}],"collection":[{"href":"https:\/\/archive.blogs.harvard.edu\/munichletters\/wp-json\/wp\/v2\/pages"}],"about":[{"href":"https:\/\/archive.blogs.harvard.edu\/munichletters\/wp-json\/wp\/v2\/types\/page"}],"author":[{"embeddable":true,"href":"https:\/\/archive.blogs.harvard.edu\/munichletters\/wp-json\/wp\/v2\/users\/167"}],"replies":[{"embeddable":true,"href":"https:\/\/archive.blogs.harvard.edu\/munichletters\/wp-json\/wp\/v2\/comments?post=248"}],"version-history":[{"count":0,"href":"https:\/\/archive.blogs.harvard.edu\/munichletters\/wp-json\/wp\/v2\/pages\/248\/revisions"}],"wp:attachment":[{"href":"https:\/\/archive.blogs.harvard.edu\/munichletters\/wp-json\/wp\/v2\/media?parent=248"}],"curies":[{"name":"wp","href":"https:\/\/api.w.org\/{rel}","templated":true}]}}