{"id":241,"date":"2006-06-08T05:32:25","date_gmt":"2006-06-08T09:32:25","guid":{"rendered":"http:\/\/blogs.law.harvard.edu\/munichletters\/letter-from-munich-076\/"},"modified":"2006-06-08T05:32:25","modified_gmt":"2006-06-08T09:32:25","slug":"letter-from-munich-076","status":"publish","type":"page","link":"https:\/\/archive.blogs.harvard.edu\/munichletters\/letter-from-munich-076\/","title":{"rendered":"Letter from Munich &#8211; 076"},"content":{"rendered":"<p><strong>Letter from Munich &#8211; the Joseph Affair \u2013 76<\/strong><\/p>\n<p>EINE DEUTSCHE FASSUNG STEHT WEITER UNTEN.<\/p>\n<p>http:\/\/www.joseph_affair.blogspot.com (It may take a few minutes to load this page, depending on internet connection speed.)<\/p>\n<p>21 June 2002 <\/p>\n<p>Dear Mr. Graf, dear friends,<\/p>\n<p>Last week Francesca read to us a portion of the transcript of another judicial interrogation in the matter of the investigation into the death of the child Joseph Abdulla. The witness was a young boy from Sebnitz, Daniel Steiner. The transcript has the Dresden district court file number 270 Gs 3141\/00 414 Js 53329\/00; the interrogation was carried out on 21 November 2000, at ten o\u2019clock in the morning.<\/p>\n<p>Francesca continued with the reading from the point where she had ended last week:<\/p>\n<p>In response to a question about why he didn\u2019t want to remember now: \u201cThose guys are strange somehow. Maik Hauke has more connections somehow and that\u2019s why I\u2019m more afraid of him.\u201d<\/p>\n<p>In response to a question about whether the witness had gone away again, when Joseph was thrown into the pool: \u201cI went back to my place again. Then Antonio came and said that someone was lying there and I thought that it has to be Joseph now. From the time I went from the pool to the place where I\u2019d been lying until Antonio came, about three minutes went by.\u201d<\/p>\n<p>In response to a question from the district attorney as to how many people were at the pool at that time: \u201cYou couldn\u2019t say it was completely full.\u201d<\/p>\n<p>In response to a question about whether other people were in the deep pool: \u201cAt the pool there were still people who had swum their laps and were standing at the edge of the pool. Those people were laughing. Those who were swimming in the pool didn\u2019t do anything. Those were adults.\u201d<\/p>\n<p>In response to a question by the district attorney as to whether there was a swimming pool attendant in the area: \u201cThe swimming pool attendant was in the pool cabin. I saw her look out from the cabin in that direction and then turn around and act as if nothing was happening. She saw that Joseph was being \u2018worked over\u2019 at the fence by Sandro Richter and Maik Hauke.\u201d<\/p>\n<p>In response to a question about whether things like that had happened to Joseph before: \u201cNot at all.\u201d<\/p>\n<p>In response to a question from the district attorney about whether he could answer the question, \u2018Why Joseph?\u2019: \u201cSure, because he was a foreigner. It isn\u2019t obvious that Joseph was a foreigner. They had his father in mind.\u201d<\/p>\n<p>In response to a question about where the three went, when Joseph was recovered (from the water): \u201cThey beat it, went away. Normally, so that it wouldn\u2019t look unusual.\u201d<\/p>\n<p>In response to a question about whether they had sneaked away: \u201cYes, you could say that.\u201d<\/p>\n<p>Francesca said to us, \u201cI think it would be a good idea to stop at this point, because the next few questions and answers seem to me to be somewhat irrelevant. I\u2019ll read them to you next week, though.\u201d<\/p>\n<p>I was again practically in a state of shock, and I said I couldn\u2019t believe that honest and upright people like Sandro Richter, Maik Hauke and the others could do such a thing.<\/p>\n<p>Francesca stared at me for a moment. \u201cYou\u2019re not brain-dead by any chance,\u201d she said, \u201cor are you?\u201d<\/p>\n<p>Sincerely yours,<\/p>\n<p>Robert John Bennett<\/p>\n<p>Mauerkircherstrasse 68<\/p>\n<p>81925 Germany<\/p>\n<p>Telephone: +49.89.981.0208<\/p>\n<p>E-Mail: rjbennett@post.harvard.edu<\/p>\n<p>E-Mail Saad and Renate Kantelberg-Abdulla: majoskantelberg@t-online.de<\/p>\n<p>Website: http:\/\/www.joseph_affair.blogspot.com (Es k\u00f6nnte eine Weile dauern, diese Seite zu laden; es kommt auf die Schnelligkeit der Internet-Verbindung an.)<\/p>\n<p>&#8212;&#8212;&#8212;&#8212;&#8212;&#8212;&#8212;&#8212;&#8212;&#8212;&#8212;&#8212;&#8212;&#8212;&#8212;&#8212;&#8212;&#8212;&#8212;&#8212;&#8212;&#8212;&#8212;&#8212;&#8212;&#8212;&#8212;&#8212;&#8212;&#8212;&#8212;&#8212;&#8212;&#8212;-<\/p>\n<p>Since many recipients of this letter may read German more easily than they read English, the following is the author\u2019s own translation of the above letter. Please note that word-processing programs outside of German-speaking countries may not display all of the letters of the German alphabet correctly.<\/p>\n<p>Bitte vergessen Sie nicht, dass der Autor dieses Briefes Autodidakt ist, was die deutsche Sprache betrifft, und er wei\u00df, dass, wenn es um eine \u00dcbersetzung aus der deutschen Sprache ins Englische geht, viele Fehler hervortreten m\u00fcssen. Er hofft aber, man werde diese Fehler \u00fcbersehen, um hinter den Fehlern das sehen zu k\u00f6nnen, was in diesem Schreiben und in dieser Aff\u00e4re von zentraler Bedeutung ist.<\/p>\n<p>Alle Briefe aus M\u00fcnchen sind abrufbar:<\/p>\n<p>http:\/\/www.joseph_affair.blogspot.com<\/p>\n<p>M\u00fcnchen, den 21. Juni 2002<\/p>\n<p>Sehr geehrter Herr Graf, sehr geehrte Freunde,<\/p>\n<p>Francesca hat letzte Woche einen Teil eines Protokolls uns vorzulesen. Es war das Protokoll noch einer richterlichen Zeugenvernehmung in der Todesermittlugnssache des Kindes Joseph Abdulla, Gesch\u00e4ftszeichen des Amtsgerichts Dresden: 270 Gs 3141\/00 414 Js 53329\/00, am 21.11.2000 um 10.00 Uhr durchgef\u00fchrt.<\/p>\n<p>Sie fuhr mit dem Vorlesen fort, wo sie letzte Woche aufgeh\u00f6rt hat:<\/p>\n<p>Auf Frage, warum er sich jetzt nicht erinnern wollte: Das sind irgendwie komische Kunden. Maik Hauke hat irgendwie mehr Beziehungen und deswegen habe ich vor dem mehr Angst.<\/p>\n<p>Auf Frage StA, ob sich der Zeuge wieder entfernt hat, als der Joseph ins Beck geworfen wurde: Ich bin dann wieder zu meinem Platz gelaufen. Dann kam der Antonio an und sagte, da liegt jemand und ich dachte, das ist bestimmt jetzt der Joseph. Als ich vom Becken an meinen Liegeplatz gelaufen bin und bis der Antonio kam hat es ca. zwei bis drei Minuten gedauert.<\/p>\n<p>Auf Frage StA, wieviele Leute zu dieser Zeit in dem Bad waren: Ganz voll kann man nicht sagen.<\/p>\n<p>Auf Frage, ob noch andere Leute in dem tiefen Becken waren: Im Becken waren noch Leute, die ihre Bahnen geschwommen haben and am Beckenrand standen, welche, die gelacht haben. Die im Becken schwammen haben gar nichts gemacht. Das waren Erwachsene Leute.<\/p>\n<p>Auf Frage StA, ob sich in dem Bereich ein Bademeister aufhielt: Die Bademeisterin war in dem Badeh\u00e4uschen. Ich habe gesehen, dass die Bademeisterin aus dem H\u00e4uschen dorthin gesehen hat und hat sich dann wieder rumgedreht und so getan, als w\u00e4re nichts. Sie hat gesehen, dass der Joseph von Sandro Richter und Maik Hauke am Zaun \u201ebearbeitet\u201c wurde.<\/p>\n<p>Auf Frage des StA, ob es schon vorher solche Sachen gegen den Joseph gegeben hat: \u00dcberhaupt nicht.<\/p>\n<p>Auf Frage des StA, ob er wei\u00df, warum gerade der Joseph: Bestimmt, weil es ein Ausl\u00e4nder war. Es ist nicht offensichtlich, dass der Joseph ein Ausl\u00e4nder war. Die haben ja auch den Vater gesehen.<\/p>\n<p>Auf die Frage, wo die drei hin sind, als der Joseph gebor(g)en war: Die sind abgehauen, gegangen. Normal, so dass es nicht auff\u00e4llt.<\/p>\n<p>Auf Frage, ob sie rausgeschlichen sind: Ja, das kann man so sagen.<\/p>\n<p>Francesca sagte uns, \u201eIch glaube, es w\u00e4re eine gute Idee hier aufzuh\u00f6ren, weil die n\u00e4chsten paar Fragen und Antworten mir etwas irrelevant zu sein scheinen. Die werde ich aber n\u00e4chste Woche vorlesen.\u201c<\/p>\n<p>Ich blieb fast schockiert und sagte, dass ich nicht glauben konnte, dass anst\u00e4ndige Menschen wie Sandro Richter, Maik Hauke und die anderen so etwas tun konnten.<\/p>\n<p>Francesca starrte mich einen Augenblick an. \u201eDu bist nicht vielleicht hirnlos,\u201c sagte sie mir, \u201eoder?\u201c<\/p>\n<p>Mit freundlichen Gr\u00fc\u00dfen<\/p>\n<p>Robert John Bennett<\/p>\n<p>Mauerkircherstrasse 68<\/p>\n<p>81925 Germany<\/p>\n<p>Telephone: +49.89.981.0208<\/p>\n<p>E-Mail: rjbennett@post.harvard.edu<\/p>\n<p>E-Mail an Herrn und Frau Dr. Kantelberg-Abdulla: majoskantelberg@t-online.de<\/p>\n<p>Webseite: http:\/\/www.joseph_affair.blogspot.com<\/p>\n","protected":false},"excerpt":{"rendered":"<p>Letter from Munich &#8211; the Joseph Affair \u2013 76 EINE DEUTSCHE FASSUNG STEHT WEITER UNTEN. http:\/\/www.joseph_affair.blogspot.com (It may take a few minutes to load this page, depending on internet connection speed.) 21 June 2002 Dear Mr. Graf, dear friends, Last week Francesca read to us a portion of the transcript of another judicial interrogation in [&hellip;]<\/p>\n","protected":false},"author":167,"featured_media":0,"parent":0,"menu_order":0,"comment_status":"closed","ping_status":"closed","template":"","meta":{"footnotes":""},"class_list":["post-241","page","type-page","status-publish","hentry"],"_links":{"self":[{"href":"https:\/\/archive.blogs.harvard.edu\/munichletters\/wp-json\/wp\/v2\/pages\/241","targetHints":{"allow":["GET"]}}],"collection":[{"href":"https:\/\/archive.blogs.harvard.edu\/munichletters\/wp-json\/wp\/v2\/pages"}],"about":[{"href":"https:\/\/archive.blogs.harvard.edu\/munichletters\/wp-json\/wp\/v2\/types\/page"}],"author":[{"embeddable":true,"href":"https:\/\/archive.blogs.harvard.edu\/munichletters\/wp-json\/wp\/v2\/users\/167"}],"replies":[{"embeddable":true,"href":"https:\/\/archive.blogs.harvard.edu\/munichletters\/wp-json\/wp\/v2\/comments?post=241"}],"version-history":[{"count":0,"href":"https:\/\/archive.blogs.harvard.edu\/munichletters\/wp-json\/wp\/v2\/pages\/241\/revisions"}],"wp:attachment":[{"href":"https:\/\/archive.blogs.harvard.edu\/munichletters\/wp-json\/wp\/v2\/media?parent=241"}],"curies":[{"name":"wp","href":"https:\/\/api.w.org\/{rel}","templated":true}]}}