{"id":239,"date":"2006-06-08T05:27:59","date_gmt":"2006-06-08T09:27:59","guid":{"rendered":"http:\/\/blogs.law.harvard.edu\/munichletters\/letter-from-munich-074\/"},"modified":"2006-06-08T05:27:59","modified_gmt":"2006-06-08T09:27:59","slug":"letter-from-munich-074","status":"publish","type":"page","link":"https:\/\/archive.blogs.harvard.edu\/munichletters\/letter-from-munich-074\/","title":{"rendered":"Letter from Munich &#8211; 074"},"content":{"rendered":"<p><strong>Letter from Munich &#8211; the Joseph Affair \u2013 74<\/strong><\/p>\n<p>EINE DEUTSCHE FASSUNG STEHT WEITER UNTEN.<\/p>\n<p>Copies of all Letters from Munich are available at:<\/p>\n<p>http:\/\/www.joseph_affair.blogspot.com (It may take a few minutes to load this page.)<\/p>\n<p>7 June 2002 <\/p>\n<p>Dear Mr. Graf, dear friends,<\/p>\n<p>Last week Francesca read to us a portion of the transcript of another judicial interrogation in the matter of the investigation into the death of the child Joseph Abdulla. The witness was a young boy from Sebnitz, Daniel Steiner. The transcript has the Dresden district court file number 270 Gs 3141\/00 414 Js 53329\/00; the interrogation was carried out on 21 November 2000, at ten o\u2019clock in the morning.<\/p>\n<p>Francesca continued with the reading from where she ended last week:<\/p>\n<p>The questioning session was interrupted from 10:50 to 10:55 a.m.<\/p>\n<p>In response to a question from the district attorney, the witness answered: \u201cThe family hoped that I could help them some more.<\/p>\n<p>\u201cShe (Frau Kantelberg) said, \u2018Now just talk. You know something.\u2019 She was all excited and spoke kind of loud.\u201d<\/p>\n<p>In response to a question as to whether he felt intimidated by all that: \u201cEven my mother said then, \u2018Now just say it.\u2019 She and Frau Kantelberg understood each other. They still do.\u201d<\/p>\n<p>In response to a question from the district attorney, about whether that was the first time he had been spoken to: \u201cThey were at our place at least six or seven times. That began last year. I said that I had told that to Frau Kantelberg a million times. My stepfather said, \u2018You have to go through with it.\u2019<\/p>\n<p>In response to a question about what he had told Frau Kantelberg: \u201cThat\u2019s in the sworn statement. It was only a repetition, again and again, of what\u2019s in the statement.\u201d<\/p>\n<p>In response to a question about how it was recorded: \u201cDiana wrote it and I was at Frau Kantelberg\u2019s apartment about three times. Diana wrote it on the computer. Once it took four hours.<\/p>\n<p>In response to a question from the district attorney, about whether he was asked questions or whether he was allowed to tell his story: \u201cFrau Kantelberg always asked me questions, and then Diana now and again asked me a question.\u201d<\/p>\n<p>In response to a question about whether they already had direct knowledge of things, for example whether something had been poured into (Joseph\u2019s drink): \u201cYes, they knew all that from the other statements. They didn\u2019t emphasize it. They just asked which people were there.\u201d<\/p>\n<p>In response to the district attorney\u2019s question about it not being an accident, according to the way he presented it: \u201cYes.\u201d<\/p>\n<p>In response to a question about whether he was moved (by what had happened) and whether he hadn\u2019t thought about confiding in someone, his mother, for example: \u201cI couldn\u2019t really do that. My best friend hangs around with this guy and this guy with that one and it goes on and on. I was afraid that something would happen to me, something from the right-wing scene. I didn\u2019t tell my mother that, not so exactly. I just said that a person had died and someone was killed.\u201d<\/p>\n<p>In response to the question about when he had told his mother that: \u201cIt wasn\u2019t right afterwards. It was later. It was the same year, though, in the fall.\u201d<\/p>\n<p>In response to a follow-up question about the fact that his mother had said he was distraught when he came back from the swimming pool and about what he said to her that day: \u201cNo, and I don\u2019t know either what was the matter with my mother. We were at home and Frau Kantelberg asked my mother what was going on, and my mother said to Frau Kantelberg that I knew everything. But I hadn\u2019t told my mother that at all in such detail.\u201d<\/p>\n<p>In response to a question: \u201cI had told my mother that a boy was killed. At that moment, when I came from the swimming pool, I still just couldn\u2019t really comprehend it.\u201d<\/p>\n<p>\u201cCan all that really be true?\u201d I said to Francesca. \u201cHow is it possible that a crime like that could be committed, in Germany of all places, a country based on the rule of law, and the criminals get away with it?\u201d<\/p>\n<p>Francesca smiled, and her smile was bitter. \u201cGermany?\u201d she said. \u201cBased on the rule of law? Are you really so sure that\u2019s the case? And even if it is true, no country in the world based on the rule of law functions perfectly. You can\u2019t really believe it does. Or if you do believe it, then you\u2019re really na\u00efve. You\u2019re simply kidding yourself if you can listen to the statement by that boy, Daniel Steiner, and still believe that the Dresden district attorney and the Sebnitz police investigated the case impartially. There is a stench of right-wing corruption. Did you see the program \u2018Panorama\u2019 on German public television yesterday evening, where they reported about the right-wing extremist members in the two main opposition parties in the Bundestag, the CDU\/CSU? God help Germany, because it is just these two parties that are favored to win the national elections in September.\u201d<\/p>\n<p>I didn\u2019t know what to say.<\/p>\n<p>Continued next week.<\/p>\n<p>Sincerely yours,<\/p>\n<p>Robert John Bennett<\/p>\n<p>Mauerkircherstrasse 68<\/p>\n<p>81925 Germany<\/p>\n<p>Telephone: +49.89.981.0208<\/p>\n<p>E-Mail: rjbennett@post.harvard.edu<\/p>\n<p>E-Mail Saad and Renate Kantelberg-Abdulla: majoskantelberg@t-online.de<\/p>\n<p>Website: http:\/\/www.joseph_affair.blogspot.com<\/p>\n<p>&#8212;&#8212;&#8212;&#8212;&#8212;&#8212;&#8212;&#8212;&#8212;&#8212;&#8212;&#8212;&#8212;&#8212;&#8212;&#8212;&#8212;&#8212;&#8212;&#8212;&#8212;&#8212;&#8212;&#8212;-<\/p>\n<p>Since many recipients of this letter may read German more easily than they read English, the following is the author\u2019s own translation of the above letter. Please note that word-processing programs outside of German-speaking countries may not display all of the letters of the German alphabet correctly.<\/p>\n<p>Bitte vergessen Sie nicht, dass der Autor dieses Briefes Autodidakt ist, was die deutsche Sprache betrifft, und er wei\u00df, dass, wenn es um eine \u00dcbersetzung aus der deutschen Sprache ins Englische geht, viele Fehler hervortreten m\u00fcssen. Er hofft aber, man werde diese Fehler \u00fcbersehen, um hinter den Fehlern das sehen zu k\u00f6nnen, was in diesem Schreiben und in dieser Aff\u00e4re von zentraler Bedeutung ist.<\/p>\n<p>Alle Briefe aus M\u00fcnchen sind abrufbar:<\/p>\n<p>http:\/\/www.joseph_affair.blogspot.com (Es k\u00f6nnte eine Weile dauern, diese Seite zu laden.)<\/p>\n<p>M\u00fcnchen, den 7. Juni 2002<\/p>\n<p>Sehr geehrter Herr Graf, sehr geehrte Freunde,<\/p>\n<p>Francesca hat letzte Woche einen Teil eines Protokolls uns vorzulesen. Es war das Protokoll noch einer richterlichen Zeugenvernehmung in der Todesermittlugnssache des Kindes Joseph Abdulla, Gesch\u00e4ftszeichen des Amtsgerichts Dresden: 270 Gs 3141\/00 414 Js 53329\/00, am 21.11.2000 um 10.00 Uhr durchgef\u00fchrt.<\/p>\n<p>Sie fuhr mit dem Vorlesen fort, wo sie letzte Woche aufgeh\u00f6rt hat:<\/p>\n<p>Die Sitzung wurde von 10.50 Uhr bis 10.55 Uhr unterbrochen.<\/p>\n<p>Auf Frage StA: Die Familie hat es erhofft, dass ich ihnen weiterhelfen kann.<\/p>\n<p>Sie sagte, nun rede doch einmal. Du wei\u00df doch was. Das sagte sie energisch und etwas lauter.<\/p>\n<p>Auf Frage, ob er sich davon hat einsch\u00fcchtern lassen: Meine Mutter hat dann auch gesagt, nun sag doch nun mal. Die hat sich mit Frau Kantelberg verstanden. Sie verstehen sich auch jetzt noch.<\/p>\n<p>Auf Frage StA: ob das das erste Mal, dass er angesprochen wurde: Sie waren mindestens sechs bis sieben Mal bei uns. Das hat letztes Jahr angefangen. Ich sagte, dass ich das schon zigmal der Frau Kantelberg erz\u00e4hlt hatte. Mein Stiefvater sagte, da musst du jetzt durch.<\/p>\n<p>Auf Frage, was er Frau Kantelberg erz\u00e4hlt hat: Das was in der eidesstattlichen Versicherung steht. Das war nur immer wieder eine inhaltliche Wiederholung.<\/p>\n<p>Auf Frage, wie es aufgenommen wurde: Die Diana hat das geschrieben und bei Frau Kantelberg im Haus war ich auch ca. dreimal in der Wohnung, da hat die Diana das mit dem Computer mitgeschrieben. Einmal war es vier Stunden lang.<\/p>\n<p>Auf Frage StA, ob man ihm Fragen gestellt hat oder ob man ihn hat erz\u00e4hlen lassen: Frau Kantelberg hat mich immer gefragt und Diana hat dann zwischendurch immer mal gefragt.<\/p>\n<p>Auf Frage, ob die auch schon direkte Sachen gewusst haben, z. B. dass etwas eingefl\u00f6st wurde: Ja, von den anderen Aussagen haben die das schon gewusst. Die haben das nicht so betont. Die haben nur gefragt, waren denn da welche dabei.<\/p>\n<p>Auf Frage StA, dass es nach seiner Darstellung kein Ungl\u00fccksfall war: Ja.<\/p>\n<p>Auf Frage, ob es den Zeugen bewegt und ob er sich nicht \u00fcberlegt hat, sich jemanden anzuvertrauen, z. B. seiner Mutter: Das konnte ich nicht so richtig. Mein bester Freund h\u00e4ngt mit dem zusammen und der mit dem und das geht dann immer weiter. Ich hatte Angst, dass etwas mit mir passiert mit der Rechten Szene. Meiner Mutter habe ich das nicht so genau gesagt. Ich sagte nur, dass einer gestorben ist und jemand umgebracht wurde.<\/p>\n<p>Auf Frage, wann er das seiner Mutter gesagt hat: Das war nicht unmittelbar danach. Das war sp\u00e4ter. Das war aber in dem selben Jahr noch, im Herbst.<\/p>\n<p>Auf Vorhalt, dass seine Mutter gesagt h\u00e4tte, dass er aufgel\u00f6st aus dem Schwimmbad gekommen w\u00e4re und was er ihr an diesem Tag erz\u00e4hlt hat: Nein, ich wei\u00df auch nicht, was da mit meiner Mutter los war. Wir waren in dem Haus und Frau Kantelberg fragte meine Mutter, was los war und meine Mutter sagte zu Frau Kantelberg, dass ich alles genau mitbekommen h\u00e4tte. Ich hatte das aber meiner mutter gar nicht so genau erz\u00e4hlt.<\/p>\n<p>Auf Frage: Ich hatte meiner Mutter gesagt, dass ein Junge umgebracht wurde. Ich konnte das zu diesem Moment, als ich aus dem Schwimmbad kam, noch gar nicht so richtig fassen.<\/p>\n<p>\u201eKann all das wirklich wahr sein?\u201c fragte ich Francesca. \u201eWie ist es m\u00f6glich, dass so ein Verbrechen begangen werden kann, ausgerechnet in einem Rechtsstaat wie Deutschland, und die Verbrecher straffrei ausgehen k\u00f6nnen.\u201c<\/p>\n<p>Francesca l\u00e4chelte und ihr L\u00e4cheln war bitter. \u201eDeutschland?\u201c sagte sie. \u201eEin Rechtsstaat? Bist du dir ganz sicher, dass das der Fall ist? Und auch wenn Deutschland ein Rechtsstaat ist, kein Rechtsstaat auf dieser Welt funktioniert vollkommen. Das glaubst du doch selbst nicht, oder wenn du das glaubst, dann bist du wirklich naiv. Du t\u00e4uschst dich gr\u00fcndlich, wenn du diese Aussage von dem Junge Daniel Steiner h\u00f6rst und immer noch glauben kannst, dass die Dresdner Staatsanwaltschaft und die Polizei von Sebnitz diesen Fall unparteilich und ohne den Gestank von rechtsextremistischer Korruption untersucht haben. Hast du \u201aPanorama\u2019 gestern abend \u00fcber ARD gesehen, wo man \u00fcber die rechtsextremistischen Mitglieder der CDU\/CSU berichtete? Gott beh\u00fcte Deutschland, weil genau diese Parteien wahrscheinlich die Wahl im September gewinnen werden.\u201c<\/p>\n<p>Ich war sprachlos.<\/p>\n<p>Fortsetzung n\u00e4chste Woche. <\/p>\n<p>Mit freundlichen Gr\u00fc\u00dfen<\/p>\n<p>Robert John Bennett<\/p>\n<p>Mauerkircherstrasse 68<\/p>\n<p>81925 Germany<\/p>\n<p>Telephone: +49.89.981.0208<\/p>\n<p>E-Mail: rjbennett@post.harvard.edu<\/p>\n<p>E-Mail an Herrn und Frau Dr. Kantelberg-Abdulla: majoskantelberg@t-online.de<\/p>\n<p>Webseite: http:\/\/www.joseph_affair.blogspot.com<\/p>\n","protected":false},"excerpt":{"rendered":"<p>Letter from Munich &#8211; the Joseph Affair \u2013 74 EINE DEUTSCHE FASSUNG STEHT WEITER UNTEN. Copies of all Letters from Munich are available at: http:\/\/www.joseph_affair.blogspot.com (It may take a few minutes to load this page.) 7 June 2002 Dear Mr. Graf, dear friends, Last week Francesca read to us a portion of the transcript of [&hellip;]<\/p>\n","protected":false},"author":167,"featured_media":0,"parent":0,"menu_order":0,"comment_status":"closed","ping_status":"closed","template":"","meta":{"footnotes":""},"class_list":["post-239","page","type-page","status-publish","hentry"],"_links":{"self":[{"href":"https:\/\/archive.blogs.harvard.edu\/munichletters\/wp-json\/wp\/v2\/pages\/239","targetHints":{"allow":["GET"]}}],"collection":[{"href":"https:\/\/archive.blogs.harvard.edu\/munichletters\/wp-json\/wp\/v2\/pages"}],"about":[{"href":"https:\/\/archive.blogs.harvard.edu\/munichletters\/wp-json\/wp\/v2\/types\/page"}],"author":[{"embeddable":true,"href":"https:\/\/archive.blogs.harvard.edu\/munichletters\/wp-json\/wp\/v2\/users\/167"}],"replies":[{"embeddable":true,"href":"https:\/\/archive.blogs.harvard.edu\/munichletters\/wp-json\/wp\/v2\/comments?post=239"}],"version-history":[{"count":0,"href":"https:\/\/archive.blogs.harvard.edu\/munichletters\/wp-json\/wp\/v2\/pages\/239\/revisions"}],"wp:attachment":[{"href":"https:\/\/archive.blogs.harvard.edu\/munichletters\/wp-json\/wp\/v2\/media?parent=239"}],"curies":[{"name":"wp","href":"https:\/\/api.w.org\/{rel}","templated":true}]}}