{"id":236,"date":"2006-06-08T05:21:22","date_gmt":"2006-06-08T09:21:22","guid":{"rendered":"http:\/\/blogs.law.harvard.edu\/munichletters\/letter-from-munich-071\/"},"modified":"2006-06-08T05:21:22","modified_gmt":"2006-06-08T09:21:22","slug":"letter-from-munich-071","status":"publish","type":"page","link":"https:\/\/archive.blogs.harvard.edu\/munichletters\/letter-from-munich-071\/","title":{"rendered":"Letter from Munich &#8211; 071"},"content":{"rendered":"<p><strong>Letter from Munich &#8211; the Joseph Affair \u2013 71<\/strong><\/p>\n<p>EINE DEUTSCHE FASSUNG STEHT WEITER UNTEN.<\/p>\n<p>17 May 2002 <\/p>\n<p>Dear Mr. Graf, dear friends,<\/p>\n<p>Last week Francesca began to read to us the transcript of another judicial interrogation in the matter of the investigation into the death of the child Joseph Abdulla. The witness was a young boy from Sebnitz. The transcript has the Dresden district court file number 270 Gs 3141\/00 414 Js 53329\/00; the interrogation was carried out on 21 November 2000, at ten o\u2019clock in the morning.<\/p>\n<p>Francesca continued with the reading from where she left off last week:<\/p>\n<p>In response to a question: \u201cA boy, Joseph Abdulla, was killed there.<\/p>\n<p>\u201cJoseph was there with his sister Diana. She\u2019s older than Joseph. I didn\u2019t know her so well at that time. I got to know Diana only later.<\/p>\n<p>\u201cI saw Maik Hauke and Sandro Richter go to Joseph and say bad things to him. They said, \u2018Shit foreigner,\u2019 and things like that. Then they went away. Then Joseph and Diana went into the water in the small pool. Then they came out and went back to the place where they\u2019d been sitting. Diana, I think, went back into the water alone and then Maik Hauke and Sandro Richter came to where Joseph was and grabbed him and then \u2013 let\u2019s say \u2013 hit him.\u201d<\/p>\n<p>(Note: in the original, the questioner at this point asks the meaning of the German slang word for \u201cgrabbed\u201d that the witness had used.) To this follow-up question, the witness responded: \u201cIt means to take somebody by the arm against their will. He defended himself but you can\u2019t defend yourself against them. They outclassed him physically.<\/p>\n<p>\u201cThen they dragged him over to the snack bar. Ute Schneider was there too. Ute Schneider had gotten some Waldmeister (lemonade) at Thalheim\u2019s snack bar and put something in it.\u201d<\/p>\n<p>In response to a question as to whether he had seen that: \u201cOnly partly, partly. I was always looking over there, because you couldn\u2019t help notice it, then I looked away again.\u201d<\/p>\n<p>In response to the question as where she (Ute Schneider) had gotten it: \u201cI don\u2019t know. It was a long, little glass, like a test tube. That\u2019s what she poured into the Waldmeister lemonade.<\/p>\n<p>\u201cThen Maik Hauke and Sandro Richter held on to Joseph and forced his mouth open and Ute Schneider poured the Waldmeister lemonade into his mouth.<\/p>\n<p>\u201cThen he staggered a little. They let him go for a second and then dug their claws into him again. They then they took him with them and then they threw a towel over his head.<\/p>\n<p>\u201cHis whole body was already swaying. Then they dragged Joseph over to the deep water. After Joseph had swallowed the lemonade, he was clutching onto a fence with his hands. Sandro Richter and Maik Hauke stood on each side of him and bent his fingers open, so that he had to let go of the fence. Then they went to the water and then they threw Joseph into the deep water. Joseph had yelled, but I don\u2019t know what it was. They went to the pool and dropped Joseph in.<\/p>\n<p>\u201cJoseph couldn\u2019t swim. I heard that later from his family. I didn\u2019t know that when Joseph was thrown in.\u201d<\/p>\n<p>Continued next week.<\/p>\n<p>Sincerely yours,<\/p>\n<p>Robert John Bennett<\/p>\n<p>Mauerkircherstrasse 68<\/p>\n<p>81925 Germany<\/p>\n<p>Telephone: +49.89.981.0208<\/p>\n<p>E-Mail: rjbennett@post.harvard.edu<\/p>\n<p>E-Mail Saad and Renate Kantelberg-Abdulla: majoskantelberg@t-online.de<\/p>\n<p>&#8212;&#8212;&#8212;&#8212;&#8212;&#8212;&#8212;&#8212;&#8212;&#8212;&#8212;&#8212;&#8212;&#8212;&#8212;&#8212;&#8212;&#8212;&#8212;&#8212;&#8212;&#8212;&#8212;&#8212;&#8212;<\/p>\n<p>Since many recipients of this letter may read German more easily than they read English, the following is the author\u2019s own translation of the above letter. Please note that word-processing programs outside of German-speaking countries may not display all of the letters of the German alphabet correctly.<\/p>\n<p>Bitte vergessen Sie nicht, dass der Autor dieses Briefes Autodidakt ist, was die deutsche Sprache betrifft, und er wei\u00df, dass, wenn es um eine \u00dcbersetzung aus der deutschen Sprache ins Englische geht, viele Fehler hervortreten m\u00fcssen. Er hofft aber, man werde diese Fehler \u00fcbersehen, um hinter den Fehlern das sehen zu k\u00f6nnen, was in diesem Schreiben und in dieser Aff\u00e4re von zentraler Bedeutung ist.<\/p>\n<p>M\u00fcnchen, den 17. Mai 2002<\/p>\n<p>Sehr geehrter Herr Graf, sehr geehrte Freunde,<\/p>\n<p>Francesca hat letzte Woche angefangen ein Protokoll uns vorzulesen, ein Protokoll noch einer richterlichen Zeugenvernehmung in der Todesermittlugnssache des Kindes Joseph Abdulla, Gesch\u00e4ftszeichen des Amtsgerichts Dresden: 270 Gs 3141\/00 414 Js 53329\/00, am 21.11.2000 um 10.00 Uhr durchgef\u00fchrt.<\/p>\n<p>Sie fuhr mit dem Vorlesen fort, wo sie letzte Woche aufgeh\u00f6rt hat:<\/p>\n<p>Auf Frage: Da wurde ein Junge umgebracht, der Joseph Abdulla.<\/p>\n<p>Joseph war mit der Diana, seiner Schwester, dort. Die ist \u00e4lter als der Joseph. Ich kannte sie zu dem Zeitpunkt noch nicht so, Diana lernte ich erst sp\u00e4ter kennen.<\/p>\n<p>Ich habe gesehen, dass der Maik Hauke und der Sandro Richter sind zu dem Joseph hingegangen und ihn beleidigt haben. Sie sagten Schei\u00df Ausl\u00e4nder und so was. Dann sind sie wieder gegangen. Dann ist der Joseph und Diana ins kleine Becken ins Wasser gegangen. Dann sind sie wieder raus an ihren Platz und Diana ist, glaube ich, allein wieder in das Wasser rein und da kam der Maik Hauke und der Sandro Richter zu dem Platz vom Joseph und da haben die den angesackt, dann so geschlagen, sagen wir es so.<\/p>\n<p>Auf Nachfrage, was angesackt hei\u00dft: Gegen seinen Willen an den Armen genommen. Er hat sich gewehrt aber gegen die kann man sich nicht wehren. Die waren k\u00f6rperlich \u00fcberlegen.<\/p>\n<p>Da haben sie ihn zum Imbiss hingeschleppt. Da war die Ute Schneider auch mit. Die Ute Schneider hat Waldmeister am Thalheim Imbiss geholt und hat etwas rein getan.<\/p>\n<p>Auf Nachfrage, ob er das gesehen hat: Nur teils, teils. Ich habe immer hingeschaut, weil es auff\u00e4llig war, habe dann aber wieder weggeschaut.<\/p>\n<p>Auf Frage, wo sie das her hatte: Das wei\u00df ich nicht. Das war ein kleines langes Gl\u00e4sel, wie ein Reagenglas. Das hat sie in die Waldmeister-Limonade gesch\u00fcttet.<\/p>\n<p>Dann hat der Maik Hauke und der Sandro Richter den Joseph festgehalten und den Mund aufgedr\u00fcckt und die Ute Schneider hat ihm die Waldemeister-Limonade in den Mund gesch\u00fcttet.<\/p>\n<p>Dadurch hat er ein bisschen geschwankt. Die lie\u00dfen ihn ein St\u00fcckchen los und dann haben sie ihn wieder gekrallt. Dann haben sie den mitgenommen und dann haben sie ihm ein Badehandtuch \u00fcber den Kopf geworfen.<\/p>\n<p>Der ganze K\u00f6rper schwankte schon. Die schleppten den Joseph dann zum tiefen Wasser. Nachdem der Joseph die Limonade erhalten hatte, hat er sich an einem Zaum mit den H\u00e4nden festgekrallt. Der Sandro Richter und der Maik Hauke haben jeder auf einer Seite von Joseph gestanden und ihm die Finger aufgebogen, so dass er den Zaun loslassen musste. Dann sind sie zum Wasser gegangen und dann haben sie den Joseph ins tiefe Wasser geschmissen. Der Joseph hat geschrieen, aber ich wei\u00df nicht was. Sie sind an das Becken getreten und haben den Joseph reinfallen lassen.<\/p>\n<p>Der Joseph konnte nicht schwimmen. Das habe ich dann sp\u00e4ter geh\u00f6rt von der Familie. Ich wusste das zu dem Zeitpunkt, als der Joseph hineingeworfen wurde, nicht.<\/p>\n<p>Fortsetzung n\u00e4chste Woche.<\/p>\n<p>Mit freundlichen Gr\u00fc\u00dfen<\/p>\n<p>Robert John Bennett<\/p>\n<p>Mauerkircherstrasse 68<\/p>\n<p>81925 Germany<\/p>\n<p>Telephone: +49.89.981.0208<\/p>\n<p>E-Mail: rjbennett@post.harvard.edu<\/p>\n<p>E-Mail an Herrn und Frau Dr. Kantelberg-Abdulla: majoskantelberg@t-online.de<\/p>\n","protected":false},"excerpt":{"rendered":"<p>Letter from Munich &#8211; the Joseph Affair \u2013 71 EINE DEUTSCHE FASSUNG STEHT WEITER UNTEN. 17 May 2002 Dear Mr. Graf, dear friends, Last week Francesca began to read to us the transcript of another judicial interrogation in the matter of the investigation into the death of the child Joseph Abdulla. The witness was a [&hellip;]<\/p>\n","protected":false},"author":167,"featured_media":0,"parent":0,"menu_order":0,"comment_status":"closed","ping_status":"closed","template":"","meta":{"footnotes":""},"class_list":["post-236","page","type-page","status-publish","hentry"],"_links":{"self":[{"href":"https:\/\/archive.blogs.harvard.edu\/munichletters\/wp-json\/wp\/v2\/pages\/236","targetHints":{"allow":["GET"]}}],"collection":[{"href":"https:\/\/archive.blogs.harvard.edu\/munichletters\/wp-json\/wp\/v2\/pages"}],"about":[{"href":"https:\/\/archive.blogs.harvard.edu\/munichletters\/wp-json\/wp\/v2\/types\/page"}],"author":[{"embeddable":true,"href":"https:\/\/archive.blogs.harvard.edu\/munichletters\/wp-json\/wp\/v2\/users\/167"}],"replies":[{"embeddable":true,"href":"https:\/\/archive.blogs.harvard.edu\/munichletters\/wp-json\/wp\/v2\/comments?post=236"}],"version-history":[{"count":0,"href":"https:\/\/archive.blogs.harvard.edu\/munichletters\/wp-json\/wp\/v2\/pages\/236\/revisions"}],"wp:attachment":[{"href":"https:\/\/archive.blogs.harvard.edu\/munichletters\/wp-json\/wp\/v2\/media?parent=236"}],"curies":[{"name":"wp","href":"https:\/\/api.w.org\/{rel}","templated":true}]}}