{"id":232,"date":"2006-06-07T04:12:05","date_gmt":"2006-06-07T08:12:05","guid":{"rendered":"http:\/\/blogs.law.harvard.edu\/munichletters\/letter-from-munich-067\/"},"modified":"2006-06-07T04:12:05","modified_gmt":"2006-06-07T08:12:05","slug":"letter-from-munich-067","status":"publish","type":"page","link":"https:\/\/archive.blogs.harvard.edu\/munichletters\/letter-from-munich-067\/","title":{"rendered":"Letter from Munich &#8211; 067"},"content":{"rendered":"<p><strong>Letter from Munich &#8211; the Joseph Affair \u2013 67<\/strong><\/p>\n<p>EINE DEUTSCHE FASSUNG STEHT WEITER UNTEN.<\/p>\n<p>19 April 2002 <\/p>\n<p>Dear Mr. Graf, dear friends,<\/p>\n<p>Francesca showed us a copy of a document that was written out in a very childish style and in a child\u2019s handwriting. This handwriting was almost illegible, but she managed to read the document to us anyway.<\/p>\n<p>I will write out what she read, exactly as it was originally written, but in the English version below, I will not attempt to reproduce all of the numerous errors in spelling, grammar, and vocabulary that the then twelve-year-old author made in the original German.<\/p>\n<p>\u201cI, Sven May, born on 16 July 1987 in Sebnitz heard how Maik Hauke, Rony Kunte, Rene Grossmann, Kai Bleche and other grown-ups spoke to Joseph in a loud voice. It was so loud that everybody could hear it. \u2018We\u2019re going to kill you now, you shit-foreigner.\u2019 They called him \u2018Abdulla.\u2019 Joseph said nothing. He was lying on the ground. The fat man from the snack bar stood at the corner of the swimming pool and didn\u2019t do anything. Frau Goebel, the fat pool guard, sat in the control room and closed the door. They threw Joseph in the water. Four men stood on top of Joseph. Maik Hauke, Rony Kunte, Rene Grossmann, and Kai Blechke stood on him about seven (times). The fat man from the snack bar watched. Then they left. After they left Frau Goebel came back. And (she) later saw Joseph on the ground. Joseph lay there lifeless. My brother Rene then went home because he was afraid. When they pushed Joseph under the water, Joseph struggled and tried to gasp for air. He didn\u2019t cry out. He defended himself, weakly. Maik Hauke had hit Joseph really hard on the right ear with the flat of his hand.\u201d<\/p>\n<p>Below this paragraph is written the signature: \u201cSven May, 3 August 1999, in Sebnitz. I spoke with Diana on a cassette and told everything.\u201d<\/p>\n<p>What is important here,\u201d Francesca said to us, \u201cis not only the statement that the boy wrote out, but the way he expressed it. I\u2019m talking about the many grammar errors (in the original German) and the other mistakes. They are the kind of mistakes, together with the child\u2019s handwriting, that give the document an air of authenticity, in my opinion.\u201d<\/p>\n<p>Someone asked about the cassette that the boy mentioned in his statement.<\/p>\n<p>\u201cThis cassette is part of what the Dresden district attorney\u2019s office seized eighteen months ago, when its representatives visited the home of the Kantelberg-Abdullas in Sebnitz and gathered the pieces of \u2018evidence\u2019 that they could use in charging the parents with \u2018spreading false suspicions.\u2019\u201d<\/p>\n<p>She was silent for a moment and then added, \u201cIt goes without saying that not a single piece of evidence has been returned to the parents.\u201d<\/p>\n<p>\u201cIn Germany,\u201d someone asked, \u201cis it normal for a district attorney\u2019s office to confiscate evidence that the accused needs to prove his or her innocence?\u201d<\/p>\n<p>Francesca laughed. \u201cIn Germany,\u201d she said, \u201ceverything is normal, if it serves rightly or wrongly to \u2018demonstrate\u2019 the innocence of someone in authority, whether that person is a politician, or a doctor who makes a mess of an operation on a poor Turkish woman in Bavaria, or government officials who mishandle the investigation of a murder, or the leading citizens in a small town in eastern Germany, who try to protect some of their own.\u201d<\/p>\n<p>Sincerely yours,<\/p>\n<p>Robert John Bennett<\/p>\n<p>Mauerkircherstrasse 68<\/p>\n<p>81925 Germany<\/p>\n<p>Telephone: +49.89.981.0208<\/p>\n<p>E-Mail: rjbennett@post.harvard.edu<\/p>\n<p>E-Mail Saad and Renate Kantelberg-Abdulla: majoskantelberg@t-online.de<\/p>\n<p>&#8212;&#8212;&#8212;&#8212;&#8212;&#8212;&#8212;&#8212;&#8212;&#8212;&#8212;&#8212;&#8212;&#8212;&#8212;&#8212;&#8212;&#8212;&#8212;&#8212;&#8212;&#8212;&#8212;&#8212;-<br \/>Since many recipients of this letter may read German more easily than they read English, the following is the author\u2019s own translation of the above letter. Please note that word-processing programs outside of German-speaking countries may not display all of the letters of the German alphabet correctly.<\/p>\n<p>Bitte vergessen Sie nicht, dass der Autor dieses Briefes Autodidakt ist, was die deutsche Sprache betrifft, und er wei\u00df, dass, wenn es um eine \u00dcbersetzung aus der deutschen Sprache ins Englische geht, viele Fehler hervortreten m\u00fcssen. Er hofft aber, man werde diese Fehler \u00fcbersehen, um hinter den Fehlern das sehen zu k\u00f6nnen, was in diesem Schreiben und in dieser Aff\u00e4re von zentraler Bedeutung ist.<\/p>\n<p>M\u00fcnchen, den 19. April 2002<\/p>\n<p>Sehr geehrter Herr Graf, sehr geehrte Freunde,<\/p>\n<p>Francesca zeigte uns heute eine Kopie eines Dokumentes, das auf eine sehr kindische Art und Weise geschrieben wurde. Die Handschrift war fast unlesbar, aber sie schaffte es trotzdem, uns das Dokument vorzulesen.<\/p>\n<p>Ich werde alles ausschreiben, was sie vorlas, genauso wie es ursprunglich geschrieben wurde, mit all den Fehlern, die der damals zw\u00f6lfj\u00e4hrige Autor gemacht hat.<\/p>\n<p>\u201eIch Sven May geboren am 16.7.87 in Sebnitz habe geh\u00f6rt wie Maik Hauke, Rony Kunte, Rene Grosmann, Kai Bleche und andere Gro\u00dfe laut zu Joseph sagten alle konnte es h\u00f6ren so laut war es. Jetzt bingen wir dich um du scheis Ausl\u00e4nder. Sie haben auch den namen Abdulla gesagt Joseph hat nichts gesagt. Er hat am boden gelegen. Der Dicke mann vom Choso, hat an der Ecke am Schwimmbecken dabeigestanden und hat nichts getan Frau G\u00f6bel, die Dick aufpasserin hat im Konndrollraum gesesen und hate die T\u00fcr zu. Sie haben Joseph ins wasser gestossen. vier Mann haben sich auf Joseph daraufgestellt. Maik Hauke, Rony Kunte, Rene Grossman Kai Blechke ungefer 7 daraufgestanten. Der Dicke Mann vom Choso hat zugeschaut. Dann sind sie Abgehauen. Wo sie dann Abgehauen sind kamm Frau Gobel zur\u00fcck. Und hat sp\u00e4ter Joseph am Grund gesehen. Joseph lag leblos da. Mein Bruder Rene ist zu diesen Zeitpunkt nach Hause gegangen weil er Angst hate. Als sie Joseph unntertauchten hat Joseph gestrampelt und fersucht nach luft zu Schnapen er hat nicht geschriehen. Er hat sich schwach gewert. Maik Hauke hate Joseph auf das Rechte Ohr ganz stark gehauen mit der Flachen Hand.\u201c<\/p>\n<p>Weiter unten steht es: Sven May am 03.08.99 in Sebnitz Ich habe mit Diana schon auf Kasete gesproche und alles erz\u00e4hlt.\u201c<\/p>\n<p>\u201eDas, was hier wichtig ist,\u201c sagte uns Francesca, \u201eist nicht nur die Erkl\u00e4rung, die der Junge ausgeschrieben hat, sondern die Art und Weise, wie er alles ausdruckte. Ich spreche von den zahlreichen grammatischen und anderen Fehler. Es sind die Art Fehler, die, zusammen mit der kindischen Handschrift, dem Dokument etwas Authentisches verleihen, meiner Meinung nach.\u201c<\/p>\n<p>Irgendjemand fragte nach der Kassette, die der Junge in seiner Aussage erw\u00e4hnte.<\/p>\n<p>\u201eDiese Kassette ist ein Teil davon, was die Staatsanwaltschaft vor achtzehn Monaten beschlagnahm, als ihre Vertreter das Haus der Kantelberg-Abdullas in Sebnitz besuchte und jeden sogenannten \u201aBeweisst\u00fcck\u2019 aufsammelte, mit dem sie Josephs Eltern wegen der \u201aVerbreitung falscher Verd\u00e4chtigungen\u2019 anklagen konnten.\u201c<\/p>\n<p>Sie schwieg einen Augenblick und dann f\u00fcgte hinzu, \u201eEs versteht sich von selbst, dass kein einziger Beweisst\u00fcck den Eltern bis jetzt zur\u00fcckgegeben w\u00fcrde.\u201c<\/p>\n<p>\u201eIn Deutschland,\u201c fragte jemand, \u201eist es normal, dass die Staatsanwaltschaft die Beweisst\u00fccke der Angeklagten beschlagnimmt, die die Angeklagten brauchen, um ihre Unschuld zu beweisen?\u201c<\/p>\n<p>Francesca lachte. \u201eIn Deutschland,\u201c sagte sie, \u201ealles ist normal, was dazu dient, die Unschuld der Obrigkeit zu \u201abeweisen,\u2019 richtig oder falsch und egal ob sie Politiker sind, oder einer Arzt, die das K\u00f6rper und das Leben einer armen t\u00fcrkischen Frau in Bayern verpfuscht, oder Beamte, die die Untersuchung eines Mordes schlecht abwickeln, oder die f\u00fchrenden B\u00fcrger einer Kleinstadt im \u00f6stlichen Teil der Bundesrepublik, die versuchen, einige der Ihren zu sch\u00fctzen.\u201c<\/p>\n<p>Mit freundlichen Gr\u00fc\u00dfen<\/p>\n<p>Robert John Bennett<\/p>\n<p>Mauerkircherstrasse 68<\/p>\n<p>81925 Germany<\/p>\n<p>Telephone: +49.89.981.0208<\/p>\n<p>E-Mail: rjbennett@post.harvard.edu<\/p>\n<p>E-Mail an Herrn und Frau Dr. Kantelberg-Abdulla: majoskantelberg@t-online.de<\/p>\n","protected":false},"excerpt":{"rendered":"<p>Letter from Munich &#8211; the Joseph Affair \u2013 67 EINE DEUTSCHE FASSUNG STEHT WEITER UNTEN. 19 April 2002 Dear Mr. Graf, dear friends, Francesca showed us a copy of a document that was written out in a very childish style and in a child\u2019s handwriting. This handwriting was almost illegible, but she managed to read [&hellip;]<\/p>\n","protected":false},"author":167,"featured_media":0,"parent":0,"menu_order":0,"comment_status":"closed","ping_status":"closed","template":"","meta":{"footnotes":""},"class_list":["post-232","page","type-page","status-publish","hentry"],"_links":{"self":[{"href":"https:\/\/archive.blogs.harvard.edu\/munichletters\/wp-json\/wp\/v2\/pages\/232","targetHints":{"allow":["GET"]}}],"collection":[{"href":"https:\/\/archive.blogs.harvard.edu\/munichletters\/wp-json\/wp\/v2\/pages"}],"about":[{"href":"https:\/\/archive.blogs.harvard.edu\/munichletters\/wp-json\/wp\/v2\/types\/page"}],"author":[{"embeddable":true,"href":"https:\/\/archive.blogs.harvard.edu\/munichletters\/wp-json\/wp\/v2\/users\/167"}],"replies":[{"embeddable":true,"href":"https:\/\/archive.blogs.harvard.edu\/munichletters\/wp-json\/wp\/v2\/comments?post=232"}],"version-history":[{"count":0,"href":"https:\/\/archive.blogs.harvard.edu\/munichletters\/wp-json\/wp\/v2\/pages\/232\/revisions"}],"wp:attachment":[{"href":"https:\/\/archive.blogs.harvard.edu\/munichletters\/wp-json\/wp\/v2\/media?parent=232"}],"curies":[{"name":"wp","href":"https:\/\/api.w.org\/{rel}","templated":true}]}}