{"id":230,"date":"2006-06-07T04:06:46","date_gmt":"2006-06-07T08:06:46","guid":{"rendered":"http:\/\/blogs.law.harvard.edu\/munichletters\/letter-from-munich-065\/"},"modified":"2006-06-07T04:07:53","modified_gmt":"2006-06-07T08:07:53","slug":"letter-from-munich-065","status":"publish","type":"page","link":"https:\/\/archive.blogs.harvard.edu\/munichletters\/letter-from-munich-065\/","title":{"rendered":"Letter from Munich &#8211; 065"},"content":{"rendered":"<p><strong>Letter from Munich &#8211; the Joseph Affair &#8211; 65<\/strong><\/p>\n<p>EINE DEUTSCHE FASSUNG STEHT WEITER UNTEN.<\/p>\n<p>5 April 2002 <\/p>\n<p>Dear Mr. Graf, dear friends,<\/p>\n<p>\u201cHere,\u201d Francesca had said, \u201cwe have the most questionable element in this statement. Can anyone really believe that this boy would be so afraid of the judge that he would NOT tell the truth? Isn\u2019t it more reasonable to suppose that if a boy were afraid of a judge, he would for that very reason go on and tell the truth? I think it would also be reasonable to think about the fact that there are a large number of neo-Nazis in Saxony and in Sebnitz, that there are right-wing extremists even among the police, that the brother of this boy, Rene May, was beaten by neo-Nazis because of the statements that Rene made before the judge in Dresden and on television, that the boy was lying to the police because of this intimidation, and that what he told the judge earlier was in fact the truth.\u201d<\/p>\n<p>Francesca continue reading Rene May\u2019s statement:<\/p>\n<p>Question: Your sworn statement of 29 March 2000 is now in front of you. Who wrote that?<\/p>\n<p>Answer: Frau Kantelberg wrote it in her office. Diana was also there. It was already written. I was supposed to just sign, because both of them wanted to go somewhere. Where, I don\u2019t know. I didn\u2019t read it, because I can\u2019t read properly. And it wasn\u2019t read out to me. I was there for about an hour and signed it.<\/p>\n<p>\u201cThe Kantelberg-Abdullahs,\u201d Francesca remarked, \u201csay that is simply not the truth.\u201d<\/p>\n<p>Question: The sworn statement of 6 July 2000 is now in front of you. How did this statement come about?<\/p>\n<p>Answer: I was there at the Abdullahs and made the statement. Herr Abdullah said to me that Joseph was abused with a stun gun and I should say that. Whether it was true, I don\u2019t know. I was there for about three hours. On this day Herr and Frau Abdullah and Diana were there. With both of them, it was that Herr Abdullah spoke to me on the street. He asked me to come with him.<\/p>\n<p>\u201cOnce again,\u201d said Francesca, \u201cI have to repeat, that the Kantelberg-Abdullahs themselves gave me the transcript of this statement, and they insist that what the boy says at this point is simply not true.\u201d<\/p>\n<p>Question: Did you get something in return?<\/p>\n<p>Answer: I got 10 DM on each of the two days.<\/p>\n<p>Question: Why are you making this statement today?<\/p>\n<p>Answer: I think I would have gotten into trouble otherwise. My father said I should tell everything the right way, the way it was. He called that to me when you came to pick me up.<\/p>\n<p>\u201cThe key words here,\u201d said Francesca, \u201care, \u2018I think I would have gotten into trouble otherwise.\u2019 What kind of \u2018trouble\u2019 was he talking about? Into trouble with his father, with the police, with the court, with neo-Nazis?\u201d<\/p>\n<p>Question: Would you like to say anything else?<\/p>\n<p>Answer: No I don\u2019t know anything more. If I remember the names of the skinheads or the friend who was taken upstairs, then I\u2019ll tell you. One of the skinheads was called \u201cMertens\u201d or something, with a last name.<\/p>\n<p>During the questioning I was given something to drink and some cookies.<\/p>\n<p>Ended at 5:45 pm.<\/p>\n<p>\u201cAnd then below are the signatures of the officers and Rene May,\u201d said Francesca. \u201cAn unusual document, isn\u2019t it? I can only think of what I said about the boy\u2019s completely opposite statement to the judge, when I asked if anyone could really believe that this boy would be so afraid of the judge that he would NOT tell the truth? Isn\u2019t it more reasonable to think that if a boy were afraid of a judge, he would for that very reason go on and tell the truth and that what he told the judge was the truth, but not what he told the police?\u201d<\/p>\n<p>Sincerely yours,<\/p>\n<p>Robert John Bennett<\/p>\n<p>Mauerkircherstrasse 68<\/p>\n<p>81925 Germany<\/p>\n<p>Telephone: +49.89.981.0208<\/p>\n<p>E-Mail: rjbennett@post.harvard.edu<\/p>\n<p>E-Mail Saad and Renate Kantelberg-Abdulla: majoskantelberg@t-online.de<br \/>&#8212;&#8212;&#8212;&#8212;&#8212;&#8212;&#8212;&#8212;&#8212;&#8212;&#8212;&#8212;&#8212;&#8212;&#8212;&#8212;&#8212;&#8212;&#8212;&#8212;&#8212;&#8212;&#8212;&#8212;&#8212;&#8212;&#8211;<\/p>\n<p>Since many recipients of this letter may read German more easily than they read English, the following is the author\u2019s own translation of the above letter. Please note that word-processing programs outside of German-speaking countries may not display all of the letters of the German alphabet correctly.<\/p>\n<p>Bitte vergessen Sie nicht, dass der Autor dieses Briefes Autodidakt ist, was die deutsche Sprache betrifft, und er wei\u00df, dass, wenn es um eine \u00dcbersetzung aus der deutschen Sprache ins Englische geht, viele Fehler hervortreten m\u00fcssen. Er hofft aber, man werde diese Fehler \u00fcbersehen, um hinter den Fehlern das sehen zu k\u00f6nnen, was in diesem Schreiben und in dieser Aff\u00e4re von zentraler Bedeutung ist.<\/p>\n<p>M\u00fcnchen, den 5. April 2002<\/p>\n<p>Sehr geehrter Herr Graf, sehr geehrte Freunde,<\/p>\n<p>\u201eHier\u201c, hatte Francesca gesagt, \u201ehaben wir das Fragw\u00fcrdigste in dieser Aussage. Kann man wirklich glauben, dass dieser Junge wirklich solche Angst vor einer Richterin hatte, dass er NICHT die Wahrheit sagen w\u00fcrde? Ist es nicht eher vern\u00fcnftig davon auszugehen, dass, wenn ein Junge Angst vor einer Richterin h\u00e4tte, er zu ihr die WAHRHEIT sagen w\u00fcrde, und nicht eine L\u00fcge? Ich glaube, es w\u00e4re auch vern\u00fcnftig, daran zu denken, dass es zahlreiche neo-Nazis in Sachsen und in Sebnitz gibt, und dass es sogar Rechte unter den Polizisten gibt, und dass der Bruder von diesem Jungen, Rene May, gepr\u00fcgelt wurde, von neo-Nazis, wegen der Aussage, die Rene vor der Dresdner Richterin und auch im Fernsehen gemacht hat, und dass der Junge wegen dieser Einsch\u00fcchterung jetzt die Polizei bel\u00fcgt, und dass er fr\u00fcher die Wahrheit zu der Richterin sagte\u201c.<\/p>\n<p>Francesca fuhr fort, die Aussage von Rene May vorzulesen:<\/p>\n<p>Frage: Dir wird jetzt Deine Eidesstattliche Versicherung vom 29.03.2000 vorgelegt. Wer hat diese geschrieben?<\/p>\n<p>Antwort: Geschrieben hat sie Frau Kantelberg in ihrem B\u00fcro. Diana war auch dabei. Sie war schon fertig geschrieben. Ich sollte nur unterschreiben, da die Beiden weg wollten. Wohin wei\u00df ich nicht. Ich habe sie nicht gelesen, da ich nicht richtig lesen kann. Vorgelesen wurde sie mir auch nicht. Ich war ca. 1 Stunde dort und habe sie unterschrieben.<\/p>\n<p>\u201eDie Kantelberg-Abdullahs\u201c, bemerkte Francesca, \u201esagen, dass das einfach nicht die Wahrheit ist\u201c.<\/p>\n<p>Frage: Dir wird jetzt die Eidesstattliche Versicherung vom 06.07.2000 vorgelegt. Wie kam es zu dieser?<\/p>\n<p>Antwort: Da war ich bei den Abdullahs und habe die Aussage gemacht. Herr Abdullah sagte mir, dass Joseph mit einem Elektroschocker misshandelt wurde und ich das aussagen soll. Ob das stimmt, wei\u00df ich nicht. Ich war etwa 3 Stunden da. Dabei waren an diesem Tag Herr und Frau Abdullah und die Diana. Es war bei Beiden so, dass der Herr Abdullah mich auf der Stra\u00dfe ansprach. Er bat mich mitzukommen.<\/p>\n<p>\u201eNoch einmal\u201c, sagte Francesca, \u201emuss ich wiederholen, dass ich das Protokoll von dieser Aussage von den Kantelberg-Abdullahs selbst bekommen habe und dass diese behaupten, dass das, was der Junge hier sagt, einfach nicht wahr sei\u201c.<\/p>\n<p>Frage: Hast Du daf\u00fcr etwas bekommen?<\/p>\n<p>Antwort: Ich habe an beiden Tagen jeweils 10 DM bekommen.<\/p>\n<p>Frage: Aus welchen Grund machst Du am heutigen Tag diese Aussage?<\/p>\n<p>Antwort: Ich glaube, ich hatte sonst \u00c4rger bekommen. Vati hat gesagt, ich soll ordentlich erz\u00e4hlen, wie es war. Er rief das ja auch hinterher, als Sie mich abgeholt haben.<\/p>\n<p>\u201eDie Schl\u00fcsselworte hier\u201c, sagte Francesca, \u201esind, \u201aIch glaube, ich h\u00e4tte sonst \u00c4rger bekommen\u2019. Welchen \u201a\u00c4rger\u2019 meinte er? Von seinem Vater, von der Polizei, vor einem Gericht, von den neo-Nazis?\u201c.<\/p>\n<p>Frage: M\u00f6chtest Du sonst noch etwas sagen?<\/p>\n<p>Antwort: Nein, ich wei\u00df nichts mehr. Sollten mir die Namen von den Glatzen oder dem Freund der die Treppen hoch gezogen wurde, noch einfallen, dann sage ich das noch. Die ein Glatze hei\u00dft \u201eMertens\u201c oder so \u00e4hnlich mit Hinternamen.<\/p>\n<p>Mir wurde w\u00e4hrend der Vernehmung etwas zu Trinken und Kekse gereicht.<\/p>\n<p>Geschlossen 17:45 Uhr.<\/p>\n<p>\u201eUnd dann stehen die Unterschriften von den Beamten und von Rene May,\u201c sagte Francesca. \u201eEin ungew\u00f6hnliches Dokument, nicht wahr? Ich kann nur daran denken, was ich \u00fcber die ganz andere Aussage gesagt habe, die der Junge vor der Richterin gemacht hat. Ich fragte, ob man wirklich glaube k\u00f6nnte, dass der Junge wirklich solche Angst vor einer Richterin hatte, dass er NICHT die Wahrheit sagen w\u00fcrde? Ist es nicht eher vern\u00fcnftig zu denken, dass, wenn ein Junge Angst vor einer Richterin h\u00e4tte, er zu ihr die WAHRHEIT sagen w\u00fcrde, und nicht eine L\u00fcge? Ist nicht vern\u00fcnftig zu denken, dass das, was er der Richterin sagte, die Wahrheit sei, sondern nicht das, was er der Polizei sagte?\u201c<\/p>\n<p>Mit freundlichen Gr\u00fc\u00dfen<\/p>\n<p>Robert John Bennett<\/p>\n<p>Mauerkircherstrasse 68<\/p>\n<p>81925 Germany<\/p>\n<p>Telephone: +49.89.981.0208<\/p>\n<p>E-Mail: rjbennett@post.harvard.edu<\/p>\n<p>E-Mail an Herrn und Frau Dr. Kantelberg-Abdulla: majoskantelberg@t-online.de<\/p>\n","protected":false},"excerpt":{"rendered":"<p>Letter from Munich &#8211; the Joseph Affair &#8211; 65 EINE DEUTSCHE FASSUNG STEHT WEITER UNTEN. 5 April 2002 Dear Mr. Graf, dear friends, \u201cHere,\u201d Francesca had said, \u201cwe have the most questionable element in this statement. Can anyone really believe that this boy would be so afraid of the judge that he would NOT tell [&hellip;]<\/p>\n","protected":false},"author":167,"featured_media":0,"parent":0,"menu_order":0,"comment_status":"closed","ping_status":"closed","template":"","meta":{"footnotes":""},"class_list":["post-230","page","type-page","status-publish","hentry"],"_links":{"self":[{"href":"https:\/\/archive.blogs.harvard.edu\/munichletters\/wp-json\/wp\/v2\/pages\/230","targetHints":{"allow":["GET"]}}],"collection":[{"href":"https:\/\/archive.blogs.harvard.edu\/munichletters\/wp-json\/wp\/v2\/pages"}],"about":[{"href":"https:\/\/archive.blogs.harvard.edu\/munichletters\/wp-json\/wp\/v2\/types\/page"}],"author":[{"embeddable":true,"href":"https:\/\/archive.blogs.harvard.edu\/munichletters\/wp-json\/wp\/v2\/users\/167"}],"replies":[{"embeddable":true,"href":"https:\/\/archive.blogs.harvard.edu\/munichletters\/wp-json\/wp\/v2\/comments?post=230"}],"version-history":[{"count":0,"href":"https:\/\/archive.blogs.harvard.edu\/munichletters\/wp-json\/wp\/v2\/pages\/230\/revisions"}],"wp:attachment":[{"href":"https:\/\/archive.blogs.harvard.edu\/munichletters\/wp-json\/wp\/v2\/media?parent=230"}],"curies":[{"name":"wp","href":"https:\/\/api.w.org\/{rel}","templated":true}]}}