{"id":224,"date":"2006-06-06T08:42:36","date_gmt":"2006-06-06T12:42:36","guid":{"rendered":"http:\/\/blogs.law.harvard.edu\/munichletters\/letter-from-munich-059\/"},"modified":"2006-06-06T08:42:36","modified_gmt":"2006-06-06T12:42:36","slug":"letter-from-munich-059","status":"publish","type":"page","link":"https:\/\/archive.blogs.harvard.edu\/munichletters\/letter-from-munich-059\/","title":{"rendered":"Letter from Munich &#8211; 059"},"content":{"rendered":"<p><strong>Letter from Munich &#8211; the Joseph Affair &#8211; 59<\/strong><\/p>\n<p>EINE DEUTSCHE FASSUNG STEHT WEITER UNTEN.<\/p>\n<p>22 February 2002 <\/p>\n<p>Dear Mr. Graf, dear friends,<\/p>\n<p>\u201cYesterday morning in \u2018Morgenmagazin,\u2019 Germany\u2019s equivalent of the \u201cToday\u201d show,\u201d said Francesca, \u201cthere was a report about the serious and growing problem of neo-Nazis in, of all places, Sebnitz, the town where the child Joseph was killed. The reporter and others commented on the feelings of fear that are widespread among the townspeople. I think it is in this context of intimidation and fear, occasioned partly by the constant presence of so many neo-Nazis and partly even by the right-wingers among the police themselves, that we should consider the rest of the transcript of Rene May\u2019s statement to the Dresden police. In this statement he retracted his original statement, delivered to a judge in Dresden, in which he described what he witnessed when Joseph was killed.<\/p>\n<p>\u201cIncidentally, we see here what\u2019s happened in the last year, since Joseph\u2019s parents were harassed and driven from Sebnitz. It was a year in which Saxony\u2019s Prime Minister, Kurt Biedenkopf, repeatedly denied that there could possibly be neo-Nazis among the good citizens of Saxony. We can see what happens when you deceive yourself into thinking that the problem of neo-Nazis in Germany can be solved by ignoring it or trying to keep it secret.<\/p>\n<p>\u201cIn the context of Joseph\u2019s murder, we should also bear in mind the numerous reports of the way judges, police and district attorneys in Germany can be easily manipulated. There was, for example, earlier this week another report, broadcast by the authoritative Swiss-Austrian-German television channel 3Sat, in their program \u201cKulturzeit,\u201d about the way the justice system in the German state of Baden-Wuerttemberg has been manipulated to protect all those, including high-ranking state politicians, who have been implicated in the so-called \u2018Flowtex Scandal.\u2019 <\/p>\n<p>\u201cAnd the Flowtex Scandal is only one of many such scandals in Germany which have never been satisfactorily resolved. In fact, as Heribert Prantl, a leading editorial writer for the influential Sueddeutsche Zeitung, has written, there has never been a single major political scandal in the history of the Federal Republic of Germany since the war that has ever been satisfactorily resolved.<\/p>\n<p>\u201cIf there has never been a resolution of any major political scandal, then it is not surprising that in the case of the murdered boy Joseph, which is a relatively minor scandal, though also partly a political one, there has never been a satisfactory resolution.<\/p>\n<p>\u201cAgain, with this in mind, I would like to continue reading Rene May\u2019s retraction, given to the Dresden police. I want to emphasize that it was Joseph\u2019s parents themselves who gave me this transcript, which would be so damaging to their case, if they were not telling the truth, and if Rene May had not told the truth in his original statement before a judge.<\/p>\n<p>\u201cLast week my reading ended with the following exchange.\u201d<\/p>\n<p>Question: Did everything happen as it was presented during the questioning (before the judge), or are there things there that are not true.<\/p>\n<p>Answer: What I said during the questioning is true.<\/p>\n<p>\u201cThe officers, however, are not satisfied with this answer,\u201d said Francesca, \u201cThe transcript continues.\u201d<\/p>\n<p>Question: From what time and until what time were you at the Dr. Petzold Swimming Pool in Sebnitz on 13 June 1997?<\/p>\n<p>Answer: I went to the swimming pool with my little brother Sven around one o\u2019clock in the afternoon. My little brother stayed at the pool until around six o\u2019clock. I left then, though, after it happened.<\/p>\n<p>Francesca interrupted the reading once again. \u201cI think the boy was hoping that the officers would at this point demand the truth and ask, the way most people would, \u2018After WHAT happened?\u2019 But for some reason the officers avoided asking that question at this point. Why? In my opinion, it\u2019s because they knew that it wasn\u2019t yet clear to the boy that they were interested only in the newer version of the story that the boy had previously been pressured into telling.<\/p>\n<p>Continued next week.<\/p>\n<p>Sincerely yours,<\/p>\n<p>Robert John Bennett<\/p>\n<p>Mauerkircherstrasse 68<\/p>\n<p>81925 Germany<\/p>\n<p>Telephone: +49.89.981.0208<\/p>\n<p>E-Mail: rjbennett@post.harvard.edu<\/p>\n<p>E-Mail Saad and Renate Kantelberg-Abdulla: majoskantelberg@t-online.de<\/p>\n<p>&#8212;&#8212;&#8212;&#8212;&#8212;&#8212;&#8212;&#8212;&#8212;&#8212;&#8212;&#8212;&#8212;&#8212;&#8212;&#8212;&#8212;&#8212;&#8212;&#8212;&#8212;&#8212;&#8212;&#8212;&#8212;&#8212;&#8212;&#8212;&#8212;&#8212;&#8212;&#8212;&#8212;&#8212;-<\/p>\n<p>Since many recipients of this letter may read German more easily than they read English, the following is the author\u2019s own translation of the above letter. Please note that word-processing programs outside of German-speaking countries may not display all of the letters of the German alphabet correctly.<\/p>\n<p>Bitte vergessen Sie nicht, dass der Autor dieses Briefes Autodidakt ist, was die deutsche Sprache betrifft, und er wei\u00df, dass, wenn es um eine \u00dcbersetzung aus der deutschen Sprache ins Englische geht, viele Fehler hervortreten m\u00fcssen. Er hofft aber, man werde diese Fehler \u00fcbersehen, um hinter den Fehlern das sehen zu k\u00f6nnen, was in diesem Schreiben und in dieser Aff\u00e4re von zentraler Bedeutung ist.<\/p>\n<p>M\u00fcnchen, den 22. Februar 2002<\/p>\n<p>Sehr geehrter Herr Graf, sehr geehrte Freunde,<\/p>\n<p>\u201eGestern morgen im \u201aMorgenmagazin,\u2019\u201c sagte Francesca, \u201egab es einen Bericht \u00fcber das ernsthafte und wachsende Problem mit Neonazis ausgerechnet in Sebnitz, der Stadt, wo das Kind Joseph ermordet wurde. Ein Journalist und andere machten dar\u00fcber Bemerkungen, dass ein Gef\u00fchl der Angst und Furcht unter den Burgern von Sebnitzt verbreitet zu sein scheint. Ich glaube, es ist in diesem Zusammenhang von Einsch\u00fcchterung und Furcht, teilweise durch die st\u00e4ndige Anwesenheit von so vielen Neonazis und teilweise sogar von den Rechten unter den Polizeibeamten verursacht, dass wir \u00fcber den Rest der Aussage von Rene May nachdenken sollten, die er der Dresdner Polizei abgab. In dieser Aussage nahm er seine ursprungliche Aussage, vor einem Richter abgegeben, zur\u00fcck. Dies war die Aussage, in der er das beschrieb, was er sah, als Joseph ermordet wurde.<\/p>\n<p>\u00dcbrigens k\u00f6nnen wir hier sehen, was in dem letzten Jahr passiert ist, einem Jahr, wo Josephs Eltern verfolgt und aus Sebnitz vertrieben wurden, einem Jahr, wo die Regierung von Ministerpr\u00e4sident Kurt Biedenkopf immer wieder bestritt, dass es Neonazis unter den guten B\u00fcrgern von Sachsen geben k\u00f6nnte. Wir k\u00f6nnen sehen, was passiert, wenn man irrigerweise glaubt, dass das Problem mit Neonazis in Deutschland dadurch gel\u00f6st werden kann, dass man es ignoriert oder versucht, es zu vertuschen.<\/p>\n<p>Im Kontext von Joseph\u2019s Mord sollten wir nicht die zahlreiche Berichte dar\u00fcber nicht vergessen, wie leicht es in Deutschland ist, Richter, Polizei und Staatsanw\u00e4lte zu manipulieren. Zum Beispiel gab es diese Woche in der 3Sat-Sendung \u201eKulturzeit\u201c einen Bericht dar\u00fcber, wie das Justizsystem in Baden-W\u00fcrttemberg manipuliert wurde, um all diejenige zu sch\u00fctzen, einschlie\u00dflich hochrangiger Politiker des Landes, die in dem Flowtex-Skandal vertwickelt werden.<\/p>\n<p>Und der Flowtex-Skandal ist nur einer von vielen solchen Skandalen in der Bundesrepublik, die nie gr\u00fcndlich untersucht und gel\u00f6st wurden. Eigentlich, wie Heribert Prantl von der S\u00fcddeutschen Zeitung geschrieben hat, in der ganzen Geschichte Deutschlands seit dem Zweiten Weltkrieg gibt es keinen einzigen gro\u00dfen politischen Skandal, der jemals richtig untersucht und gel\u00f6st wurde.<\/p>\n<p>Und wenn kein gro\u00dfer politischer Skandal niemals gel\u00f6st wurde, dann ist es keine gro\u00dfe \u00dcberraschung, dass im dem relativ kleinen Skandal von Josephs Mord, einem Skandal, der auch teilweise politisch ist, es bis jetzt keine richtige L\u00f6sung gibt.<\/p>\n<p>Noch einmal, mit all diesem in Erinnerung, m\u00f6chte ich Rene Mays Zur\u00fccknahme weiter vorlesen, die Zur\u00fccknahme, die er der Dresdner Polizei abgab. Und ich will betonen, dass es Josephs Eltern waren, die mir dieses Vernehmungsprotokoll gegeben haben, ein Protokoll, das ihrer Sache schaden w\u00fcrde, wenn sie nicht die Wahrheit sagten, und wenn Rene May nicht die Wahrheit gesagt h\u00e4tte, in seiner ersten Aussage vor der Richterin in Dresden.<\/p>\n<p>Letzte Woche hat meine Vorlesung mit den folgenden Worten geendet.\u201c<\/p>\n<p>\u201eFrage: Ist das alles so abgelaufen wie es in der Vernehmung (vor der Richterin) steht oder gibt es Sachen, die in der Vernehmung stehen, die nicht stimmen?<\/p>\n<p>Antwort: Das was ich in der Vernehmung gesagt habe stimmt.\u201c<\/p>\n<p>\u201eDie Beamten aber sind nicht mit dieser Behauptung zufrieden\u201c, sagte Francesca. \u201eDas Protokoll setzt sich fort\u201c.<\/p>\n<p>\u201eFrage: Von wann bis wann hast Du Dich am 13.06.1997 im Dr-Petzold-Bad in Sebnitz aufgehalten?<\/p>\n<p>Antwort: Ich bin 13.00 Uhr mit meinem kleinen Bruder Sven in das Petzoldbad gegangen. Mein Kleiner ist bis um sechs im Bad geblieben, ich bin eher gegangen, als es dann passiert ist.\u201c<\/p>\n<p>Francesca unterbrach die Vorlesung noch einmal. \u201eIch glaube, der Junge hoffte, dass die Beamten jetzt von ihm die Wahrheit verlangen w\u00fcrden und dass sie fragen w\u00fcrden, wie die meisten Menschen es tun w\u00fcrden, \u201aAls WAS dann passiert ist?\u2019 Aber aus irgendeinem Grund haben die Beamten vermieden, diese Frage zum diesen Zeitpunkt zu stellen. Warum? Meiner Meinung nach, weil sie wussten, dass es dem Jungen noch nicht klar sei, dass sie nur ein Interesse f\u00fcr die neuere Version der Geschichte h\u00e4tten, die der Junge vorher gezwungen worden war, zu erz\u00e4hlen\u201c.<\/p>\n<p>Fortsetzung n\u00e4chste Woche. <\/p>\n<p>Mit freundlichen Gr\u00fc\u00dfen<\/p>\n<p>Robert John Bennett<\/p>\n<p>Mauerkircherstrasse 68<\/p>\n<p>81925 Germany<\/p>\n<p>Telephone: +49.89.981.0208<\/p>\n<p>E-Mail: rjbennett@post.harvard.edu<\/p>\n<p>E-Mail an Herrn und Frau Dr. Kantelberg-Abdulla: majoskantelberg@t-online.de<\/p>\n<p>========================================================<\/p>\n","protected":false},"excerpt":{"rendered":"<p>Letter from Munich &#8211; the Joseph Affair &#8211; 59 EINE DEUTSCHE FASSUNG STEHT WEITER UNTEN. 22 February 2002 Dear Mr. Graf, dear friends, \u201cYesterday morning in \u2018Morgenmagazin,\u2019 Germany\u2019s equivalent of the \u201cToday\u201d show,\u201d said Francesca, \u201cthere was a report about the serious and growing problem of neo-Nazis in, of all places, Sebnitz, the town where [&hellip;]<\/p>\n","protected":false},"author":167,"featured_media":0,"parent":0,"menu_order":0,"comment_status":"closed","ping_status":"closed","template":"","meta":{"footnotes":""},"class_list":["post-224","page","type-page","status-publish","hentry"],"_links":{"self":[{"href":"https:\/\/archive.blogs.harvard.edu\/munichletters\/wp-json\/wp\/v2\/pages\/224","targetHints":{"allow":["GET"]}}],"collection":[{"href":"https:\/\/archive.blogs.harvard.edu\/munichletters\/wp-json\/wp\/v2\/pages"}],"about":[{"href":"https:\/\/archive.blogs.harvard.edu\/munichletters\/wp-json\/wp\/v2\/types\/page"}],"author":[{"embeddable":true,"href":"https:\/\/archive.blogs.harvard.edu\/munichletters\/wp-json\/wp\/v2\/users\/167"}],"replies":[{"embeddable":true,"href":"https:\/\/archive.blogs.harvard.edu\/munichletters\/wp-json\/wp\/v2\/comments?post=224"}],"version-history":[{"count":0,"href":"https:\/\/archive.blogs.harvard.edu\/munichletters\/wp-json\/wp\/v2\/pages\/224\/revisions"}],"wp:attachment":[{"href":"https:\/\/archive.blogs.harvard.edu\/munichletters\/wp-json\/wp\/v2\/media?parent=224"}],"curies":[{"name":"wp","href":"https:\/\/api.w.org\/{rel}","templated":true}]}}