{"id":223,"date":"2006-06-06T08:40:49","date_gmt":"2006-06-06T12:40:49","guid":{"rendered":"http:\/\/blogs.law.harvard.edu\/munichletters\/letter-from-munich-058\/"},"modified":"2006-06-06T08:40:49","modified_gmt":"2006-06-06T12:40:49","slug":"letter-from-munich-058","status":"publish","type":"page","link":"https:\/\/archive.blogs.harvard.edu\/munichletters\/letter-from-munich-058\/","title":{"rendered":"Letter from Munich &#8211; 058"},"content":{"rendered":"<p><strong>Letter from Munich &#8211; the Joseph Affair &#8211; 58<\/strong><\/p>\n<p>EINE DEUTSCHE FASSUNG STEHT WEITER UNTEN.<\/p>\n<p>15 February 2002 <\/p>\n<p>Dear Mr. Graf, dear friends,<\/p>\n<p>Last week Francesca said that according to the transcript Joseph\u2019s parents had given her, Rene May was questioned for a third time on 27 November 2000, this time bz the Dresden police. It was in a general atmosphere of intimidation, she said, where there were numerous right-wingers or neo-Nazis in Sebnitz and in Saxony, where those who committed the \u2018possible murder\u2019 of Joseph were free, and where, according to media reports, there were policemen who were not at all unsympathetic to right-wing criminals.<\/p>\n<p>\u201cToday around 12:45 pm,\u201d the transcript begins, \u201ctwo police officers, Hartmann and Neugert, came to me at home. I was asked to accompany them to police headquarters in Dresden for questioning.<\/p>\n<p>My father (May, Hanspeter) was told that he had the right to be present, since I was only fifteen years old.<\/p>\n<p>My father declined to be present when I was questioned, and entrusted me to the care of the police officers, who told my father they would bring me back home when the questioning was over. My father and I agreed to that.<\/p>\n<p>It was explained to me that the events of 13 June 1997 at the Petzold Swimming Pool in Sebnitz were the subject of the questioning.<\/p>\n<p>I am aware that I, as a witness, may not tell an untruth.<\/p>\n<p>I have understood all the instructions and warnings; they were clearly explained to me by the officers.<\/p>\n<p>I agree to a tape recording of the questioning, in addition to a written transcript, since reading is difficult for me, and this is easier for me.<\/p>\n<p>Question: In a conversation with your father, he mentioned that around 12:00 noon he was watching the news on the RTL channel. Did you watch the news with your father?<\/p>\n<p>Answer: Yes.<\/p>\n<p>Question: What did your father say with reference to the news about what happened in the Sebnitz swimming pool?<\/p>\n<p>Answer: It wasn\u2019t mentioned in the news.<\/p>\n<p>Question: What have you in general heard or seen with reference to the Sebnitz swimming pool in the last three or four days?<\/p>\n<p>Answer: I haven\u2019t watched television. We have the Saechsische Zeitung (newspaper); my big brother always picks it up. My father has been watching the television programs.<\/p>\n<p>Question: Has your father said anything to you about the news reports?<\/p>\n<p>Answer: I don\u2019t know.<\/p>\n<p>Question: Do you remember the questioning before a judge on 16 October 2000?<\/p>\n<p>Answer: Yes.<\/p>\n<p>Question: Are you still aware of the contents of the questioning?<\/p>\n<p>Answer: Yes.<\/p>\n<p>Question: Did everything happen as it was presented during the questioning, or are there things there that are not true.<\/p>\n<p>Answer: What I said during the question is true.<\/p>\n<p>Continued next week.<\/p>\n<p>Sincerely yours,<\/p>\n<p>Robert John Bennett<\/p>\n<p>Mauerkircherstrasse 68<\/p>\n<p>81925 Germany<\/p>\n<p>Telephone: +49.89.981.0208<\/p>\n<p>E-Mail: rjbennett@post.harvard.edu<\/p>\n<p>E-Mail Saad and Renate Kantelberg-Abdulla: majoskantelberg@t-online.de<\/p>\n<p>&#8212;&#8212;&#8212;&#8212;&#8212;&#8212;&#8212;&#8212;&#8212;&#8212;&#8212;&#8212;&#8212;&#8212;&#8212;&#8212;&#8212;&#8212;&#8212;&#8212;&#8212;&#8212;&#8212;&#8212;&#8212;&#8212;&#8212;&#8212;&#8212;&#8212;&#8212;&#8212;&#8212;&#8212;-<\/p>\n<p>Since many recipients of this letter may read German more easily than they read English, the following is the author\u2019s own translation of the above letter. Please note that word-processing programs outside of German-speaking countries may not display all of the letters of the German alphabet correctly.<\/p>\n<p>Bitte vergessen Sie nicht, dass der Autor dieses Briefes Autodidakt ist, was die deutsche Sprache betrifft, und er wei\u00df, dass, wenn es um eine \u00dcbersetzung aus der deutschen Sprache ins Englische geht, viele Fehler hervortreten m\u00fcssen. Er hofft aber, man werde diese Fehler \u00fcbersehen, um hinter den Fehlern das sehen zu k\u00f6nnen, was in diesem Schreiben und in dieser Aff\u00e4re von zentraler Bedeutung ist.<\/p>\n<p>M\u00fcnchen, den 15. Februar 2002<\/p>\n<p>Sehr geehrter Herr Graf, sehr geehrte Freunde,<\/p>\n<p>Letzte Woch hat Francesca gesagt, dass nach dem Protokoll, das Josephs Eltern ihr gegeben hatten, Rene May am 27.11.2000 zum dritten Mal verh\u00f6rt werde, diesmal von der Dresdner Polizei. Es sei in einer allgemeinen Atmosph\u00e4re von Einsch\u00fcchterung, wo es zahlreiche Rechtsradikale oder Neonazis in Sebnitz und in Sachsen gebe, wo die T\u00e4ter des \u201am\u00f6glichen\u2019 Mord des kleinen Joseph auf freiem Fuss seien, und wo die Medien oft berichtet haben, dass es Polizisten gebe, die rechte T\u00e4ter \u00fcberhaupt nicht unsympathisch finden:<\/p>\n<p>\u201eAm heutigen Tag\u201c, beginnt das Protokoll, \u201ewurde ich durch die Beamten Hartmann und Neugert, gegen 12:45 Uhr zu Hause aufgesucht. Ich wurde gebeten, die Beamten, ins Polizeipr\u00e4sidium nach Dresden zu einer Zeugenvernehmung zu begleiten.<\/p>\n<p>Meinem Vater (May, Hanspeter) wurde gesagt, dass er das Recht hat, bei der Zeugenvernehmung anwesend zu sein, da ich erst 15 Jahre alt bin.<\/p>\n<p>Mein Vater verzichtete auf das Anwesenheitsrecht und gab mich in die Obhut der Beamten, die meinem Vater erkl\u00e4rten, dass sie mich nach der Vernehmung nach Hause zur\u00fcck bringen . Damit war ich und mein Vater einverstanden.<\/p>\n<p>Mir wurde erl\u00e4utert, dass es um die Sache am 13.06.1997 im Petzoldbad in Sebnitz geht.<\/p>\n<p>Mir ist bewusst, dass ich als Zeuge nicht die Unwahrheit sagen darf.<\/p>\n<p>Ich habe die Belehrung verstanden, sie wurde mir durch die Beamten eindeutig erkl\u00e4rt.<\/p>\n<p>Ich bin damit einverstanden, das zus\u00e4tzlich zum Vernehmungsprotokoll eine Tonbandaufzeichnung gefertigt wird, da mir das Lesen schwer f\u00e4llt und es so f\u00fcr mich einfacher ist.<\/p>\n<p>Frage: Beim Gespr\u00e4ch mit deinem Vater erw\u00e4hnte dieser, dass er gegen 12.00 Uhr im Fernsehen die Nachrichten auf RTL gesehen hat. Hast du gemeinsam mit deinem Vater die Nachrichten gesehen?<\/p>\n<p>Antwort: Ja.<\/p>\n<p>Frage: Was hat dein Vater in Bezug auf die Nachrichten zu der Sache im Sebnitzer Bad zu dir gesagt?<\/p>\n<p>Antwort: Es kam gar kein Beitrag dazu.<\/p>\n<p>Frage: Was hast du allgemein in den letzten 3 bis 4 Tagen zum Sebnitzer Bad geh\u00f6rt oder gesehen?<\/p>\n<p>Antwort: Ich habe selbst gar nicht ferngesehen. Wir haben die S\u00e4chsische Zeitung, die holt immer mein gro\u00dfer Bruder. Mein Vater hat sich immer die Sendungen angesehen.<\/p>\n<p>Frage: Hat sich dein Vater dir gegen\u00fcber zu den Beitragen ge\u00e4u\u00dfert?<\/p>\n<p>Antwort: Das wei\u00df ich nicht.<\/p>\n<p>Frage: Ist dir die richterliche Vernehmung vom 16.10.2000 noch in Erinnerung?<\/p>\n<p>Antwort: Ja.<\/p>\n<p>Frage: Kennst du den Inhalt der Vernehmung noch?<\/p>\n<p>Antwort: Ja.<\/p>\n<p>Frage: Ist das alles so abgelaufen wie es in der Vernehmung steht oder gibt es Sachen, die in der Vernehmung stehen, die nicht stimmen?<\/p>\n<p>Antwort: Das was ich in der Vernehmung gesagt habe stimmt.\u201c<\/p>\n<p>Fortsetzung n\u00e4chste Woche.<\/p>\n<p>Mit freundlichen Gr\u00fc\u00dfen<\/p>\n<p>Robert John Bennett<\/p>\n<p>Mauerkircherstrasse 68<\/p>\n<p>81925 Germany<\/p>\n<p>Telephone: +49.89.981.0208<\/p>\n<p>E-Mail: rjbennett@post.harvard.edu<\/p>\n<p>E-Mail an Herrn und Frau Dr. Kantelberg-Abdulla: majoskantelberg@t-online.de<\/p>\n<p>========================================================<\/p>\n","protected":false},"excerpt":{"rendered":"<p>Letter from Munich &#8211; the Joseph Affair &#8211; 58 EINE DEUTSCHE FASSUNG STEHT WEITER UNTEN. 15 February 2002 Dear Mr. Graf, dear friends, Last week Francesca said that according to the transcript Joseph\u2019s parents had given her, Rene May was questioned for a third time on 27 November 2000, this time bz the Dresden police. [&hellip;]<\/p>\n","protected":false},"author":167,"featured_media":0,"parent":0,"menu_order":0,"comment_status":"closed","ping_status":"closed","template":"","meta":{"footnotes":""},"class_list":["post-223","page","type-page","status-publish","hentry"],"_links":{"self":[{"href":"https:\/\/archive.blogs.harvard.edu\/munichletters\/wp-json\/wp\/v2\/pages\/223","targetHints":{"allow":["GET"]}}],"collection":[{"href":"https:\/\/archive.blogs.harvard.edu\/munichletters\/wp-json\/wp\/v2\/pages"}],"about":[{"href":"https:\/\/archive.blogs.harvard.edu\/munichletters\/wp-json\/wp\/v2\/types\/page"}],"author":[{"embeddable":true,"href":"https:\/\/archive.blogs.harvard.edu\/munichletters\/wp-json\/wp\/v2\/users\/167"}],"replies":[{"embeddable":true,"href":"https:\/\/archive.blogs.harvard.edu\/munichletters\/wp-json\/wp\/v2\/comments?post=223"}],"version-history":[{"count":0,"href":"https:\/\/archive.blogs.harvard.edu\/munichletters\/wp-json\/wp\/v2\/pages\/223\/revisions"}],"wp:attachment":[{"href":"https:\/\/archive.blogs.harvard.edu\/munichletters\/wp-json\/wp\/v2\/media?parent=223"}],"curies":[{"name":"wp","href":"https:\/\/api.w.org\/{rel}","templated":true}]}}