{"id":221,"date":"2006-06-06T08:37:53","date_gmt":"2006-06-06T12:37:53","guid":{"rendered":"http:\/\/blogs.law.harvard.edu\/munichletters\/letter-from-munich-056\/"},"modified":"2006-06-06T08:37:53","modified_gmt":"2006-06-06T12:37:53","slug":"letter-from-munich-056","status":"publish","type":"page","link":"https:\/\/archive.blogs.harvard.edu\/munichletters\/letter-from-munich-056\/","title":{"rendered":"Letter from Munich &#8211; 056"},"content":{"rendered":"<p><strong>Letter from Munich &#8211; the Joseph Affair &#8211; 56<\/strong><\/p>\n<p>EINE DEUTSCHE FASSUNG STEHT WEITER UNTEN.<\/p>\n<p>1 February 2002 <\/p>\n<p>Dear Mr. Graf, dear friends,<\/p>\n<p>Continuation of the letter from last week:<\/p>\n<p>Francesca went on reading Rene May\u2019s sworn statement: \u201c\u2019In response to Frau Kantelberg\u2019s question as to how Joseph had behaved and what he had done, when Maik Hauke and Ronny Kunte dragged him to Thalheim\u2019s, and Sandro Richter, Maik Hauke and Ute Schneider worked him over: Joseph cried loudly and struggled.<\/p>\n<p>\u201c\u2019In reply to Frau Kantelberg\u2019s question about why none of the adults there helped Joseph, and whether many adults had seen what was happening to Joseph: I wasn\u2019t looking at the adults. I was looking at Joseph.<\/p>\n<p>\u201c\u2019In answer to Frau Kantelberg\u2019s question about why I didn\u2019t call for help or else help Joseph myself: I thought at first they were just fooling around, until Maik Hauke used the stun gun on Joseph. Then I was afraid, because the adults and the swimming pool personnel didn\u2019t do anything. In fact, the swimming pool personnel went away and hid. I was afraid that if I helped Joseph, they would kill me too.<\/p>\n<p>\u201c\u2019Since around the beginning of the year, when we\u2019ve been sick, my brother Sven and I have been going to Dr. Juergen Mueller. He\u2019s in Muehlgaesschen in Sebnitz. We used to go to the child doctor, Frau Thunig. She often said to us: \u201cDon\u2019t go to the foreigners\u2019 pharmacy, go to the pharmacy in the square.\u201d Frau Thunig said, \u201eThey don\u2019t have the medicine anyway. Go to the pharmacy in the square.\u201d But I went to you (i.e., to the Kantelberg-Abdullas\u2019 pharmacy) anyway, because it was too far for me to go to the square. Besides, you (i.e., the Kantelberg-Abdullas) always had the medicine, when I gave you the paper.<\/p>\n<p>\u201c\u2019In response to Frau Kantelberg\u2019s question as to whether what Frau Thunig had said about the foreigners\u2019 pharmacy was really true: Yes, it\u2019s completely true.<\/p>\n<p>\u201c\u2019In reply to Frau Kantelberg\u2019s question about whether friends reported that Frau Thunig had said things against the foreigners\u2019 pharmacy: Yes, that\u2019s true. Frau Thunig said not to go to the foreigners\u2019 pharmacy, because they don\u2019t have the medicine anyway.<\/p>\n<p>\u201c\u2019In answer to Frau Kantelberg\u2019s question about whether any adult person had said things against the Center Pharmacy (i.e., the pharmacy once owned by the Kantelberg-Abdullas): Yes, the heavy-set lady in Preissler\u2019s (the owner\u2019s name is Hein), the lady with the thick neck, said, \u201cForeigners should get out, the foreigners\u2019 pharmacy should get out.\u201d\u2019\u201d<\/p>\n<p>Francesca paused a moment and then said, \u201cIt then states here, \u2018I have read the above statement and swear it is true. Signed on Thursday, 6 July 2000. Rene May.\u2019 And then there is the almost childish signature, as follows: \u2018Sebnitz, 6.7.2000 Rene May.\u2019\u201d<\/p>\n<p>She lay the papers on the table in front of her chair. \u201cWell,\u201d she said, \u201cit\u2019s strange, isn\u2019t it? And next week it will be even stranger, because I\u2019ll read out another sworn statement, also by Rene May, a statement that the Kantelberg-Abdullas gave me along with the other statements I\u2019ve read. In this third statement, which is a record of the interrogation by the police in Dresden and not by lawyers in front of a judge or by the parents themselves, as was the case with the first two statements, the boy contradicts almost everything he said before.\u201d For a moment she sat there, turning the thin gold ring she was wearing on one finger. \u201cThe Kantelberg-Abdullas gave me this third statement themselves, although it hurts their case, because they believe that the first two statements \u2013 one before a judge in Dresden and one before the Kantelberg-Abdullas themselves \u2013 are true, and that this third statement shows that the boy was put under pressure to tell a harmless version of his story. The Kantelberg-Abdullas could have tried to hide this third statement from me, but they didn\u2019t do that. And so I trust them.\u201d<\/p>\n<p>She looked at the ring for a moment. \u201cYes,\u201d she added, \u201cyou\u2019ll see that the entire case is \u2013 how can I describe it? \u2013 almost Rashomon-like. Kurosawa could have made a masterpiece of it.\u201d<\/p>\n<p>Then she was silent.<\/p>\n<p>Well, what do I know of Kurosawa? I\u2019m a somewhat uneducated old man. And as always, I have to say that an old man like me just doesn\u2019t know what to make of all this. It seems that a child was murdered, and the murderers are free. And not only that, but they were never brought to trial. How can something like that happen in Germany? I just don\u2019t understand it. I wish it were possible that some kind of trial could be held in America, a trial that might make everything clear. But that\u2019s probably impossible, isn\u2019t it?<\/p>\n<p>Sincerely yours,<\/p>\n<p>Robert John Bennett<\/p>\n<p>Mauerkircherstrasse 68<\/p>\n<p>81925 Germany<\/p>\n<p>Telephone: +49.89.981.0208<\/p>\n<p>E-Mail: rjbennett@post.harvard.edu<\/p>\n<p>E-Mail Saad and Renate Kantelberg-Abdulla: majoskantelberg@t-online.de<\/p>\n<p>&#8212;&#8212;&#8212;&#8212;&#8212;&#8212;&#8212;&#8212;&#8212;&#8212;&#8212;&#8212;&#8212;&#8212;&#8212;&#8212;&#8212;&#8212;&#8212;&#8212;&#8212;&#8212;&#8212;&#8212;&#8212;&#8212;&#8212;&#8212;&#8212;&#8212;&#8212;&#8212;&#8212;&#8212;-<\/p>\n<p>Since many recipients of this letter may read German more easily than they read English, the following is the author\u2019s own translation of the above letter. Please note that word-processing programs outside of German-speaking countries may not display all of the letters of the German alphabet correctly.<\/p>\n<p>Bitte vergessen Sie nicht, dass der Autor dieses Briefes Autodidakt ist, was die deutsche Sprache betrifft, und er wei\u00df, dass, wenn es um eine \u00dcbersetzung aus der deutschen Sprache ins Englische geht, viele Fehler hervortreten m\u00fcssen. Er hofft aber, man werde diese Fehler \u00fcbersehen, um hinter den Fehlern das sehen zu k\u00f6nnen, was in diesem Schreiben und in dieser Aff\u00e4re von zentraler Bedeutung ist.<\/p>\n<p>M\u00fcnchen, den 1. Februar 2002<\/p>\n<p>Sehr geehrter Herr Graf, sehr geehrte Freunde,<\/p>\n<p>Fortsetzung von der letzten Woche: <\/p>\n<p>Francesca las Rene Mays eidesstattliche Erkl\u00e4rung vor: \u201e,Auf die Frage von Frau Kantelberg, wie Joseph, als Maik Hauke und Ronny Kunte Joseph zu Thalheims schleppten und Sandro Richter und Maik Hauke Joseph zusammen dann mit Ute Schneider bei Thalheims bearbeiteten, sich verhalten h\u00e4tte und was er gemacht h\u00e4tte, antworte ich: \u201eJoseph weinte laut und strampelte hart\u201c.<\/p>\n<p>Auf die Frage von Frau Kantelbert, warum niemand der erwachsenen Badeg\u00e4ste Joseph geholfen h\u00e4tte und ob manche Erwachsene gesehen h\u00e4tten, was mit Joseph geschah, antworte ich: \u201eIch habe nicht so genau auf die Badeg\u00e4ste geguckt, sondern auf Joseph\u201c.<\/p>\n<p>Auf die Frage von Frau Kantelberg, warum ich nicht um Hilfe gerufen h\u00e4tte oder Joseph geholfen h\u00e4tte, antworte ich: \u201eIch dachte erst mal, sie machen Spa\u00df, bis Maik Hauke Joseph mit dem Elektroschocker qu\u00e4lte. Dann hatte ich Angst, weil die Erwachsenen und das Aufsichtspersonal nichts unternahmen, sondern sich das Aufsichtspersonal sogar versteckte. Ich hatte Angst, dass wenn ich Joseph helfen w\u00fcrde, sie mich auch umbringen w\u00fcrden.<\/p>\n<p>Ich und mein Bruder Sven gehen jetzt, wenn wir krank sind, zum Herrn Dr. J\u00fcrgen M\u00fcller, M\u00fchlg\u00e4sschen in Sebnitz, ungef\u00e4hr seit Anfang dieses Jahres. Ich bin fr\u00fcher mit meinem Bruder Sven zur Kinder\u00e4rztin Frau Thunig gegangen. Frau Thunig hat mir und meinem Bruder oft gesagt: \u201aGeht nicht in die Ausl\u00e4nderapotheke, sondern geht zur Apotheke vorne auf dem Markt\u2019. Frau Thunig hat gesagt: ,Die haben das Medikament sowieso nicht, geht lieber zur Apotheke vorne auf dem Markt\u2019. Ich bin aber trotzdem zu ihnen gekommen, weil mir der Weg zum Markt zu weit war. Au\u00dferdem hatten Sie immer das Medikament, wenn ich Ihnen den Zettel gegeben habe\u201c.<\/p>\n<p>Auf die Frage von Frau Kantelberg, stimmt das wirklich das Frau Thunig von der Ausl\u00e4nderapotheke gesprochen hat, antworte ich: \u201eJa, das stimmt, ganz bestimmt\u201c. <\/p>\n<p>Auf die Frage von Frau Kantelberg, hast du von deinen Freunden geh\u00f6rt, dass Frau Thunig gegen die Ausl\u00e4nderapotheke gehetzt hat, antworte ich: \u201eJa, das stimmt. Frau Thunig hat gesagt, \u201aGeht nicht zur Ausl\u00e4nderapotheke, die haben das Medikament sowieso nicht\u2019\u201c.<\/p>\n<p>Auf die Frage von Frau Kantelberg, ob ich mitbekommen h\u00e4tte, das irgendein Erwachsener gegen die Center Apotheke (die Apotheke der Kantelberg-Abdullas) gehetzt h\u00e4tte, antworte ich: \u201eJa, ich habe z.B. bei Prei\u00dflers (Inhaber Hein) von der dicken Frau mit dem dicken Hals geh\u00f6rt: Ausl\u00e4nder raus, die Apotheke vom Ausl\u00e4nder soll raus\u201c\u2019\u201c.<\/p>\n<p>Francesca hielt einen Augenblick inne, dann sagte sie, \u201eEs steht hier, \u201aIch habe obige Aussage gelesen und best\u00e4tige sie eidesstattlich. Unterschreiben am Donnerstag, den 06.07.2000. Rene May\u2019. Und dann dann die fast kindische Unterschrift, wie folgt: \u201aSebnitz, den 6.7.2000 Rene May\u2019\u201c.<\/p>\n<p>Sie legte die Papiere auf den Tisch, der vor ihrem Sessel stand. \u201eNa ja\u201c, sagte sie, \u201ees ist ein R\u00e4tsel, oder? Und n\u00e4chste Woche wird es noch r\u00e4tselhafter werden, weil ich anfangen werde, noch eine Zeugenvernehmung von Rene May vorzulesen, eine Zeugenvernehmung, die die Kantelberg-Abdullas mir gegeben haben, zusammen mit allem, was ich bis jetzt vorgelesen habe. In dieser dritten Vernehmung von Rene May, gef\u00fchrt von der Polizei in Dresden und nicht von Rechtsanw\u00e4lten vor einer Richterin oder von Josephs Eltern, wie die ersten zwei Vernehmungen, widerspricht der Junge fast alles, was er vorher gesagt hat\u201c. Nachdenklich drehte sie den d\u00fcnnen goldenen Ring, den sie trug. \u201eDie Kantelberg-Abdullas haben mir diese dritte Vernehmung gegeben, obwohl sie ihrer Sache schadet, weil sie glauben, dass die erste zwei Vernehmungen \u2013 vor einer Dresdner Richterin und vor den Kantelberg-Abdullas selbst \u2013 wahr sind, und dass diese dritte Vernehmung zeigt, dass der Junge unter Druck gestellt wurde, damit er eine neue und harmlose Version seiner Geschichte erz\u00e4hlen w\u00fcrde. Die Kantelberg-Abdullas h\u00e4tten versuchen k\u00f6nnen, mir diese dritte Vernehmung zu verheimlichen, aber sie haben das nicht getan. Also vertraue ich ihnen\u201c.<\/p>\n<p>Sie schaute den Ring einen Augenblick an. \u201eJa\u201c, f\u00fcgte sie hinzu, \u201eihr werdet sehen, dass der ganze Fall \u2013 was kann man sagen? \u2013 fast \u201aRashomon\u2019-artig ist. Kurosawa h\u00e4tte ein Meisterwerk daraus machen k\u00f6nnen\u201c.<\/p>\n<p>Dann schwieg sie.<\/p>\n<p>Na ja, was wei\u00df ich von Kurosawa? Ich bin ein ziemlich ungebildeter alter Mann. Und wie \u00fcblich muss ich sagen, dass ein alter Mann, wie ich es bin, einfach nicht viel mit dieser Sache anfangen kann. Es scheint, Leute einen Mord an einem Kind begangen haben, aber die M\u00f6rder sind frei. Dar\u00fcber hinaus wurde es ihnen gar kein Prozess gemacht. Wie kann so etwas in Deutschland heutzutage passieren? Das verstehe ich einfach nicht. Ich w\u00fcnsche mir aber, es w\u00e4re m\u00f6glich, dass ein Prozess in Amerika stattfinden k\u00f6nnte, das all dies erkl\u00e4ren w\u00fcrde. Das ist vielleicht unm\u00f6glich, oder?<\/p>\n<p>Mit freundlichen Gr\u00fc\u00dfen<\/p>\n<p>Robert John Bennett<\/p>\n<p>Mauerkircherstrasse 68<\/p>\n<p>81925 Germany<\/p>\n<p>Telephone: +49.89.981.0208<\/p>\n<p>E-Mail: rjbennett@post.harvard.edu<\/p>\n<p>E-Mail an Herrn und Frau Dr. Kantelberg-Abdulla: majoskantelberg@t-online.de<\/p>\n<p>========================================================<\/p>\n","protected":false},"excerpt":{"rendered":"<p>Letter from Munich &#8211; the Joseph Affair &#8211; 56 EINE DEUTSCHE FASSUNG STEHT WEITER UNTEN. 1 February 2002 Dear Mr. Graf, dear friends, Continuation of the letter from last week: Francesca went on reading Rene May\u2019s sworn statement: \u201c\u2019In response to Frau Kantelberg\u2019s question as to how Joseph had behaved and what he had done, [&hellip;]<\/p>\n","protected":false},"author":167,"featured_media":0,"parent":0,"menu_order":0,"comment_status":"closed","ping_status":"closed","template":"","meta":{"footnotes":""},"class_list":["post-221","page","type-page","status-publish","hentry"],"_links":{"self":[{"href":"https:\/\/archive.blogs.harvard.edu\/munichletters\/wp-json\/wp\/v2\/pages\/221","targetHints":{"allow":["GET"]}}],"collection":[{"href":"https:\/\/archive.blogs.harvard.edu\/munichletters\/wp-json\/wp\/v2\/pages"}],"about":[{"href":"https:\/\/archive.blogs.harvard.edu\/munichletters\/wp-json\/wp\/v2\/types\/page"}],"author":[{"embeddable":true,"href":"https:\/\/archive.blogs.harvard.edu\/munichletters\/wp-json\/wp\/v2\/users\/167"}],"replies":[{"embeddable":true,"href":"https:\/\/archive.blogs.harvard.edu\/munichletters\/wp-json\/wp\/v2\/comments?post=221"}],"version-history":[{"count":0,"href":"https:\/\/archive.blogs.harvard.edu\/munichletters\/wp-json\/wp\/v2\/pages\/221\/revisions"}],"wp:attachment":[{"href":"https:\/\/archive.blogs.harvard.edu\/munichletters\/wp-json\/wp\/v2\/media?parent=221"}],"curies":[{"name":"wp","href":"https:\/\/api.w.org\/{rel}","templated":true}]}}