{"id":218,"date":"2006-06-06T08:33:47","date_gmt":"2006-06-06T12:33:47","guid":{"rendered":"http:\/\/blogs.law.harvard.edu\/munichletters\/letter-from-munich-053\/"},"modified":"2006-06-06T08:33:47","modified_gmt":"2006-06-06T12:33:47","slug":"letter-from-munich-053","status":"publish","type":"page","link":"https:\/\/archive.blogs.harvard.edu\/munichletters\/letter-from-munich-053\/","title":{"rendered":"Letter from Munich &#8211; 053"},"content":{"rendered":"<p><strong>Letter from Munich &#8211; the Joseph Affair &#8211; 53<\/strong><\/p>\n<p>EINE DEUTSCHE FASSUNG STEHT WEITER UNTEN.<\/p>\n<p>11 January 2002 <\/p>\n<p>Dear Mr. Graf, dear friends,<\/p>\n<p>Continuation of the letter from last week:<\/p>\n<p>Francesca went on reading: \u201c\u2019To Frau Kantelberg\u2019s question about what the swimming pool monitor looked like and what her name was, I can answer that she was short and dark \u2013 brown hair, fat. I know her really well, because I go swimming a lot when it\u2019s warm.<\/p>\n<p>\u201c\u2019When Frau Kantelberg asks, how this heavy-set monitor behaved, I can answer that she saw how Joseph was forced to drink something and how he cried; she also saw how Joseph lay on the ground in front of Thalheim\u2019s stand and pulled himself over to the water faucet; she also saw how Joseph was carried over to the deep paddling pool by Maik Hauke and Sandro Richter and thrown into the water. She saw how Maik Hauke and Sandro Richter jumped on top of Joseph while he was lying face down at the bottom of the paddling pool.<\/p>\n<p>\u201c\u2019Then the woman ran over to some guys who wanted to get into the pool and swim, and said to them, \u201cNot now, later.\u201d The guys went away. While this was happening, Sandro Richter and Maik Hauke were jumping on Joseph\u2019s back in the pool. Then this fat lady went away.<\/p>\n<p>\u201c\u2019When Frau Kantelberg asks if I\u2019m sure that this monitor, the fat lady, Frau Goebel, really was working alone that day, I can answer I\u2019m absolutely sure. I\u2019m also really sure that Daniela Richter was sitting in the control room with Frau Goebel the whole time that Joseph was under the water.<\/p>\n<p>\u201c\u2019In answer to Frau Dr. Kantelberg\u2019s question about who was working in Thalheim\u2019s snack stand that day, I\u2019m certain that the old Thalheim couple, the man and his wife, were working. And also another woman with black hair, about thirty years old, was working at Thalheim\u2019s that day. I\u2019m absolutely sure that the old Frau Thalheim gave Ute Schneider the drink. I made a mistake in my statement on 29 March 2000, when I talked about the person who gave the drink there. It wasn\u2019t the employee of the Thalheims\u2019 who gave Ute Schneider the drink and the French fries, it was the old Frau Thalheim. I\u2019m absolutely sure of that. Old Frau Thalheim and the employee looked on when Ute Schneider gave Joseph the drink. Old Herr Thalheim went into the side room\u201d.<\/p>\n<p>\u201c\u2019In answer to Frau Kantelberg\u2019s question about what Ute Schneider did with the drink that she got from old Frau Thalheim, this is what I say: when Ute Schneider got the drink in a cup, she held it in her left hand and with her right hand she pulled a small brown bottle out of her pants pocket. Ute Schneider poured some liquid from the small brown bottle into the cup with the drink in it that she\u2019d gotten from old Frau Thalheim and she stirred it with a straw. She was wearing shorts and a bikini top.\u201d\u2019\u201d<\/p>\n<p>As always, I have to say that an old man like me just doesn\u2019t know what to make of all this.<\/p>\n<p>Continued next week.<\/p>\n<p>Sincerely yours,<\/p>\n<p>Robert John Bennett<\/p>\n<p>Mauerkircherstrasse 68<\/p>\n<p>81925 Germany<\/p>\n<p>Telephone: +49.89.981.0208<\/p>\n<p>E-Mail: rjbennett@post.harvard.edu<\/p>\n<p>E-Mail Saad and Renate Kantelberg-Abdulla: majoskantelberg@t-online.de<\/p>\n<p>&#8212;&#8212;&#8212;&#8212;&#8212;&#8212;&#8212;&#8212;&#8212;&#8212;&#8212;&#8212;&#8212;&#8212;&#8212;&#8212;&#8212;&#8212;&#8212;&#8212;&#8212;&#8212;&#8212;&#8212;&#8212;&#8212;&#8212;&#8212;&#8212;&#8212;&#8212;&#8212;&#8212;&#8212;-<\/p>\n<p>Since many recipients of this letter may read German more easily than they read English, the following is the author\u2019s own translation of the above letter. Please note that word-processing programs outside of German-speaking countries may not display all of the letters of the German alphabet correctly.<\/p>\n<p>Bitte vergessen Sie nicht, dass der Autor dieses Briefes Autodidakt ist, was die deutsche Sprache betrifft, und er wei\u00df, dass, wenn es um eine \u00dcbersetzung aus der deutschen Sprache ins Englische geht, viele Fehler hervortreten m\u00fcssen. Er hofft aber, man werde diese Fehler \u00fcbersehen, um hinter den Fehlern das sehen zu k\u00f6nnen, was in diesem Schreiben und in dieser Aff\u00e4re von zentraler Bedeutung ist.<\/p>\n<p>M\u00fcnchen, den 11. Januar 2002<\/p>\n<p>Sehr geehrter Herr Graf, sehr geehrte Freunde,<\/p>\n<p>Fortsetzung von der letzten Woche:<\/p>\n<p>Francesca las vor: \u201e,Auf dei Frage von Frau Kantelberg, wie die Aufpasserin des Schwimmbades aussah und wie sie hei\u00dft, antworte ich: \u201eKurze dunkle schwarz \u2013 braune Haare, dick. Ich kenne sie sehr gut, da ich oft, wenn es warm ist, schwimmen gehe\u201c.<\/p>\n<p>Auf die Frage von Frau Kantelberg, wie diese dicke Aufpasserin sich verhalten h\u00e4tte, antworte ich: \u201eSie hat gesehen, wie Joseph mit Gewalt zu trinken bekommen hat und geweint hat, sie hat auch gesehen wie Joseph am Boden vor Thalheims lag und sich zu den Wasserh\u00e4hnen geschleppt hat, sie hat auch gesehen wie Joseph von Maik Hauke und von Sandro Richter zum tiefen Becken getragen wurde und ins Wasser geworfen wurde. Sie hat auch gesehen wie Maik Hauke und Sandro Richter auf Joseph, der auf dem Boden mit dem R\u00fccken nach oben im wasser des tiefen Beckens lag, herumgesprungen sind.<\/p>\n<p>Da andere Jugendliche ins tiefe Becken springen und schwimmen wollten, lief sie schnell zu diesen Jugendlichen hin und sagte zu ihnen: ,Jetzt k\u00f6nnt ihr nicht springen, erst sp\u00e4ter\u2019. Die Jugendlichen sind dann weggegangen. W\u00e4hrend dieser Zeit sprangen Sandro Richter und Maik Hauke auf Josephs R\u00fccken im tiefen Becken herum. Dann ist diese dicke Aufpasserin wieder weggegangen.\u201c<\/p>\n<p>Auf die Frage von Frau Kantelberg, ob ich mir ganz sicher bin, dass die dicke Aufpasserin, Frau G\u00f6bel, wirklich alleine Aufsicht an diesem Tag gef\u00fchrt h\u00e4tte, antworte ich: \u201eIch bin mir absolut sicher. Ich bin mir auch ganz sicher, dass Daniela Richter zusammen mit Frau G\u00f6bel, w\u00e4hrend der Zeit des Untertauchens von Joseph zusammen im Kontrollraum sa\u00df\u201c.<\/p>\n<p>Auf die Frage von Frau Dr. Kantelberg, wer an diesem Tag bei Thalheims gearbeitet hat, antworte ich: \u201eIch bin mir ganz sicher, dass an diesem Tag die Alten Thalheims, Mann und Frau, arbeiteten. Zus\u00e4tzlich arbeitete noch eine Frau, mit schwarzen Haaren, vielleicht um die drei\u00dfig Jahre alt, an diesem Tag bei Thalheims. Ich bin mir ganz sicher, dass die alte Frau Thalheim Ute Schneider das Getr\u00e4nk gegeben hat. Ich habe mich in meiner ersten Aussage vom 29.03.2000 im Bezug auf die Person, die das Getr\u00e4nk von Thalheims herausgegeben hat, vertan. Es war nicht die Mitarbeiterin von Thalheims, die Ute Schneider das Getr\u00e4nk und Pommes Frites gegeben hat, sondern die alte Frau Thalheim. Ich bin mir absolut sicher. Die alte Frau Thalheim und deren Mitarbeiterin haben zugeschaut, wie Ute Schneider Joseph das Getr\u00e4nk gegeben hat. Der alte Herr Thalheim ist in den Nebenraum gegangen\u201c.<\/p>\n<p>Auf die Frage von Frau Kantelberg, was Ute Schneider mit dieser Fl\u00fcssigkeit, die sie von der alten Frau Thalheim bekommen hatte, als n\u00e4chstes gemacht hat, antworte ich: \u201eAls Ute Schneider die Fl\u00fcssigkeit im Becher bekommen hatte, hielt sie diesen Becher mit der Fl\u00fcssigkeit in der linken Hand und sie holte mit der rechten Hand aus ihrer Hosentasche eine kleine braune Flasche heraus. Ute Schneider go\u00df die Fl\u00fcssigkeit aus dieser kleinen braunen Flasche in den Becher mit der Fl\u00fcssigkeit, den sie von der alten Frau Thalheim bekommen hatte und hat dann alles mit einem Stohhalm im Becher verr\u00fchrt. Sie trug eine kurze Hose mit Bikini-Oberteil\u201c\u2019\u201c.<\/p>\n<p>Wie \u00fcblich muss ich sagen, dass ein alter Mann, wie ich es bin, einfach nicht viel mit alles dieses anfangen kann.<\/p>\n<p>Fortsetzung n\u00e4chste Woche. <\/p>\n<p>Mit freundlichen Gr\u00fc\u00dfen<\/p>\n<p>Robert John Bennett<\/p>\n<p>Mauerkircherstrasse 68<\/p>\n<p>81925 Germany<\/p>\n<p>Telephone: +49.89.981.0208<\/p>\n<p>E-Mail: rjbennett@post.harvard.edu<\/p>\n<p>E-Mail an Herrn und Frau Dr. Kantelberg-Abdulla: majoskantelberg@t-online.de<\/p>\n<p>========================================================<\/p>\n","protected":false},"excerpt":{"rendered":"<p>Letter from Munich &#8211; the Joseph Affair &#8211; 53 EINE DEUTSCHE FASSUNG STEHT WEITER UNTEN. 11 January 2002 Dear Mr. Graf, dear friends, Continuation of the letter from last week: Francesca went on reading: \u201c\u2019To Frau Kantelberg\u2019s question about what the swimming pool monitor looked like and what her name was, I can answer that [&hellip;]<\/p>\n","protected":false},"author":167,"featured_media":0,"parent":0,"menu_order":0,"comment_status":"closed","ping_status":"closed","template":"","meta":{"footnotes":""},"class_list":["post-218","page","type-page","status-publish","hentry"],"_links":{"self":[{"href":"https:\/\/archive.blogs.harvard.edu\/munichletters\/wp-json\/wp\/v2\/pages\/218","targetHints":{"allow":["GET"]}}],"collection":[{"href":"https:\/\/archive.blogs.harvard.edu\/munichletters\/wp-json\/wp\/v2\/pages"}],"about":[{"href":"https:\/\/archive.blogs.harvard.edu\/munichletters\/wp-json\/wp\/v2\/types\/page"}],"author":[{"embeddable":true,"href":"https:\/\/archive.blogs.harvard.edu\/munichletters\/wp-json\/wp\/v2\/users\/167"}],"replies":[{"embeddable":true,"href":"https:\/\/archive.blogs.harvard.edu\/munichletters\/wp-json\/wp\/v2\/comments?post=218"}],"version-history":[{"count":0,"href":"https:\/\/archive.blogs.harvard.edu\/munichletters\/wp-json\/wp\/v2\/pages\/218\/revisions"}],"wp:attachment":[{"href":"https:\/\/archive.blogs.harvard.edu\/munichletters\/wp-json\/wp\/v2\/media?parent=218"}],"curies":[{"name":"wp","href":"https:\/\/api.w.org\/{rel}","templated":true}]}}