{"id":214,"date":"2006-06-02T04:19:42","date_gmt":"2006-06-02T08:19:42","guid":{"rendered":"http:\/\/blogs.law.harvard.edu\/munichletters\/letter-from-munich-049\/"},"modified":"2006-06-02T04:19:42","modified_gmt":"2006-06-02T08:19:42","slug":"letter-from-munich-049","status":"publish","type":"page","link":"https:\/\/archive.blogs.harvard.edu\/munichletters\/letter-from-munich-049\/","title":{"rendered":"Letter from Munich &#8211; 049"},"content":{"rendered":"<p><strong>Letter from Munich &#8211; the Joseph Affair &#8211; 49<\/strong><\/p>\n<p>EINE DEUTSCHE FASSUNG STEHT WEITER UNTEN.<\/p>\n<p>14 December 2001 <\/p>\n<p>Dear Mr. Graf, dear friends,<\/p>\n<p>Continuation:<\/p>\n<p>Adolf interrupted Pascalette and said, \u201cBut this boy, this Rene May, retracted everything.\u201d<\/p>\n<p>Pascalettes laughter was bitter and world-weary. \u201cIf you read the retraction \u2013 and you\u2019ll be able to do that later \u2013 you\u2019ll see that in this retraction Rene May is simply saying what he has to say, what he\u2019s been instructed to say. It\u2019s obvious he was put under tremendous pressure.\u201d<\/p>\n<p>She looked at Adolf with mild contempt. Then, \u201cDo you want to know,\u201d she said to us, \u201chow the German system of justice really functions? In an editorial in the Sueddeutsche Zeitung of Wednesday, 12 December 2001, the editor writes about an investigating committee of the Bavarian state legislature: \u2018The 300 pages of transcript that contain the statement of the former district attorney Winfried Maier should be obligatory reading in the schools of Bavaria. Never before has there been a more merciless exposure of the system of supposedly independent official \u2018advisory instructions\u2019 \u2013 \u201cofficial whims\u201d would be a better term \u2013 that German district attorneys are subject to. Maier, whom the Bavarian justice ministry would like to brand a troublemaker, does not represent an isolated case. Hardly one of his colleagues, though, publicly dares give the problem its proper name. One can only guess how many less courageous district attorneys have had their motivation destroyed by harassment, idiotic bureaucratic demands, and psychological pressure, or how many court cases have been stonewalled for political reasons. What is so pernicious about this system is that it needs absolutely no explicit agreements among the parties running it. The right people in the right places \u2013 put in position of course by the government \u2013 cement all the right power relationships. District attorneys, though, should be independent of such a system.\u2019\u201d<\/p>\n<p>Pascalette\u2019s expression was uncharacteristically hard and cold. \u201cThis editorial concerns an attempt made by the Bavarian government to defend itself when faced with a possible scandal in weapons dealing, where enormous amounts of money \u2013 in the millions \u2013 were involved. But Bavaria is no isolated case. District attorneys and the authorities everywhere in Germany are often under great political pressure \u2013 in Saxony, for example, in the case of the murder of the boy Joseph.\u201d<\/p>\n<p>Her hair had fallen across part of her face and she swept it away with a backward movement of her head. \u201cNow you can all better understand why no one in the Joseph affair has been charged \u2013 except of course for the parents, who are being charged with spreading \u2018false suspicions\u2019. Now you can understand why the witness, the boy Rene May, was later forced to retract his statement under oath, the statement in which he said:<\/p>\n<p>\u2018While this group was there, Maik Hauke and Sandro Richter threw Joseph in the deep water. The group was egging both of them on. Especially Ute Schneider shouted, \u201cOkay, just do it. Throw him in.\u201d Ute Schneider swore at Joseph really loud, shouting \u201cForeign shit.\u201d<\/p>\n<p>\u2018The whole group laughed and looked on without trying to help. Maik Hauke and Sandro Richter jumped directly on Joseph and then jumped up and down on his back. Joseph didn\u2019t move. Also three guys, Kai Bleschke, Ronny Kunte and Rene Grossman jumped on Josephs back and bounced up and down on it. They kept on jumping up and down for about ten minutes. Then they all got out of the water. When the group went away, Joseph was under water, for about five minutes. Gunther Winkler, a tanned, dark-haired muscular man, who\u2019s in the swimming pool a lot, was sitting at first with Frau Carovac, a big woman, on the bench in front of the indoor swimming pool, near the control room. Then he went over to the group and looked from the corner \u2013 near the deep pool, directly opposite the flowerbed near the hedge \u2013 to wear Joseph had disappeared under the water. Frau Schuster, another big woman, who used to work in the Center Pharmacy was standing nearby, about four or five meters away and saw how Joseph disappeared under the water. When that was happening, Frau Goebel was sitting with Daniela Richter, a fat woman, in the control room. Herr Goldschmidt wasn\u2019t there the whole time. Frau Goebel was in charge.<\/p>\n<p>\u2018The whole group went away then, all of them. Some other boys brought three guys over. A woman, not Frau Richter, came out of the water and got Frau G\u00f6bel out of the control room. I didn\u2019t see when Herr Goldschmidt came. The ambulances came around 3:30 pm.<\/p>\n<p>\u2018I have read the above and I affirm it under oath.<\/p>\n<p>Signed on Wednesday, the 29 March 2000, Rene May, living at Lange Strasse 16 in Sebitz (01855)\u2019.<\/p>\n<p>\u201cAnd that my friends,\u201d said Pascalette, \u201cis justice in Germany.\u201d<\/p>\n<p>Well, again, what can I say? I\u2019m just a simple old man. And, it\u2019s said, a very naive one too. Maybe less naive people will read this and know that this could really happen, in Germany of all places, and now of all times, almost sixty years after the Nazis.<\/p>\n<p>Sincerely yours,<\/p>\n<p>Robert John Bennett<\/p>\n<p>Mauerkircherstrasse 68<\/p>\n<p>81925 Germany<\/p>\n<p>Telephone: +49.89.981.0208<\/p>\n<p>E-Mail: rjbennett@post.harvard.edu<\/p>\n<p>E-Mail Saad and Renate Kantelberg-Abdulla: majoskantelberg@t-online.de<\/p>\n<p>&#8212;&#8212;&#8212;&#8212;&#8212;&#8212;&#8212;&#8212;&#8212;&#8212;&#8212;&#8212;&#8212;&#8212;&#8212;&#8212;&#8212;&#8212;&#8212;&#8212;&#8212;&#8212;&#8212;&#8212;&#8212;&#8212;&#8212;&#8212;&#8212;&#8212;&#8212;&#8212;&#8212;&#8212;-<\/p>\n<p>Since many recipients of this letter may read German more easily than they read English, the following is the author\u2019s own translation of the above letter. Please note that word-processing programs outside of German-speaking countries may not display all of the letters of the German alphabet correctly.<\/p>\n<p>Bitte vergessen Sie nicht, dass der Autor dieses Briefes Autodidakt ist, was die deutsche Sprache betrifft, und er wei\u00df, dass, wenn es um eine \u00dcbersetzung aus der deutschen Sprache ins Englische geht, viele Fehler hervortreten m\u00fcssen. Er hofft aber, man werde diese Fehler \u00fcbersehen, um hinter den Fehlern das sehen zu k\u00f6nnen, was in diesem Schreiben und in dieser Aff\u00e4re von zentraler Bedeutung ist.<\/p>\n<p>M\u00fcnchen, den 14. December 2001<\/p>\n<p>Sehr geehrter Herr Graf, sehr geehrte Freunde,<\/p>\n<p>Fortsetzung:<\/p>\n<p>Adolf unterbrach Pascalette und sagte, \u201eAber dieser Junge, dieser Rene May, hat alles zur\u00fcckgenommen.\u201c<\/p>\n<p>Pascalettes Lachen war bitter und etwas lebens\u00fcberdr\u00fcssig. \u201eWenn man diese Zur\u00fccknahme liest \u2013 und das wirst du sp\u00e4ter tun k\u00f6nnen \u2013 ist es ersichtlich, dass Rene May in dieser sogenannten \u201aZur\u00fccknahme\u2019 nur das sagt, was er sagen musste, was er auf Anweisung sagen musste. Es ist klar, dass er unter enormem Druck stand.\u201c<\/p>\n<p>Sie schaute Adolf mit leichter Verachtung an. Dann, \u201eWollt ihr wissen\u201c, sagte sie zu uns, \u201ewie die Justiz in Deutschland wirklich funktioniert? In einem Leitartikel \u00fcber einen Untersuchungsausschuss des Bayerischen Landtages, der in der S\u00fcddeutschen Zeitung vom 12.12.2001 steht, schreibt man: \u201aDie 300 Seiten Protokoll mit den Aussagen des fr\u00fcheren Staatsanwalts Winfried Maier sollten Pflichtlekt\u00fcre an den Schulen des Landes werden. Noch nie ist das fragw\u00fcrdige System der Abh\u00e4ngigkeit von Weisungen, ja von Launen, dem die deutschen Staatsanwaltschaften unterliegen, schonungsloser blo\u00dfgestellt worden. Maier, den die bayerische Justiz gern zum Querulanten abstempeln w\u00fcrde, ist sicher kein Einzelfall. Doch kaum ein Kollege von der Staatsanwaltschaft traut sich, das Problem \u00f6ffentlich zu benennen. Wie vielen weniger couragierten Staatsanw\u00e4lten mit Schikane, unsinnigen Berichtsanforderungen und psychologischem Druck aber schon die Lust am Ermitteln ausgetrieben worden ist, wie viele Verfahren aus politischen Gr\u00fcnden versandet sind, l\u00e4sst sich nur ahnen. Das T\u00fcckische an diesem System ist, dass es gar keiner gro\u00dfen Absprachen bedarf. Die richtigen Leute am richtigen Platz, nat\u00fcrlich ernannt von der Regierung \u2013 schon werden die Machtverh\u00e4ltnisse zementiert. Staatsanw\u00e4lte sollten weisungsunabh\u00e4ngig sein\u2019\u201c.<\/p>\n<p>Pascalettes Gesichtsausdruck war ungewohnt hart und kalt. \u201eDieser Leitartikel hat mit dem Versuch zu tun, den die bayerische Staatsregierung unternimmt, sich vor einem eventuellen Waffenhandelsskandal zu verteidigen, wo es um eine enorme Geldfrage geht, wo es um Millionen geht. Aber Bayern ist kein Einzelfall. Die Staatsanw\u00e4lte und Beh\u00f6rden \u00fcberall in Deutschland oft unterliegen viel politiischen Druck \u2013 in Sachsen, zum Beispiel, in dem Fall Joseph\u201c.<\/p>\n<p>Pascalette waren die Haare ins Gesicht gefallen und sie warf sie mit einer Kopfbewegung zur\u00fcck. \u201eJetzt k\u00f6nnt ihr alle besser verstehen, warum niemand im Fall Joseph angeklagt wurde, au\u00dfer der Eltern, nat\u00fcrlich, die wegen der Verbreitung \u201afalscher Verd\u00e4chtigungen\u2019 angeklagt werden. Jetzt k\u00f6nnt ihr begreifen, warum der Zeuge, der junge Rene May, sp\u00e4ter gezwungen wurde diese eidesstattliche Versicherung zur\u00fcckzuziehen, in der er Folgendes sagte:<\/p>\n<p>\u201aIn Gegenwart dieser Gruppe haben Maik Hauke und Sandro Richter Joseph in das tiefe Wasser geworfen. Die Gruppe ermutigte die beiden. Vor allem Ute Schneider schrie: \u201eNa, mach\u2019s endlich, schmei\u00df ihn schon rein\u201c. Ute Schneider beschimpfte Joseph laut mit Schei\u00df Ausl\u00e4nder.<\/p>\n<p>Die ganze Gruppe lachte und guckte tatenlos zu. Maik Hauke und Sandro Richter sprangen direkt auf Joseph drauf und hopsten auf seinem R\u00fccken herum. Joseph gab kein Zeichen von sich. Auch die drei Jungen, Kai Bleschke, Ronny Kunte und Rene Gro\u00dfmann sprangen auf Josephs R\u00fccken und hopsten auf seinem R\u00fccken herum. Sie hopsten ungef\u00e4hr 10 Minuten auf Joseph herum. Dann sind sie alle raus aus dem Wasser. Als die Gruppe wegging lag Joseph unter Wasser, ungef\u00e4hr f\u00fcnf Minuten lang. G\u00fcnther Winkler, ein dunkelbrauner schwarzhaariger, muskul\u00f6ser Mann, der sehr oft im Schwimmbad ist, sa\u00df mit der dicken Frau Carovac zun\u00e4chst auf der Bank vor dem Hallenbad, in der N\u00e4he des Kontrollraumes. Sp\u00e4ter ging er zu der Gruppe hin und schaute von der Eck aus \u2013 neben dem tiefen Becken gleich gegen\u00fcber vom Rondell in der N\u00e4he der Hecke \u2013 zu wie Joseph untergetaucht wurde. Die dicke Frau Schuster, die fr\u00fcher in der Center-Apotheke gearbeitet hatte, stand in der N\u00e4he, ungef\u00e4hr 4 \u2013 5 Meter entfernt und schaute zu wie Joseph untergetaucht wurde. W\u00e4hrend der Zeit der Untertauchens sa\u00df Frau G\u00f6bel zusammen mit der dicken Daniela Richter im Kontrollraum. Herr Goldschmidt war die ganze Zeit nicht da. Frau G\u00f6bel f\u00fchrte alleine Aufsicht.<\/p>\n<p>Die ganze Gruppen ist dann weggegangen, alle. Andere Jungen, drei Jungen holten sie heraus. Eine Frau, nicht Frau Richter, kam aus dem Wasser heraus and holte Frau G\u00f6bel aus dem Kontrollraum. Ich habe nicht gesehen, wann Herr Goldschmidt kam. Die Rettungswagen kamen ungef\u00e4hr um 15:30 Uhr an.<\/p>\n<p>Ich habe obige Aussage gelsen und best\u00e4tige sie eidesstattlich.<\/p>\n<p>Unterschrieben am Mittwoch, den 29.03.2000, Rene May, wh. Lange Str. 16 in 01855 Sebnitz\u2019.<\/p>\n<p>Und das meine Freunde\u201c, sagte Pascalette, \u201eist die Justiz in Deutschland\u201c.<\/p>\n<p>Na ja, was kann ich sagen? Ich bin nur ein einfacher alter Mann. Sehr naiv, hei\u00dft es. Vielleicht w\u00fcrden weniger naive Menschen diese Zeilen lesen und dann wissen, ob all dies ausgerechnet in Deutschland, ausgerechnet jetzt, fast sechzig Jahre nach dem Ende der Nazi-Diktatur, passieren kann.<\/p>\n<p>Mit freundlichen Gr\u00fc\u00dfen<\/p>\n<p>Robert John Bennett<\/p>\n<p>Mauerkircherstrasse 68<\/p>\n<p>81925 Germany<\/p>\n<p>Telephone: +49.89.981.0208<\/p>\n<p>E-Mail: rjbennett@post.harvard.edu<\/p>\n<p>E-Mail an Herrn und Frau Dr. Kantelberg-Abdulla: majoskantelberg@t-online.de<\/p>\n<p>========================================================<\/p>\n","protected":false},"excerpt":{"rendered":"<p>Letter from Munich &#8211; the Joseph Affair &#8211; 49 EINE DEUTSCHE FASSUNG STEHT WEITER UNTEN. 14 December 2001 Dear Mr. Graf, dear friends, Continuation: Adolf interrupted Pascalette and said, \u201cBut this boy, this Rene May, retracted everything.\u201d Pascalettes laughter was bitter and world-weary. \u201cIf you read the retraction \u2013 and you\u2019ll be able to do [&hellip;]<\/p>\n","protected":false},"author":167,"featured_media":0,"parent":0,"menu_order":0,"comment_status":"closed","ping_status":"closed","template":"","meta":{"footnotes":""},"class_list":["post-214","page","type-page","status-publish","hentry"],"_links":{"self":[{"href":"https:\/\/archive.blogs.harvard.edu\/munichletters\/wp-json\/wp\/v2\/pages\/214","targetHints":{"allow":["GET"]}}],"collection":[{"href":"https:\/\/archive.blogs.harvard.edu\/munichletters\/wp-json\/wp\/v2\/pages"}],"about":[{"href":"https:\/\/archive.blogs.harvard.edu\/munichletters\/wp-json\/wp\/v2\/types\/page"}],"author":[{"embeddable":true,"href":"https:\/\/archive.blogs.harvard.edu\/munichletters\/wp-json\/wp\/v2\/users\/167"}],"replies":[{"embeddable":true,"href":"https:\/\/archive.blogs.harvard.edu\/munichletters\/wp-json\/wp\/v2\/comments?post=214"}],"version-history":[{"count":0,"href":"https:\/\/archive.blogs.harvard.edu\/munichletters\/wp-json\/wp\/v2\/pages\/214\/revisions"}],"wp:attachment":[{"href":"https:\/\/archive.blogs.harvard.edu\/munichletters\/wp-json\/wp\/v2\/media?parent=214"}],"curies":[{"name":"wp","href":"https:\/\/api.w.org\/{rel}","templated":true}]}}