{"id":208,"date":"2006-05-31T07:08:19","date_gmt":"2006-05-31T11:08:19","guid":{"rendered":"http:\/\/blogs.law.harvard.edu\/munichletters\/letter-from-munich-043\/"},"modified":"2006-05-31T07:08:19","modified_gmt":"2006-05-31T11:08:19","slug":"letter-from-munich-043","status":"publish","type":"page","link":"https:\/\/archive.blogs.harvard.edu\/munichletters\/letter-from-munich-043\/","title":{"rendered":"Letter from Munich &#8211; 043"},"content":{"rendered":"<p><strong>Letter from Munich &#8211; the Joseph Affair &#8211; 43<\/strong><\/p>\n<p>EINE DEUTSCHE FASSUNG STEHT WEITER UNTEN.<\/p>\n<p>2 November 2001<\/p>\n<p>Dear Mr. Graf, dear friends,<\/p>\n<p>\u201cIn Germany, district attorneys do what the politicians want,\u201d said Philippe, \u201cand it\u2019s a good thing too. Think of the Bavarian arms dealing scandal, for example, in which the name Max Strauss, scion of Bavaria\u2019s leading political dynasty, constantly appears. The former \u2013 actually the fired \u2013 district attorney Winfried Maier stated before an investigating committee of the Bavarian legislature, according to the Sueddeutsche Zeitung of 27 October 2001: \u2018Effective investigation is no longer possible. . . . What had me personally very worried was that I was always supposed to write the case led one to such and such a conclusion, when in fact I had a quite different opinion\u2019.\u201d<\/p>\n<p>Philippe laughed derisively. \u201cAnd if politicians in Bavaria can put pressure on district attorneys in order to cover up an arms dealing scandal, do you really think that politicians in Saxony would find it difficult to cover up the fact that a single child, Joseph Abdulla, was killed by neo-Nazis, if these politicians wanted to protect either Saxony\u2019s reputation or the offspring of prominent local families?\u201d<\/p>\n<p>\u201cI don\u2019t know,\u201d I replied.<\/p>\n<p>\u201cYou don\u2019t know,\u201d he repeated scornfully. \u201cAnd I suppose you also don\u2019t know that you are still, more and more, being harassed at your little university, because of those stupid letters you write every week. And you also don\u2019t know, I\u2019m sure, that one example of this harassment is the fact that pages of reading material for your students are constantly disappearing from the university\u2019s copy center.\u201d<\/p>\n<p>\u201cNo, I don\u2019t know that,\u201d I said somewhat confusedly, \u201cand even if I did know it, I wouldn\u2019t believe it.\u201d<\/p>\n<p>He laughed. \u201cAnd you also don\u2019t know, I suppose, whether or not the university lecturer in English has a key to the copy center?\u201d<\/p>\n<p>\u201cHe has nothing to do with mobbing!\u201d I said, very loudly.<\/p>\n<p>He laughed again. \u201cLet\u2019s change the subject. What I want to know is this: do you really have the slightest idea what is going to happen if you dare continue quoting official transcripts of criminal proceedings in those ridiculous \u2018Letters from Munich\u2019?\u201d<\/p>\n<p>\u201cI don\u2019t quote them,\u201d I said, again a little too loud. \u201cOther people quote them and I just write what these people say.\u201d<\/p>\n<p>He laughed once again. \u201cWe\u2019ll see whether or not any German judge is going to accept such an asinine argument in your defense. With your gracious permission,\u201d he added sarcastically, \u201cI\u2019d like to read a few lines from another issue of the Sueddeutsche from last week: \u2018The controversial disappearance of computer data, as well as the destruction of important documents related to the (Kohl government\u2019s) slush fund scandal, in Kohl\u2019s office, has had legal consequences. However, those accused are not members of Kohl\u2019s government, but rather three editors of the Hamburg newspaper Die Zeit. They have been charged by the Hamburg district attorney with quoting in a news article \u201cessentially word for word, official documents related to criminal and disciplinary proceedings\u201d before any public hearings had taken place; this is a punishable offense\u2019.\u201d<\/p>\n<p>He smiled with satisfaction. \u201cAs always in Germany, the victims get blamed, because all Germans, journalists or not, are Kohl\u2019s victims, and they deserve to be.\u201d<\/p>\n<p>He stared at me. \u201cSpeaking of punishable offenses, and of people who should be punished, how are things with Joseph\u2019s parents? I suppose they\u2019re still insisting that their child was murdered?\u201d<\/p>\n<p>Anton interrupted us. \u201cPhilippe, it will probably be a source of great pleasure \u2013 great malicious pleasure \u2013 if I tell you that Joseph\u2019s father phoned me a few days ago and said that he was almost in despair. He\u2019s bankrupt. He has no work and no income. The politicians in Saxony have just about managed to finish him off. And Joseph\u2019s mother sent me a letter: \u2018Saad and I have written a response to the district attorney\u2019s decision to end all proceedings related to Joseph\u2019s death. We haven\u2019t yet sent the response, though, because it just doesn\u2019t seem worth it to go on corresponding with corrupt justice officials who are blind to the truth. As a well-known attorney said to Saad, in virtually these words, after Joseph\u2019s murder: \u201cThe German justice system is influenced by the right, Mr. Abdulla. You\u2019re a foreigner. I would say you have a fifty percent chance of ever having this case resolved. Despite that, do you still want to proceed?\u201d The three murderers are still running around quite happily. I think it\u2019s only a matter of time before they find their next victim\u2019.\u201d<\/p>\n<p>This letter will be continued next week.<\/p>\n<p>Sincerely yours,<\/p>\n<p>Robert John Bennett<\/p>\n<p>Mauerkircherstrasse 68<\/p>\n<p>81925 Germany<\/p>\n<p>Telephone: +49.89.981.0208<\/p>\n<p>E-Mail: rjbennett@post.harvard.edu<\/p>\n<p>E-Mail for Saad and Renate Kantelberg-Abdulla: majoskantelberg@t-online.de<\/p>\n<p>&#8212;&#8212;&#8212;&#8212;&#8212;&#8212;&#8212;&#8212;&#8212;&#8212;&#8212;&#8212;&#8212;&#8212;&#8212;&#8212;&#8212;&#8212;&#8212;&#8212;&#8212;-<\/p>\n<p>Since many recipients of this letter may read German more easily than they read English, the following is the author\u2019s own translation of the above letter. Please note that word-processing programs outside of German-speaking countries may not display all of the letters of the German alphabet correctly.<\/p>\n<p>Bitte vergessen Sie nicht, dass der Autor dieses Briefes Autodidakt ist, was die deutsche Sprache betrifft, und er wei\u00df, dass die folgende \u00dcbersetzung viele Fehler enth\u00e4lt. Er hofft aber, man werde diese Fehler \u00fcbersehen, um hinter den Fehlern das sehen zu k\u00f6nnen, was in diesem Schreiben und in dieser Aff\u00e4re von zentraler Bedeutung ist.<\/p>\n<p>M\u00fcnchen, den 2. November 2001<\/p>\n<p>Sehr geehrter Herr Graf, sehr geehrte Freunde,<\/p>\n<p>\u201eIn Deutschland tun die Staatsanw\u00e4lte das, was die Politiker wollen\u201c, sagte Philippe, \u201eund das ist auch gut so. Im bayerischen Waffenhandelsskandal, zum Beispiel, in dem der Name Max Strau\u00df immer wieder auftaucht, hat der ehemaliger \u2013 eigentlich gefeuerter \u2013 Staatsanwalt Winfried Maier vor dem Ausschuss des bayerischen Landtags ausgesagt, nach der S\u00fcddeutschen Zeitung vom 27. Oktober 2001, ,Konsequente Ermittlungen sind nicht mehr m\u00f6glich. . . . Mich hat pers\u00f6nlich aufgeregt, dass ich immer schreiben sollte, das ist so und so, wenn ich anderer Auffassung war\u2019.\u201c<\/p>\n<p>Philippe l\u00e4chelte h\u00f6hnisch. \u201eUnd wenn die Politiker in Bayern die Staatsanwaltschaft unter Druck setzten kann, um einen Waffenhandelsskandal zu vertuschen, glaubst du wirklich, dass es den Politikern in Sachsen schwer fallen w\u00fcrde, die Tatsache zu vertuschen, dass ein einziges Kind, Joseph Abdulla, von Neonazis get\u00f6tet wurde, wenn diese Politiker entweder den Ruf des Staates oder die Nachkommenschaft von wichtigen Familien in Sachsen sch\u00fctzen wollten?\u201c<\/p>\n<p>\u201eDas wei\u00df ich nicht\u201c, antwortete ich.<\/p>\n<p>\u201eDas wei\u00dft du nicht\u201c, wiederholte er sp\u00f6ttisch. \u201eUnd ich gehe davon aus, dass du auch nicht wei\u00dft, dass du wegen deiner bl\u00f6dsinnigen w\u00f6chentlichen Briefe immer noch und immer st\u00e4rker gemobbt wirst, an deinem Universit\u00e4tchen. Und du wei\u00dft auch nicht, dass es ein Beispiel f\u00fcr Mobbing ist, dass Seiten vom Lesestoff f\u00fcr deine Studenten immer wieder aus der Universit\u00e4tskopierstelle verschwinden, oder?\u201c<\/p>\n<p>\u201eNein, das auch wei\u00df ich nicht\u201c, sagte ich etwas verwirrt, \u201eund sogar wenn ich das w\u00fc\u00dfte, w\u00fcrde ich es nicht glauben\u201c.<\/p>\n<p>Er lachte. \u201eUnd du wei\u00df auch nicht, nehme ich an, ob der Universit\u00e4tslektor f\u00fcr Englisch einen Schl\u00fcssel zu diese Kopierstelle hat\u201c.<\/p>\n<p>\u201eDieser Mann hat nichts mit Mobbing zu tun!\u201c sagte ich, sehr laut.<\/p>\n<p>Er lachte nochmals. \u201eLassen wir dieses Thema. Was ich eigentlich wissen will, ist dies: hast du wirklich nicht die leiseste Ahnung, was dir passieren wird, wenn du amtliche Schriftst\u00fccke eines Strafverfahrens in deinen l\u00e4cherlichen ,Briefen aus M\u00fcnchen\u2019 weiterzitieren wagst?\u201c<\/p>\n<p>\u201eIch zitiere sie nicht\u201c; sagte ich, nochmals etwas ein wenig zu laut. \u201eAndere Menschen zitieren sie, und ich schreibe nur das, was diese Menschen sagen.<\/p>\n<p>Noch einmal lachte er. \u201eWir werden sehen, ob ein deutscher Richter so ein dummes Argument zu deiner Verteidigung annehmen wird. Mit Ihrer g\u00fctigen Erlaubnis\u201c, f\u00fcgte er sarkastisch hinzu, \u201em\u00f6chte ich noch ein paar Zeilen aus der S\u00fcddeutschen von letzter Wochen vorlesen: ,Die umstrittene L\u00f6schung von Daten sowie die Beseitigung wichtiger Akten \u00fcber den CDU-Finanzskandal aus dem Bundeskanzleramt findet ein gerichtliches Nachspiel. Angeklagt sind aber nicht ehemalige Verantwortliche aus der Regierung von Helmut Kohl, sondern drei Redakteure des Hamburger Wochenblatts Die Zeit. Ihnen wird von der Hamburger Staatsanwaltschaft vorgeworfen, in einem der Artikel \u201eamtliche Schriftst\u00fccke eines Strafverfahrens und eines Disziplinarverfahrens in wesentlichen Teilen im Wortlaut\u201c noch vor der \u00f6ffentlichen Verhandlung zitiert zu haben; dies sei strafbar\u2019.\u201c<\/p>\n<p>Er l\u00e4chelte vor Zufriedenheit. \u201eWie immer in Deutschland, gibt man den Opfern die Schuld, weil alle Deutschen, Journalisten und nicht Journalisten Kohls Opfer sind, und sie haben es verdient\u201c.<\/p>\n<p>Er starrte mich an. \u201eUnd apropos das, was strafbar ist, und diejenigen, die gestraft sein m\u00fcssen, wie geht es mit den Eltern von Joseph? Ich gehe davon aus, dass sie nach wie vor behaupten, dass ihr Kind ermordet worden ist?\u201c<\/p>\n<p>Hier unterbrach Anton unser Gespr\u00e4ch. \u201eNa ja, Philippe, es wird dir wahrscheinlich eine reine Freude machen \u2013 oder besser gesagt, eine reine Schadenfreude \u2013 wenn ich dir sage, dass der Vater mich vor ein paar Tagen angerufen und mir gesagt hat, dass er fast verzweifelt sei. Er war bankrott. Er hat keine Arbeit und kein Einkommen. Die s\u00e4chsischen Politiker haben es fast geschafft, ihn fertig zu machen. Und die Mutter hat mir vor einigen Tagen diesen Brief zugeschickt: ,Saad und ich haben schon lange die Antwort auf die Einstellungsverf\u00fcgung der Staatsanwaltschaft fertig geschrieben. Bis jetzt haben wir aber die Erwiderung nicht an die Staatsanwaltschaft abgeschickt, da es sich nicht lohnt mit einer korrupten und auf dem rechten Auge blinden Justiz zu korrespondieren. Wie sagte ein renommierter Rechtsanwalt kurz nach der Ermordung Josephs sinngem\u00e4\u00df zu Saad: \u201eDie deutsche Justiz ist rechts, Herr Abdulla. Sie sind Ausl\u00e4nder. Ich gebe Ihnen h\u00f6chtens eine Chance von 50%, da\u00df der Fall aufgekl\u00e4rt und verhandelt wird. Wollen Sie sich trotzdem rechtsanwaltlich vertreten lassen?\u201c Die drei Hauptm\u00f6rder laufen also munter weiter herum. Es ist meines Erachtens nur eine Frage der Zeit bis sie ihr n\u00e4chstes Opfer finden\u2019.\u201c<\/p>\n<p>Fortsetzung folgt n\u00e4chste Woche.<\/p>\n<p>Mit freundlichen Gr\u00fc\u00dfen<\/p>\n<p>Robert John Bennett<\/p>\n<p>Mauerkircherstrasse 68<\/p>\n<p>81925 Germany<\/p>\n<p>Telephone: +49.89.981.0208<\/p>\n<p>E-Mail: rjbennett@post.harvard.edu<\/p>\n<p>E-Mail an Herrn und Frau Dr. Kantelberg-Abdulla: majoskantelberg@t-online.de<\/p>\n<p>========================================================<\/p>\n","protected":false},"excerpt":{"rendered":"<p>Letter from Munich &#8211; the Joseph Affair &#8211; 43 EINE DEUTSCHE FASSUNG STEHT WEITER UNTEN. 2 November 2001 Dear Mr. Graf, dear friends, \u201cIn Germany, district attorneys do what the politicians want,\u201d said Philippe, \u201cand it\u2019s a good thing too. Think of the Bavarian arms dealing scandal, for example, in which the name Max Strauss, [&hellip;]<\/p>\n","protected":false},"author":167,"featured_media":0,"parent":0,"menu_order":0,"comment_status":"closed","ping_status":"closed","template":"","meta":{"footnotes":""},"class_list":["post-208","page","type-page","status-publish","hentry"],"_links":{"self":[{"href":"https:\/\/archive.blogs.harvard.edu\/munichletters\/wp-json\/wp\/v2\/pages\/208","targetHints":{"allow":["GET"]}}],"collection":[{"href":"https:\/\/archive.blogs.harvard.edu\/munichletters\/wp-json\/wp\/v2\/pages"}],"about":[{"href":"https:\/\/archive.blogs.harvard.edu\/munichletters\/wp-json\/wp\/v2\/types\/page"}],"author":[{"embeddable":true,"href":"https:\/\/archive.blogs.harvard.edu\/munichletters\/wp-json\/wp\/v2\/users\/167"}],"replies":[{"embeddable":true,"href":"https:\/\/archive.blogs.harvard.edu\/munichletters\/wp-json\/wp\/v2\/comments?post=208"}],"version-history":[{"count":0,"href":"https:\/\/archive.blogs.harvard.edu\/munichletters\/wp-json\/wp\/v2\/pages\/208\/revisions"}],"wp:attachment":[{"href":"https:\/\/archive.blogs.harvard.edu\/munichletters\/wp-json\/wp\/v2\/media?parent=208"}],"curies":[{"name":"wp","href":"https:\/\/api.w.org\/{rel}","templated":true}]}}