{"id":204,"date":"2006-05-30T04:35:44","date_gmt":"2006-05-30T08:35:44","guid":{"rendered":"http:\/\/blogs.law.harvard.edu\/munichletters\/letter-from-munich-039\/"},"modified":"2006-05-30T04:35:44","modified_gmt":"2006-05-30T08:35:44","slug":"letter-from-munich-039","status":"publish","type":"page","link":"https:\/\/archive.blogs.harvard.edu\/munichletters\/letter-from-munich-039\/","title":{"rendered":"Letter from Munich &#8211; 039"},"content":{"rendered":"<p><strong>Letter from Munich &#8211; the Joseph Affair &#8211; 39<\/strong><\/p>\n<p>EINE DEUTSCHE FASSUNG STEHT WEITER UNTEN.<\/p>\n<p>5 October 2001 <\/p>\n<p>Dear Mr. Graf, dear friends,<\/p>\n<p>Author\u2019s Note: Last week I ended the letter with the following excerpt from the transcript of the examination of Rene May, in the investigation into the death of the child Joseph Kantelberg-Abdulla:<\/p>\n<p>In answer to a question, the witness replied: \u201cThey threw him in the paddling pool and jumped in right after. Before that, they unwrapped him from the towel.\u201d<\/p>\n<p>In answer to another question, the witness replied: \u201cAfter a while, maybe ten minutes, the three left the paddling pool and dried themselves off. Then they went towards the changing rooms. I could see all this from the whirlpool.\u201d<\/p>\n<p>(Author\u2019s note: In the German media, it has often been emphasized, that the assertion that Joseph was murdered must be false, because the often repeated statement that thirty, forty or fifty skinheads were at the bath could not be supported. The witness in question here, Rene May, who was fifteen at the time of the questioning, stated in this regard, according to the official transcript:)<\/p>\n<p>In answer to a question, the witness replied: \u201cAs far as I know, the three (accused) had nothing to do with the skinhead group. The skinheads came to the swimming pool later. When the three (accused) were gone, I went over to the large wading pool, to see about Joseph, because he hadn\u2019t come out with them. But I didn\u2019t see him. I was afraid to get involved.\u201d<\/p>\n<p>In answer to a question, the witness replied: \u201cI didn\u2019t tell this to anyone, not even my dad, because I didn\u2019t want to.\u201d<\/p>\n<p>In answer to a question about why he told this to Joseph\u2019s mother this year, the witness replied: \u201cShe said to me that she needed it. She had taken statements from other witnesses. She told me she had taken statements from Daniel Steiner and David Schlaeger.\u201d (Author\u2019s note: The Joseph\u2019s mother denies having named names.)<\/p>\n<p>In answer to a question about whether he had repeatedly answered questions from Joseph\u2019s mother by saying \u201cYes, that\u2019s the way it was\u201d, the witness replied: \u201cI don\u2019t exactly know anymore. But I know that she did not read other people\u2019s statements to me.\u201d (Author\u2019s note: It has often been asserted in the media and elsewhere, that Joseph\u2019s mother had prompted witnesses like Rene May to tell her own version of the death of her son. The transcript continues:)<\/p>\n<p>In answer to a question, about whether he understood the significance of his sworn testimony and his statement today, the witness at first did not reply. In answer to a further question about whether Joseph\u2019s death was an accident, in which the child had unfortunately drowned, he stated: \u201cNo, it wasn\u2019t.\u201d<\/p>\n<p>In answer to a question, about what it was then, the witness did not reply. He was then told that according to his account, Joseph had been murdered, and he was asked if he understood that; he answered, \u201cYes.\u201d<\/p>\n<p>(Author\u2019s note: In the Sueddeutsche Zeitung of 2 October 2001, there was an article by Ulrike Loehr, with the title (in German), \u201cPeople Don\u2019t Die of Old Age\u201d and the subhead (in German), \u201cBecause of external pressure and sloppy work, doctors issue false death certificates \u2013 with consequences for living family members.\u201d<\/p>\n<p>Ms. Loehr writes: \u201cBut even without external pressure many doctors are negligent during an autopsy.\u201d (Author\u2019s additional note: Joseph\u2019s uncle, who is a doctor and who was present at the original and doubtless decisive autopsy of Joseph\u2019s body, has made extensive statements about the ways in which this autopsy was faulty.) Ms. Loehr continues, \u201cThe result is that forty percent of death certificates are wrong, according to an estimate by a Munich forensic physician, Dr. Wolfgang Eisenmenger. And at least 1200 murder offenses per year in Germany are wrongly classified as \u2018natural death,\u2019 according to an earlier Muenster report in which twenty institutes of forensic medicine were studied. But even if the doctor confirms that death was not due to natural causes, or cannot be explained, the police do not always intervene \u2013 even though they are legally required to.\u201d)<\/p>\n<p>This letter will be continued next week.<\/p>\n<p>Sincerely yours,<\/p>\n<p>Robert John Bennett<\/p>\n<p>Mauerkircherstrasse 68<\/p>\n<p>81925 Germany<\/p>\n<p>Telephone: +49.89.981.0208<\/p>\n<p>E-Mail: rjbennett@post.harvard.edu<\/p>\n<p>&#8212;&#8212;&#8212;&#8212;&#8212;&#8212;&#8212;&#8212;&#8212;&#8212;&#8212;&#8212;&#8212;&#8212;&#8212;&#8212;&#8212;&#8212;&#8212;&#8212;&#8212;<\/p>\n<p>Since many recipients of this letter may read German more easily than they read English, the following is the author\u2019s own translation of the above letter. Please note that word-processing programs outside of German-speaking countries may not display all of the letters of the German alphabet correctly.<\/p>\n<p>Bitte vergessen Sie nicht, dass der Autor dieses Briefes Autodidakt ist, was die deutsche Sprache betrifft, und er wei\u00df, dass die folgende \u00dcbersetzung viele Fehler enth\u00e4lt. Er hofft aber, man werde diese Fehler \u00fcbersehen, um hinter den Fehlern das sehen zu k\u00f6nnen, was in diesem Schreiben und in dieser Aff\u00e4re von zentraler Bedeutung ist.<\/p>\n<p>M\u00fcnchen, den 5. Oktober 2001<\/p>\n<p>Sehr geehrter Herr Graf, sehr geehrte Freunde,<\/p>\n<p>Anmerkung des Verfassers: Ich habe den Brief von letzter Woche mit Auszug aus dem Protokoll der Vernehmung des Zeugen Rene May, in dem Todesermittlungsverfahren des Kindes Joseph Kantelberg-Abdulla, beendet:<\/p>\n<p>Auf Frage: \u201eSie warfen ihn in das Becken hinein und sprangen unmittelbar hinterher. Zuvor hatten sie ihn aus dem Handtuch ausgewickelt\u201c.<\/p>\n<p>Auf Frage: \u201eNach einer Weile, sch\u00e4tzungsweise nach zehn Minuten, haben die drei dann das gro\u00dfe Becken verlassen und sich abgetrocknet. Danach bewegten sie sich Richtung Umkleidekabinen. Das alles konnte ich von Strudel aus beobachten\u201c.<\/p>\n<p>(Anmerkung des Verfassers: In den Medien wurde es oft betont, dass die Behauptung, dass Joseph ermordet worden war, falsch sein muss, weil die oft wiederholte Behauptung, dass drei\u00dfig, vierzig oder f\u00fcnfzig Skinheads im Bad anwesend waren, nicht erh\u00e4rtet werden konnte. Dieser Zeuge, Rene May, der f\u00fcnfzehn Jahre alt zur Zeit der Vernehmung war, hat dem Protokoll nach das Folgende \u00fcber dieses Thema, ausgesagt:)<\/p>\n<p>Auf Frage: \u201eMit der Skin-Gruppe hatten die drei (Beschuldigten), soweit ich wei\u00df, nichts zu tun. Die Skins kamen erst sp\u00e4ter ins Bad. Als die drei aus dem Becken waren, bin ich an das gro\u00dfe Becken gegangen, um nach dem Joseph zu sehen, weil er nicht mit rausgekommen war. Ich habe ihn aber nicht gesehen. Aus Angst habe ich nicht gewagt, vorher einzugreifen.\u201c<\/p>\n<p>Auf Frage: \u201eIch habe das niemanden auch meinem Vati nicht erz\u00e4hlt, weil ich das nicht wollte.\u201c<\/p>\n<p>Das Protokoll<\/p>\n<p>Auf Vorhalt, warum er das der Mutti von Joseph dieses Jahr erz\u00e4hlt hat: \u201eDie hat mir gesagt, dass sie es dann braucht. Die hat auch von anderen Aussagen aufgenommen. Sie hat mir erz\u00e4hlt, dass sie von Daniel Steiner und David Schl\u00e4ger Aussagen aufgenommen hat.\u201c (Anmerkung des Verfassers: Die Mutter von Joseph bestreit, Namen genannt zu haben.)<\/p>\n<p>Auf Vorhalt, ob er bei der Mutter von Joseph auf deren Fragen und Vorhalte immer erkl\u00e4rt hat: \u201eJa, so war es\u201c, erkl\u00e4rt er: \u201eDas wei\u00df ich nicht mehr so genau. Ich wei\u00df aber, dass sie mir Aussagen von anderen nicht vorgelesen hat.\u201c (Anmerkung des Verfassers: Es wurde oft behauptet, in den Medien und anderswo, dass die Mutter von Joseph Zeugen wie Rene May ihre eigene Version des Todes ihres Sohnes souffliert hat. Das Protokoll setzt fort, wie folgt:)<\/p>\n<p>Auf Vorhalt, ob er sich \u00fcber die Bedeutung seiner eidesstattlichen Erkl\u00e4rungen und seiner heutigen Aussage im klaren ist, antwortet er zun\u00e4chst nicht. Auf weiteren Vorhalt, ob es sich um einen Ungl\u00fccksfall handelt, bei dem der Joseph ungl\u00fccklicherweise ertrunken ist, erkl\u00e4rt er: \u201eNein, das war es nicht.\u201c<\/p>\n<p>Auf Frage, was es denn war, antwortet er nicht. Auf Vorhalt, dass nach seiner Schilderung der Joseph ermordet worden ist; ob ihm das klar ist, antwortet er: \u201eJa.\u201c<\/p>\n<p>(Anmerkung des Verfassers: In der S\u00fcddeutschen Zeitung vom 2.10.2001 stand ein Artikel von Ulrike L\u00f6hr, mit dem Titel \u201eAn Altersschw\u00e4che stirbt man nicht\u201c und dem Untertitel: \u201eDurch Druck von au\u00dfen und aus Schlamperei stellen \u00c4rzte Totenscheine falsch aus \u2013 mit Folgen f\u00fcr die Lebenden\u201c. <\/p>\n<p>Frau L\u00f6hr schreibt: \u201eDoch auch ohne Druck von au\u00dfen sind viele \u00c4rzte nachl\u00e4ssig bei der Leichenschau\u201c. (Zus\u00e4tzliche Anmerkung des Verfassers: Josephs Onkel, der Artzt ist und der bei der ursprunglichen Leichenschau anwesend war, hat genau detailliert, wie diese ursprungliche und zweifelsohne entscheidende Leichenschau mangelhaft war.) Frau L\u00f6hr f\u00e4hrt fort: \u201eDie Konsequenz: 40 Prozent der Totenscheine sind falsch, sch\u00e4tzt der M\u00fcnchner Rechtsmediziner Wolfgang Eisenmenger. Und mindestens 1200 T\u00f6tungsdelikte werden pro Jahr in Deutschland f\u00e4lschlicherweise als ,nat\u00fcrlicher Tod\u2019 klassifiziert, wie aus einer fr\u00fcheren M\u00fcnsteraner Studie an mehr als 20 gerichtsmedizinischen Instituten hervorgeht. Doch selbst wenn der Arzt eine ,nicht nat\u00fcrliche\u2019 oder ,ungekl\u00e4rte\u2019 Todesursache feststellt, schaltet nicht jeder die Polizei ein \u2013 obwohl das vorgeschrieben ist. [Deutsches \u00c4rzteblatt, Nr.36, S.A2245, 2001]\u201c).<\/p>\n<p>Die Fortsetzung dieses Briefes folgt n\u00e4chste Woche.<\/p>\n<p>Mit freundlichen Gr\u00fc\u00dfen<\/p>\n<p>Robert John Bennett<\/p>\n<p>Mauerkircherstrasse 68<\/p>\n<p>81925 Germany<\/p>\n<p>Telephone: +49.89.981.0208<\/p>\n<p>E-Mail: rjbennett@post.harvard.edu<\/p>\n<p>========================================================<\/p>\n","protected":false},"excerpt":{"rendered":"<p>Letter from Munich &#8211; the Joseph Affair &#8211; 39 EINE DEUTSCHE FASSUNG STEHT WEITER UNTEN. 5 October 2001 Dear Mr. Graf, dear friends, Author\u2019s Note: Last week I ended the letter with the following excerpt from the transcript of the examination of Rene May, in the investigation into the death of the child Joseph Kantelberg-Abdulla: [&hellip;]<\/p>\n","protected":false},"author":167,"featured_media":0,"parent":0,"menu_order":0,"comment_status":"closed","ping_status":"closed","template":"","meta":{"footnotes":""},"class_list":["post-204","page","type-page","status-publish","hentry"],"_links":{"self":[{"href":"https:\/\/archive.blogs.harvard.edu\/munichletters\/wp-json\/wp\/v2\/pages\/204","targetHints":{"allow":["GET"]}}],"collection":[{"href":"https:\/\/archive.blogs.harvard.edu\/munichletters\/wp-json\/wp\/v2\/pages"}],"about":[{"href":"https:\/\/archive.blogs.harvard.edu\/munichletters\/wp-json\/wp\/v2\/types\/page"}],"author":[{"embeddable":true,"href":"https:\/\/archive.blogs.harvard.edu\/munichletters\/wp-json\/wp\/v2\/users\/167"}],"replies":[{"embeddable":true,"href":"https:\/\/archive.blogs.harvard.edu\/munichletters\/wp-json\/wp\/v2\/comments?post=204"}],"version-history":[{"count":0,"href":"https:\/\/archive.blogs.harvard.edu\/munichletters\/wp-json\/wp\/v2\/pages\/204\/revisions"}],"wp:attachment":[{"href":"https:\/\/archive.blogs.harvard.edu\/munichletters\/wp-json\/wp\/v2\/media?parent=204"}],"curies":[{"name":"wp","href":"https:\/\/api.w.org\/{rel}","templated":true}]}}