{"id":203,"date":"2006-05-30T04:33:48","date_gmt":"2006-05-30T08:33:48","guid":{"rendered":"http:\/\/blogs.law.harvard.edu\/munichletters\/letter-from-munich-038\/"},"modified":"2006-05-30T04:33:48","modified_gmt":"2006-05-30T08:33:48","slug":"letter-from-munich-038","status":"publish","type":"page","link":"https:\/\/archive.blogs.harvard.edu\/munichletters\/letter-from-munich-038\/","title":{"rendered":"Letter from Munich &#8211; 038"},"content":{"rendered":"<p><strong>Letter from Munich &#8211; the Joseph Affair &#8211; 38<\/strong><\/p>\n<p>EINE DEUTSCHE FASSUNG STEHT WEITER UNTEN.<\/p>\n<p>28 September 2001 <\/p>\n<p>Dear Mr. Graf, dear friends,<\/p>\n<p>As I mentioned last I week, I recently received a transcript of the questioning by a judge of a witness in the investigation into the death of the child Joseph Kantelberg-Abdulla. (Dresden district court: 270 Gs 3141\/00 and 414 Js 53329\/00.) According to the transcript, the questioning took place on 16 October 2000 in Dresden and began at 1:07 PM. Those present are listed as: District Court Judge Weidig, District Attorney Flockerzy, and Court Reporter Koedel, as well as the witness, Rene May. According to the information in the transcript, the witness was born on 20 May 1985 in Sebnitz, was residing in that town, and was a pupil in the ninth grade. The transcript begins with the standard formula: \u201cThe witness was informed of the object of the investigation. He was admonished to tell the truth and was made aware of his right to remain silent under German law (Para. 52 I StPO) if he was a relative of the accused. . . . The witness was also informed that his statement could have the force of sworn testimony. He was advised of the significance of an oath taken before the court, . . . as well as of the fact that under German law (Para. 153 \u2013 155 StGB) a false or incomplete statement before the court is a punishable offense.\u201d<\/p>\n<p>Despite this admonition, at the start of questioning, the witness was reluctant to state what he had seen at the swimming pool in Sebnitz on 13 June 1997. He apparently preferred to express his hostility toward Joseph\u2019s mother, Frau Dr. Kantelberg-Abdulla. However, after questioning was interrupted from 2:04 PM to 2:32 PM, he stated:<\/p>\n<p>\u201cJoseph, his sister, my brother Sven and I went to the deep paddling pool. After a short while Joseph left the pool, and Sven and I moved towards the whirlpool. From there I saw that Maik Hauke and Sandro Richter, together with the girl Ute Schneider, were bothering and pestering Joseph. The whole thing happened in the paddling pool area. They hit Joseph in the neck. Then the girl took out a small bottle. The bottle had the shape of a bottle for medicine like nose drops, but I couldn\u2019t see what was in the bottle. The bottle was opened and what was inside was poured into a drink, it could have been cola. Joseph was forced to drink this up. Then he was wrapped in a big white towel. He was held by Maik and Sandro, and the girl wrapped him in the towel.\u201d<\/p>\n<p>In answer to a question, the witness replied: \u201cJoseph fell down right after he drank. After they\u2019d wrapped him in the towel, they dragged him to the deep paddling pool, all three. This paddling pool was empty then, though there were a lot of people in the main swimming pool that day.\u201d<\/p>\n<p>In answer to a question, the witness replied: \u201cThey threw him in the paddling pool and jumped in right after. Before that, they unwrapped him from the towel.\u201d<\/p>\n<p>In answer to another question, the witness replied: \u201cAfter a while, maybe ten minutes, the three left the paddling pool and dried themselves off. Then they went towards the changing rooms. I could see all this from the whirlpool.\u201d<\/p>\n<p>Continued next week.<\/p>\n<p>Sincerely yours,<\/p>\n<p>Robert John Bennett<\/p>\n<p>Mauerkircherstrasse 68<\/p>\n<p>81925 Germany<\/p>\n<p>Telephone: +49.89.981.0208<\/p>\n<p>E-Mail: rjbennett@post.harvard.edu<\/p>\n<p>&#8212;&#8212;&#8212;&#8212;&#8212;&#8212;&#8212;&#8212;&#8212;&#8212;&#8212;&#8212;&#8212;&#8212;&#8212;&#8212;&#8212;&#8212;&#8212;&#8212;&#8211;<\/p>\n<p>Since many recipients of this letter may read German more easily than they read English, the following is the author\u2019s own translation of the above letter. Please note that word-processing programs outside of German-speaking countries may not display all of the letters of the German alphabet correctly.<\/p>\n<p>Bitte vergessen Sie nicht, dass der Autor dieses Briefes Autodidakt ist, was die deutsche Sprache betrifft, und er wei\u00df, dass die folgende \u00dcbersetzung viele Fehler enth\u00e4lt, es sei denn, es geht um Aussage, die ursprunglich auf Deutsch ge\u00e4u\u00dfert wurden. Der Autor hofft aber, man werde diese Fehler \u00fcbersehen, um hinter den Fehlern das sehen zu k\u00f6nnen, was in diesem Schreiben und in dieser Aff\u00e4re von zentraler Bedeutung ist.<\/p>\n<p>M\u00fcnchen, den 28. September 2001<\/p>\n<p>Sehr geehrter Herr Graf, sehr geehrte Freunde,<\/p>\n<p>wie ich letzte Woche erw\u00e4hnte, habe ich ein Protokoll einer richterlichen Zeugenvernehmung in dem Todesermittlungsverfahren des Kindes Joseph erhalten. (Gesch\u00e4ftszeichen des Amtsgerichts Dresden: 270 Gs 3141\/00 und 414 Js 53329\/00.) Am Anfang des Protokolls steht es, dass die Vernehmung am 16. Oktober 2000 in Dresden stattfand und sie begann um 13.07 Uhr. Anwesend war Richterin am Amtsgericht Weidig, Herr Staatsanwalt Flockerzy, Justizangestellte K\u00f6del sowie der f\u00fcr den Termin geladene Zeuge Rene May. Der Zeuge ist am 20. Mai in Sebnitz geboren, ist wohnhaft in Sebnitz und ist Sch\u00fcler in der 9. Klasse. Im Protokoll steht es auch, \u201eDer Zeuge wurde mit dem Gegenstand der Untersuchung bekannt gemacht. Er wurde zur Wahrheit ermahnt und dar\u00fcber belehrt, dass er berechtigt ist, das Zeugnis zu verweigern, wenn er zu den in \u00a7 52 I StPO bezeichneten Angeh\u00f6rigen des Beschuldigten geh\u00f6re. . . . Der Zeuge wurde auch darauf hingewiesen, dass er seine Aussage unter Umst\u00e4nden schon jetzt zu beeiden haben werde. Er w\u00fcrde \u00fcber die Bedeutung des Eides, . . . so wie \u00fcber die strafrechtlichen Folgen einer unrichtigen oder unvollst\u00e4ndigen Aussage (\u00a7 153 \u2013 155 StGB) belehrt\u201c.<\/p>\n<p>Trotz dieser Mahnung, am Anfang der Vernehmung sagt der Zeuge das nur widerstrebend aus, was er am 13. Juni 1997 im Schwimmbad von Sebnitz sah. Er dr\u00fcckt lieber seine Feindseligkeit der Mutter von Joseph gegen\u00fcber aus, aber nach eine Unterbrechung der Vernehmung von 14.04 Uhr bis 14.32 Uhr, erkl\u00e4rte er,<\/p>\n<p>\u201eDer Joseph, seine Schwester sowie mein Bruder Sven und ich begaben uns in das tiefe Schwimmbecken. Nach einer kurzen Weile verlie\u00df Joseph das Becken und auch Sven und ich bewegten uns aus dem Becken in Richtung auf das Strudelbecken zu. Von dort aus habe ich dann bemerkt, dass der Maik Hauke und der Sandro Richter sowie ein M\u00e4dchen Ute Schneider, den Joseph bedr\u00e4ngten. Das ganze spielte sich auf H\u00f6he der Schwimmhalle ab. Sie haben den Joseph in den Nacken geschlagen. Das M\u00e4dchen holte dann eine kleine Flasche heraus. Die Flasche hatte die Gestalt einer Arzneimittelflasche, wie Nasentropfen. Ich konnte jedoch nicht sehen, welchen Inhalt diese Flasche hatte. Die Flasche wurde ge\u00f6ffnet und der Inhalt in ein Getr\u00e4nk, es k\u00f6nnte Cola gewesen sein, gesch\u00fcttet. Der Joseph wurde daraufhin gezwungen, dieses Getr\u00e4nk auszutrinken. Anschlie\u00dfend wurde er in ein gro\u00dfes wei\u00dfes Handtuch geschlungen. Dabei wurde er durch den Maik und den Sandro festgehalten, w\u00e4hrend das M\u00e4dchen ihn in das Handtuch einwickelte\u201c.<\/p>\n<p>Auf Frage: \u201eIch muss erg\u00e4nzen, der Joseph ist unmittelbar nachdem er das Getr\u00e4nk zu sich genommen hat, umgekippt. Nachdem sie ihn in das Handtuch eingewickelt hatten, schleppten sie ihn zu dem tiefen Becken, alle drei. Das Becken war zu diesem Zeitpunkt leer. Insgesamt befanden sich aber an diesem Tag sehr viele Badeg\u00e4ste im Bad\u201c.<\/p>\n<p>Auf Frage: \u201eSie warfen ihn in das Becken hinein und sprangen unmittelbar hinterher. Zuvor hatten sie ihn aus dem Handtuch ausgewickelt\u201c.<\/p>\n<p>Auf Frage: \u201eNach einer Weile, sch\u00e4tzungsweise nach zehn Minuten, haben die drei dann das gro\u00dfe Becken verlassen und sich abgetrocknet. Danach bewegten sie sich Richtung Umkleidekabinen. Das alles konnte ich von Strudel aus beobachten\u201c.<\/p>\n<p>Fortsetzung n\u00e4chste Woche.<\/p>\n<p>Mit freundlichen Gr\u00fc\u00dfen<\/p>\n<p>Robert John Bennett<\/p>\n<p>Mauerkircherstrasse 68<\/p>\n<p>81925 Germany<\/p>\n<p>Telephone: +49.89.981.0208<\/p>\n<p>E-Mail: rjbennett@post.harvard.edu<\/p>\n<p>========================================================<\/p>\n","protected":false},"excerpt":{"rendered":"<p>Letter from Munich &#8211; the Joseph Affair &#8211; 38 EINE DEUTSCHE FASSUNG STEHT WEITER UNTEN. 28 September 2001 Dear Mr. Graf, dear friends, As I mentioned last I week, I recently received a transcript of the questioning by a judge of a witness in the investigation into the death of the child Joseph Kantelberg-Abdulla. (Dresden [&hellip;]<\/p>\n","protected":false},"author":167,"featured_media":0,"parent":0,"menu_order":0,"comment_status":"closed","ping_status":"closed","template":"","meta":{"footnotes":""},"class_list":["post-203","page","type-page","status-publish","hentry"],"_links":{"self":[{"href":"https:\/\/archive.blogs.harvard.edu\/munichletters\/wp-json\/wp\/v2\/pages\/203","targetHints":{"allow":["GET"]}}],"collection":[{"href":"https:\/\/archive.blogs.harvard.edu\/munichletters\/wp-json\/wp\/v2\/pages"}],"about":[{"href":"https:\/\/archive.blogs.harvard.edu\/munichletters\/wp-json\/wp\/v2\/types\/page"}],"author":[{"embeddable":true,"href":"https:\/\/archive.blogs.harvard.edu\/munichletters\/wp-json\/wp\/v2\/users\/167"}],"replies":[{"embeddable":true,"href":"https:\/\/archive.blogs.harvard.edu\/munichletters\/wp-json\/wp\/v2\/comments?post=203"}],"version-history":[{"count":0,"href":"https:\/\/archive.blogs.harvard.edu\/munichletters\/wp-json\/wp\/v2\/pages\/203\/revisions"}],"wp:attachment":[{"href":"https:\/\/archive.blogs.harvard.edu\/munichletters\/wp-json\/wp\/v2\/media?parent=203"}],"curies":[{"name":"wp","href":"https:\/\/api.w.org\/{rel}","templated":true}]}}