{"id":157,"date":"2006-05-05T03:49:45","date_gmt":"2006-05-05T07:49:45","guid":{"rendered":"http:\/\/blogs.law.harvard.edu\/munichletters\/letter-from-munich-002\/"},"modified":"2006-05-05T03:51:27","modified_gmt":"2006-05-05T07:51:27","slug":"letter-from-munich-002","status":"publish","type":"page","link":"https:\/\/archive.blogs.harvard.edu\/munichletters\/letter-from-munich-002\/","title":{"rendered":"Letter from Munich &#8211; 002"},"content":{"rendered":"<p><strong>Letter from Munich &#8211; the Joseph Affair &#8211; 2<\/strong><span \/><\/p>\n<p>Eine deutsche Fassung, so gut wie der amerikanische Autor sie machen kann, steht weiter unten.<\/p>\n<p>Dear Mr. Graf, dear friends,<\/p>\n<p>In the United States a Marine colonel orders his subordinates to lie in order to cover up maintenance failures that have caused the deaths of numerous soldiers flying in the Osprey aircraft. In the Ukraine voice recordings surface of that country\u2019s President ordering the assassination \u2013 ultimately carried out successfully \u2013 of a bothersome journalist.<\/p>\n<p>And in the German state of Saxony? In the German state of Saxony we have Prime Minister Kurt Biedenkopf apparently now seeking to protect his corrupt former justice minister and trying to punish the government official, Thomas Giesen, who first revealed the corruption.<\/p>\n<p>At the same time, many people profess to believe that a statesman like Biedenkopf would be incapable of ordering a cover-up of the circumstances surrounding the death of the boy Joseph Kantelberg-Abdulla. Joseph was, from all indications, murdered by neo-Nazis three years ago. When his mother and father finally succeeded in bringing this to the attention of the public and to the highest government officials in Berlin, including German Chancellor Gerhard Schroeder himself, a destructive public relations campaign was set in motion. Witnesses were intimidated. Biedenkopf imperiously threatened the media with a DM 50 million lawsuit. Police \u201cprotection\u201d was given to the home and business of the boy\u2019s parents, \u201cprotection\u201d that extended to keeping the media away, as the boy\u2019s father was told by one policeman who still has a conscience.<\/p>\n<p>The result? Journalists in Germany, who have long been known for their hard-hitting and fearless investigative activities and their refusal to be frightened into silence, all suddenly began talking to each other instead of to the murdered boy\u2019s parents or to witnesses of the boy\u2019s death. They all, mirabile dictu, as if by a happy coincidence, all began parroting the line of the government of Saxony: that the boy\u2019s mother was ill, that witnesses were induced to state that they had seen the boy killed, that the entire affair was simply an hysterical fantasy.<\/p>\n<p>A small cloud on the horizon, this Joseph Affair. But does the federal government concern itself with the rise of neo-Nazism in Germany, or with the warnings of Jewish leaders about the desecration of synagogues and Jewish cemeteries, or with the endless attacks on those who are visibly foreign?<\/p>\n<p>No, my friends, the federal German parliament in Berlin has for the past week concerned itself with peccadillos that the German foreign minister committed in the early seventies as a young member of a radical group. A right-wing radical group? Of course not. Few \u201creal Germans\u201d have ever worried much about right-wing radical groups. Foreign Minister Joschka Fischer didn\u2019t beat homeless old men to death, he didn\u2019t attack or murder Vietnamese immigrants, he didn\u2019t burn synagogues or paint swastikas on Jewish gravestones. Those things we could overlook.<\/p>\n<p>Fischer attacked some policemen. Thirty years ago.<\/p>\n<p>Now that\u2019s something for the poor people of Germany to worry about. That\u2019s much more important than discovering the truth about the death of a six-year old boy, Joseph Kantelberg-Abdulla, murdered three years ago by neo-Nazis.<\/p>\n<p>Anyway, that\u2019s just a fantasy, isn\u2019t it?<\/p>\n<p>Sincerely yours,<\/p>\n<p>Robert John Bennett<\/p>\n<p>Mauerkircherstrasse 68<\/p>\n<p>81925 Germany<\/p>\n<p>Telephone: +49.89.981.0208<\/p>\n<p>E-Mail: <a href=\"mailto:rjbennett@post.harvard.edu\">rjbennett@post.harvard.edu<\/a><\/p>\n<p>&#8212;&#8212;&#8212;&#8212;&#8212;&#8212;&#8212;&#8212;&#8212;&#8212;&#8212;&#8212;&#8212;&#8212;&#8212;&#8212;&#8212;<\/p>\n<p>Since many recipients of this letter may read German more easily than they read English, the following is the author\u2019s own somewhat translation of the above letter, a translation that is as good as he can make it. Please note that word-processing programs outside of German-speaking countries may not display all of the letters of the German alphabet correctly.<\/p>\n<p>Und ich bitte vielmals um Entschuldigung bei meinen zahlreichen engen deutschen Freunden, falls dieser Brief zu kritisch ist. Es tut mir leid, aber diese Aff\u00e4re Joseph, und alles, was sie bedeutet, finde ich emp\u00f6rend, genauso wie mit v\u00f6llem Recht Sie das oft emp\u00f6rend finden, was wir Amerikaner tun. RJB<\/p>\n<p>Sehr geehrter Herr Graf, sehr geehrte Freunde,<\/p>\n<p>In den Vereinigten Staaten, befiehlt ein Oberst bei der Marineinfanterie seinen Untergebenen zu l\u00fcgen, um Wartungsfehler zu vertuschen, die die Tode zahlreicher Soldaten verursachten, die in einem neuen Flugzeug, das \u201eOsprey\u201c, geflogen sind. In der Ukraine tauchen Aufzeichnungen auf, wo man den ukrainischen Pr\u00e4sidenten sagen h\u00f6rt, als er den Mord eines l\u00e4stigen Journalisten anordnet, einen Mord, der schlie\u00dflich begangen wurde.<\/p>\n<p>Und in Sachsen? In Sachsen haben wir den Ministerpr\u00e4sidenten Kurt Biedenkopf, der jetzt anscheinend versucht, seinen korrupten ehemaligen Justizminister zu sch\u00fctzen und einen Beamten, Thomas Giesen, zu bestrafen, der die Korruption enth\u00fcllte.<\/p>\n<p>Jetzt gleichzeitig behaupten viele Leute, dass sie glauben, ein Staatsmann wie Biedenkopf unf\u00e4hig sei, zu befehlen, dass die Umstande, die den Tod des Kindes Joseph Kantelberg-Abdulla umgeben, vertuscht werden sollten. Allem Anschein nach wurde Joseph vor drei Jahren von Neonazis ermordet. Als seine Mutter und Vater es endlich schafften, die breite \u00d6ffentlichkeit und die h\u00f6chsten Beh\u00f6rden in Berlin, mit Bundeskanzler Schr\u00f6der, auf den Mord aufmerksam zu machen, wurde eine destruktive Publicrelations-Kampagne in Gang gesetzt. Zeugen wurden eingesch\u00fcchtert. Herrisch drohte Biedenkopf den Medien ein Prozess an, wobei er einen Schadenersatz von DM 50,000,000 verlangen w\u00fcrde. Die Familie und deren Gesch\u00e4ft wurden in \u201eSchutz\u201c der Polizei genommen, einen Schutz, der derart ausgedehnt wurde, dass die Medien verscheucht wurden, wie ein Polizist, der immer noch ein Gewissen hat, dem Vater sagte.<\/p>\n<p>Das Ergebnis? Journalisten in Deutschland, die seit langem als Menschen bekannt sind, die alle verd\u00e4chtigen Aktivit\u00e4ten schonungslos und furchtlos untersuchen und die niemals eingesch\u00fcchtert werden k\u00f6nnen, alle fingen pl\u00f6tzlich an, miteinander zu sprechen, statt mit den Eltern des ermordeten Kindes oder mit Zeugen des Todes des Kindes. Alle, mirabile dictu, als ob durch einen gl\u00fccklichen Zufall, alle fingen an, die Parteilinie der s\u00e4chsischen Regierung nachzuplappern, dass die Mutter des Kindes krank sei, dass die Zeugen durch die Bem\u00fchungen der Eltern dazu gebracht worden seien, ihre Stellungnahmen \u00fcber den Tod Josephs abzugeben, und dass die ganze Aff\u00e4re ein hysterisches Hirngespinst sei.<\/p>\n<p>Eine kleine Wolke am Horizont, diese Aff\u00e4re Joseph. Aber besch\u00e4ftigt sich die Bundesregierung mit dem Aufstieg Neonazismus in Deutschland, oder mit den Warnungen der j\u00fcdischen F\u00fchrung vor der Sch\u00e4ndung von Synagogen und von j\u00fcdischen Friedh\u00f6fen? Besch\u00e4ftigt sich die Bundesregierung mit den unz\u00e4hligen Angriffen gegen diejenigen, die sichtlich Fremde sind?<\/p>\n<p>Nein, meine Freunde, der Bundestag der Bundesrepublik Deutschland seit einer Woche besch\u00e4ftigt sich mit den Jugends\u00fcnden und leichten Verfehlungen, die der deutsche Au\u00dfenminister als Mitglied einer Gruppe von Radikalen in den fr\u00fchen 70-er Jahren begangen hat. Eine Gruppe von Rechtsextremisten? Selbstverst\u00e4ndlich nicht. Wenige \u201eechte Deutsche\u201c k\u00fcmmern sich oft um Gruppen von Rechtsextremisten. Der Au\u00dfenminister hat keine alten obdachlosen M\u00e4nner totgepr\u00fcgelt, er hat keine vietnamesischen Einwanderer angegriffen oder ermordet, er hat keine Synagogen angez\u00fcndet oder keine j\u00fcdischen Grabsteine mit Hakenkreuzen angestrichen. \u00dcber solche Dinge k\u00f6nnten wir hinwegsehen.<\/p>\n<p>Herr Fischer hat einigen Polizisten angegriffen. Vor drei\u00dfig Jahren.<\/p>\n<p>Nun denn! Hier haben wir eine Sache, um die die armen Leute, die Deutschland bev\u00f6lkern, sich k\u00fcmmern k\u00f6nnen. Diese Sache ist viel wichtiger, als die Wahrheit \u00fcber den Tod eines sechsj\u00e4hriger Kindes, Joseph Kantelberg-Abdulla zu entdecken, der vor drei Jahren von Neonazis ermordet worden ist.<\/p>\n<p>Auf jeden Fall ist das nur ein Hirngespinst, oder?<\/p>\n<p>Mit freundlichen Gr\u00fc\u00dfen<\/p>\n<p>Robert John Bennett<\/p>\n<p>Mauerkircherstrasse 68<\/p>\n<p>81925 Germany<\/p>\n<p>Telephone: +49.89.981.0208<\/p>\n<p>E-Mail: <a href=\"mailto:rjbennett@post.harvard.edu\"><strong><font color=\"#ff6600\">rjbennett@post.harvard.edu<\/font><\/strong><\/a><\/p>\n","protected":false},"excerpt":{"rendered":"<p>Letter from Munich &#8211; the Joseph Affair &#8211; 2 Eine deutsche Fassung, so gut wie der amerikanische Autor sie machen kann, steht weiter unten. Dear Mr. Graf, dear friends, In the United States a Marine colonel orders his subordinates to lie in order to cover up maintenance failures that have caused the deaths of numerous [&hellip;]<\/p>\n","protected":false},"author":167,"featured_media":0,"parent":0,"menu_order":0,"comment_status":"closed","ping_status":"open","template":"","meta":{"footnotes":""},"class_list":["post-157","page","type-page","status-publish","hentry"],"_links":{"self":[{"href":"https:\/\/archive.blogs.harvard.edu\/munichletters\/wp-json\/wp\/v2\/pages\/157","targetHints":{"allow":["GET"]}}],"collection":[{"href":"https:\/\/archive.blogs.harvard.edu\/munichletters\/wp-json\/wp\/v2\/pages"}],"about":[{"href":"https:\/\/archive.blogs.harvard.edu\/munichletters\/wp-json\/wp\/v2\/types\/page"}],"author":[{"embeddable":true,"href":"https:\/\/archive.blogs.harvard.edu\/munichletters\/wp-json\/wp\/v2\/users\/167"}],"replies":[{"embeddable":true,"href":"https:\/\/archive.blogs.harvard.edu\/munichletters\/wp-json\/wp\/v2\/comments?post=157"}],"version-history":[{"count":0,"href":"https:\/\/archive.blogs.harvard.edu\/munichletters\/wp-json\/wp\/v2\/pages\/157\/revisions"}],"wp:attachment":[{"href":"https:\/\/archive.blogs.harvard.edu\/munichletters\/wp-json\/wp\/v2\/media?parent=157"}],"curies":[{"name":"wp","href":"https:\/\/api.w.org\/{rel}","templated":true}]}}