{"id":3226,"date":"2011-01-04T13:55:53","date_gmt":"2011-01-04T12:55:53","guid":{"rendered":"http:\/\/blogs.law.harvard.edu\/germany2\/"},"modified":"2011-01-04T13:57:44","modified_gmt":"2011-01-04T12:57:44","slug":"entry-number-02047","status":"publish","type":"page","link":"https:\/\/archive.blogs.harvard.edu\/germany2\/entry-number-02047\/","title":{"rendered":"Entry Number 02047"},"content":{"rendered":"<p>(Eine deutsche Version steht weiter unten.)<\/p>\n<p>4 JANUARY 2011, TUESDAY, DUSSELDORF, GERMANY<\/p>\n<p>The Technical University of Munich* \u2013 Profiles in Something Other than Courage \u2013 27<\/p>\n<p><strong>Hans-Joachim Meyer, the Science Minister in Saxony, regrets to this day that in 1990 an opportunity for a \u201ccomplete reform of the entire German university system\u201d was missed. Nevertheless, he believes that on balance, \u201cScience and the universities offer the most important areas of opportunity that eastern Germany has at this time.\u201d<\/strong><\/p>\n<p>Source: Schlicht, Uwe, \u201cDie Universitaet trug leider nichts zur Wende bei&#8221;, Zeit Online, 30 September 2010.<\/p>\n<p>*According to The Times of London, in its Higher Education Supplement [THES], World University Rankings, 2010, <strong>the Technical University of Munich, officially recognized by the German government as an \u201celite university,\u201d is ranked 101 overall among the world\u2019s universities. In 2009 it was ranked 55. <\/strong>At its current ranking of 101, the Technical University of Munich is far behind many universities in, for example, East Asia. It is twenty-two places behind the Korea Advanced Institute of Science and Technology (ranked 79 in the world), forty-three places behind China\u2019s Tsinghua University (ranked 58 in the world), fifty-two places behind the University of Science and Technology of China (ranked 49 in the world), sixty places behind the Hong Kong University of Science and Technology (ranked 41 in the world), sixty-four places behind Peking University (ranked 37 in the world), sixty-seven places behind the University of Singapore (ranked 34 in the world), seventy-three places behind Korea\u2019s Pohang University of Science and Technology (ranked 28 in the world), and, for another comparison, ninety-eight places behind the Massachusetts Institute of Technology (ranked 3 in the world). (http:\/\/www.timeshighereducation.co.uk\/world-university-rankings\/2010-2011\/top-200.html)<\/p>\n<p><em>\u201cWhile the traditional study-abroad sites for Americans \u2014 Britain, Italy, Spain and France \u2014 still attract more students from the United States, the report found that China is now the fifth-most-popular destination.\u201d \u2013 The New York Times, 17 November 2008<\/p>\n<p>And what about Germany?<\/em><\/p>\n<p>Novel: http:\/\/blogs.law.harvard.edu\/revision<\/p>\n<p>\u2014\u2014\u2014\u2014\u2014\u2014\u2014\u2014\u2014\u2014\u2014\u2014\u2014\u2014\u2014\u2014\u2014\u2014\u2014\u2014\u2014\u2014\u2014-<\/p>\n<p>4 JANUAR 2011, DIENSTAG, D\u00dcSSELDORF, DEUTSCHLAND<\/p>\n<p>Die Technische Universit\u00e4t M\u00fcnchen* \u2013 \u201eDie Universit\u00e4t trug leider nichts zur Wende bei&#8221; \u2013 27<\/p>\n<p><strong>Hans-Joachim Meyer bedauert indes noch heute, dass die Chance nach 1990 zu einem gro\u00dfen Wurf, n\u00e4mlich einer &#8220;gesamtdeutschen Hochschulreform aus einem Guss&#8221;, nicht genutzt wurde. Dennoch lautet sein Fazit: &#8220;Wissenschaft und Hochschulen bieten die wichtigsten Chancen, \u00fcber die der Osten Deutschlands heute verf\u00fcgt.&#8221;<\/strong><\/p>\n<p>Quelle: Schlicht, Uwe, \u201eDie Universit\u00e4t trug leider nichts zur Wende bei&#8221;, Zeit Online, 30.09.2010.<\/p>\n<p>*Nach der Times of London, Higher Education Supplement [THES], World University Rankings, 2010, <strong>steht die Technische Universit\u00e4t M\u00fcnchen, eine durch die deutsche Regierung anerkannte \u201eElite-Universit\u00e4t\u201c, an der 101. Stelle in der Welt. In 2009 stand die Technische Universit\u00e4t M\u00fcnchen an der 55.<\/strong> Stelle. Heute aber, an ihrer jetzigen Stelle, steht die Technische Universit\u00e4t M\u00fcnchen bei weitem hinter vielen Universit\u00e4ten in, zum Beispiel, Ostasien. Sie steht 22 Stellen hinter dem Korea Advanced Institute of Science and Technology (an der 79. Stelle in der Welt), 43 Stellen hinter Chinas Tsinghua University (an der 58. Stelle in der Welt), 52 Stellen hinter der University of Science and Technology of China (an der 49. Stelle in der Welt), 60 Stellen hinter der Hong Kong University of Science and Technology (an der 41. Stelle in der Welt), 64 Stellen hinter der Peking University (an der 37. Stelle in der Welt), 67 Stellen hinter der University of Singapore (an der 34. Stelle in der Welt), 73 Stellen hinter Koreas Pohang University of Science and Technology (an der 28. Stelle in der Welt), und, um noch einen Vergleich anzustellen, 98 Stellen hinter dem Massachusetts Institute of Technology (an der 3. Stelle in der Welt). (http:\/\/www.timeshighereducation.co.uk\/world-university-rankings\/2010-2011\/top-200.html)<\/p>\n<p><em>\u201eUnter Amerikanern, die im Ausland studieren, sind die beliebtesten L\u00e4nder Gro\u00dfbritannien, Italien, Spanien, Frankreich und China.\u201c \u2013 The New York Times, 17.11.2008.<\/p>\n<p>Und was ist mit Deutschland?<\/em><br \/>\n===========================================<\/p>\n","protected":false},"excerpt":{"rendered":"<p>(Eine deutsche Version steht weiter unten.) 4 JANUARY 2011, TUESDAY, DUSSELDORF, GERMANY The Technical University of Munich* \u2013 Profiles in Something Other than Courage \u2013 27 Hans-Joachim Meyer, the Science Minister in Saxony, regrets to this day that in 1990 an opportunity for a \u201ccomplete reform of the entire German university system\u201d was missed. Nevertheless, [&hellip;]<\/p>\n","protected":false},"author":165,"featured_media":0,"parent":0,"menu_order":0,"comment_status":"closed","ping_status":"closed","template":"","meta":{"footnotes":""},"class_list":["post-3226","page","type-page","status-publish","hentry"],"_links":{"self":[{"href":"https:\/\/archive.blogs.harvard.edu\/germany2\/wp-json\/wp\/v2\/pages\/3226","targetHints":{"allow":["GET"]}}],"collection":[{"href":"https:\/\/archive.blogs.harvard.edu\/germany2\/wp-json\/wp\/v2\/pages"}],"about":[{"href":"https:\/\/archive.blogs.harvard.edu\/germany2\/wp-json\/wp\/v2\/types\/page"}],"author":[{"embeddable":true,"href":"https:\/\/archive.blogs.harvard.edu\/germany2\/wp-json\/wp\/v2\/users\/165"}],"replies":[{"embeddable":true,"href":"https:\/\/archive.blogs.harvard.edu\/germany2\/wp-json\/wp\/v2\/comments?post=3226"}],"version-history":[{"count":2,"href":"https:\/\/archive.blogs.harvard.edu\/germany2\/wp-json\/wp\/v2\/pages\/3226\/revisions"}],"predecessor-version":[{"id":3229,"href":"https:\/\/archive.blogs.harvard.edu\/germany2\/wp-json\/wp\/v2\/pages\/3226\/revisions\/3229"}],"wp:attachment":[{"href":"https:\/\/archive.blogs.harvard.edu\/germany2\/wp-json\/wp\/v2\/media?parent=3226"}],"curies":[{"name":"wp","href":"https:\/\/api.w.org\/{rel}","templated":true}]}}