{"id":3153,"date":"2011-01-01T10:09:59","date_gmt":"2011-01-01T09:09:59","guid":{"rendered":"http:\/\/blogs.law.harvard.edu\/germany2\/"},"modified":"2011-01-01T10:09:59","modified_gmt":"2011-01-01T09:09:59","slug":"entries-00811-00820","status":"publish","type":"page","link":"https:\/\/archive.blogs.harvard.edu\/germany2\/entries-00811-00820\/","title":{"rendered":"Entries 00811-00820"},"content":{"rendered":"<p>ENTRY NUMBER 00820<\/p>\n<p>(Eine Deutsche Fassung steht weiter unten. German version below \u2013 German language character set required for correct display.)<\/p>\n<p>21 JANUARY 2005, FRIDAY, DUSSELDORF, GERMANY<\/p>\n<p>Hostile Attitudes in Germany, and Not Only at Universities like the Technical University of Munich \u2013 22<\/p>\n<p>\u201cV. Against this background, the elite from among those who shape the German economy, politics, the media, and culture use rhetoric to try to gain public support for morality, for values, and for the \u2018Christian\u2019 or \u2018leading culture\u2019 of Germany. This attempt is doomed to failure, however. The public has lost too much trust in this elite.\u201d<\/p>\n<p>(To be continued)<\/p>\n<p>Source: Wilhelm Heitmeyer, \u201cDie gespaltene Gesellschaft,\u201d Die Zeit, 50\/2004.<\/p>\n<p>&#8220;I love (my country) more than any other country in the world, and, exactly for this reason, I insist on the right to criticize her perpetually.&#8221; &#8211; James Baldwin<\/p>\n<p>http:\/\/blogs.law.harvard.edu\/Germany2\/<\/p>\n<p>http:\/\/blogs.law.harvard.edu\/Germany<\/p>\n<p>Novel: http:\/\/blogs.law.harvard.edu\/revision\/<\/p>\n<p>&#8212;&#8212;&#8212;&#8212;&#8212;&#8212;&#8212;&#8212;&#8212;&#8212;&#8212;&#8212;&#8212;&#8212;&#8212;&#8212;&#8212;&#8212;&#8212;&#8212;&#8212;&#8212;&#8212;&#8212;&#8212;-<\/p>\n<p>21 JANUAR 2005, FREITAG, D\u00dcSSELDORF, DEUTSCHLAND<\/p>\n<p>Feindselige Einstellungen in Deutschland, und nicht nur an einer Uni wie der Technischen Universit\u00e4t M\u00fcnchen \u2013 22<\/p>\n<p>\u201eV. Eliten in Wirtschaft, Politik, Medien und Kultur bem\u00fchen dagegen die Moral, die Werte, das \u00bbChristliche\u00ab oder die \u00bbLeitkultur\u00ab, um das politische Publikum mit Rhetorik \u00bbeinzufangen\u00ab. Dieser Versuch muss fehlschlagen. Dazu ist der Vertrauensverlust in die Eliten viel zu gro\u00df.\u201c<\/p>\n<p>(Fortsetzung folgt)<\/p>\n<p>Quelle: Wilhelm Heitmeyer, \u201cDie gespaltene Gesellschaft,\u201d Die Zeit, 50\/2004.<\/p>\n<p>\u201cIch liebe (mein Land) mehr, als alle anderen L\u00e4nder der Welt, und genau aus diesem Grund bestehe ich auf das Recht, es ewig zu kritisieren.\u201c &#8211; James Baldwin<\/p>\n<p>http:\/\/blogs.law.harvard.edu\/Germany2\/<\/p>\n<p>http:\/\/blogs.law.harvard.edu\/Germany<\/p>\n<p>Novel: http:\/\/blogs.law.harvard.edu\/revision\/<\/p>\n<p>===========================================<\/p>\n<p>ENTRY NUMBER 00819<\/p>\n<p>(Eine Deutsche Fassung steht weiter unten. German version below \u2013 German language character set required for correct display.)<\/p>\n<p>20 JANUARY 2005, THURSDAY, DUSSELDORF, GERMANY<\/p>\n<p>Hostile Attitudes in Germany, and Not Only at Universities like the Technical University of Munich \u2013 21<\/p>\n<p>\u201cWhere there is a danger that a group is not being integrated into society, perceived social division acts to deepen a hostile and debasing attitude toward outsiders. Group members must then raise the status of the group in their own eyes, in order not to be marginalized as individuals.\u201d<\/p>\n<p>(To be continued)<\/p>\n<p>Source: Wilhelm Heitmeyer, \u201cDie gespaltene Gesellschaft,\u201d Die Zeit, 50\/2004.<\/p>\n<p>&#8220;I love (my country) more than any other country in the world, and, exactly for this reason, I insist on the right to criticize her perpetually.&#8221; &#8211; James Baldwin<\/p>\n<p>http:\/\/blogs.law.harvard.edu\/Germany2\/<\/p>\n<p>http:\/\/blogs.law.harvard.edu\/Germany<\/p>\n<p>Novel: http:\/\/blogs.law.harvard.edu\/revision\/<\/p>\n<p>&#8212;&#8212;&#8212;&#8212;&#8212;&#8212;&#8212;&#8212;&#8212;&#8212;&#8212;&#8212;&#8212;&#8212;&#8212;&#8212;&#8212;&#8212;&#8212;&#8212;&#8212;&#8212;&#8212;&#8212;&#8212;-<\/p>\n<p>20 JANUAR 2005, DONNERSTAG, D\u00dcSSELDORF, DEUTSCHLAND<\/p>\n<p>Feindselige Einstellungen in Deutschland, und nicht nur an einer Uni wie der Technischen Universit\u00e4t M\u00fcnchen \u2013 21<\/p>\n<p>\u201eIn desintegrationsgef\u00e4hrdeten Gruppen wirkt die wahrgenommene soziale Spaltung geradezu als Verst\u00e4rker f\u00fcr menschenfeindliche Abwertungen. Es geht dann um alles, die Aufwertung der Eigengruppe dient dazu, sich nicht selbst am unteren Rand der Gesellschaft verorten zu m\u00fcssen.\u201c<\/p>\n<p>(Fortsetzung folgt)<\/p>\n<p>Quelle: Wilhelm Heitmeyer, \u201cDie gespaltene Gesellschaft,\u201d Die Zeit, 50\/2004.<\/p>\n<p>\u201cIch liebe (mein Land) mehr, als alle anderen L\u00e4nder der Welt, und genau aus diesem Grund bestehe ich auf das Recht, es ewig zu kritisieren.\u201c &#8211; James Baldwin<\/p>\n<p>http:\/\/blogs.law.harvard.edu\/Germany2\/<\/p>\n<p>http:\/\/blogs.law.harvard.edu\/Germany<\/p>\n<p>Novel: http:\/\/blogs.law.harvard.edu\/revision\/<\/p>\n<p>===========================================<\/p>\n<p>ENTRY NUMBER 00818<\/p>\n<p>(Eine Deutsche Fassung steht weiter unten. German version below \u2013 German language character set required for correct display.)<\/p>\n<p>19 JANUARY 2005, WEDNESDAY, DUSSELDORF, GERMANY<\/p>\n<p>Hostile Attitudes in Germany, and Not Only at Universities like the Technical University of Munich \u2013 20<\/p>\n<p>\u201cIndividuals in Germany fear that they themselves may be unemployed. This fear is connected to a loss of recognition in the workplace and in daily life. Under these conditions, the binding force that holds society together weakens. Social division continues, along with an attitude of debasement and hostility toward immigrants and people of a different religion. The claims of \u2018those already established\u2019 in society also begin to increase.\u201d<\/p>\n<p>(To be continued)<\/p>\n<p>Source: Wilhelm Heitmeyer, \u201cDie gespaltene Gesellschaft,\u201d Die Zeit, 50\/2004.<\/p>\n<p>&#8220;I love (my country) more than any other country in the world, and, exactly for this reason, I insist on the right to criticize her perpetually.&#8221; &#8211; James Baldwin<\/p>\n<p>http:\/\/blogs.law.harvard.edu\/Germany2\/<\/p>\n<p>http:\/\/blogs.law.harvard.edu\/Germany<\/p>\n<p>Novel: http:\/\/blogs.law.harvard.edu\/revision\/<\/p>\n<p>&#8212;&#8212;&#8212;&#8212;&#8212;&#8212;&#8212;&#8212;&#8212;&#8212;&#8212;&#8212;&#8212;&#8212;&#8212;&#8212;&#8212;&#8212;&#8212;&#8212;&#8212;&#8212;&#8212;&#8212;&#8212;-<\/p>\n<p>19 JANUAR 2005, MITTWOCH, D\u00dcSSELDORF, DEUTSCHLAND<\/p>\n<p>Feindselige Einstellungen in Deutschland, und nicht nur an einer Uni wie der Technischen Universit\u00e4t M\u00fcnchen \u2013 20<\/p>\n<p>\u201eDie Angst, selbst arbeitslos zu werden, verbindet sich zunehmend mit dem Verlust von Anerkennung am Arbeitsplatz wie im privaten Alltag. Damit kommt der soziale Kitt abhanden. Die Ergebnisse zeigen deutlich, dass mit wahrgenommenen Spaltungsprozessen auch Abwertungen und feindselige Einstellungen gegen\u00fcber Zugewanderten und Menschen mit fremder Religion sowie das Einklagen von Etabliertenvorrechten einhergehen.\u201c<\/p>\n<p>(Fortsetzung folgt)<\/p>\n<p>Quelle: Wilhelm Heitmeyer, \u201cDie gespaltene Gesellschaft,\u201d Die Zeit, 50\/2004.<\/p>\n<p>\u201cIch liebe (mein Land) mehr, als alle anderen L\u00e4nder der Welt, und genau aus diesem Grund bestehe ich auf das Recht, es ewig zu kritisieren.\u201c &#8211; James Baldwin<\/p>\n<p>http:\/\/blogs.law.harvard.edu\/Germany2\/<\/p>\n<p>http:\/\/blogs.law.harvard.edu\/Germany<\/p>\n<p>Novel: http:\/\/blogs.law.harvard.edu\/revision\/<\/p>\n<p>===========================================<\/p>\n<p>ENTRY NUMBER 00817<\/p>\n<p>(Eine Deutsche Fassung steht weiter unten. German version below \u2013 German language character set required for correct display.)<\/p>\n<p>18 JANUARY 2005, TUESDAY, DUSSELDORF, GERMANY<\/p>\n<p>Hostile Attitudes in Germany, and Not Only at Universities like the Technical University of Munich \u2013 19<\/p>\n<p>\u201cThe German political class errs it if thinks that the effects of such facts will be either non-existent or only short-term. When the division between rich and poor increases in Germany, people not only notice, they remain acutely aware of it. In our poll, nearly 91 percent of those questioned believed that the rich will continue to become richer and the poor poorer. Almost 85 percent of the respondents \u2013 and that figure represents an increase \u2013 know that ever greater numbers of people in Germany are being forced to the edge of bankruptcy.\u201d<\/p>\n<p>(To be continued)<\/p>\n<p>Source: Wilhelm Heitmeyer, \u201cDie gespaltene Gesellschaft,\u201d Die Zeit, 50\/2004.<\/p>\n<p>&#8220;I love (my country) more than any other country in the world, and, exactly for this reason, I insist on the right to criticize her perpetually.&#8221; &#8211; James Baldwin<\/p>\n<p>http:\/\/blogs.law.harvard.edu\/Germany2\/<\/p>\n<p>http:\/\/blogs.law.harvard.edu\/Germany<\/p>\n<p>Novel: http:\/\/blogs.law.harvard.edu\/revision\/<\/p>\n<p>&#8212;&#8212;&#8212;&#8212;&#8212;&#8212;&#8212;&#8212;&#8212;&#8212;&#8212;&#8212;&#8212;&#8212;&#8212;&#8212;&#8212;&#8212;&#8212;&#8212;&#8212;&#8212;&#8212;&#8212;&#8212;-<\/p>\n<p>18 JANUAR 2005, DIENSTAG, D\u00dcSSELDORF, DEUTSCHLAND<\/p>\n<p>Feindselige Einstellungen in Deutschland, und nicht nur an einer Uni wie der Technischen Universit\u00e4t M\u00fcnchen \u2013 19<\/p>\n<p>\u201eDie politische Klasse irrt, wenn sie glaubt, solche Fakten w\u00fcrden sich nicht oder nur kurzfristig auswirken und w\u00e4ren dann vergessen. Wenn die soziale Spaltung sichtbar zunimmt, wird das genau registriert; und es bleibt stabil im Bewusstsein. Inzwischen sind fast 91 Prozent in unserer repr\u00e4sentativen Umfrage davon \u00fcberzeugt, dass die Reichen immer reicher und die Armen immer \u00e4rmer werden. Dass bei uns immer mehr Menschen an den Rand gedr\u00e4ngt werden, registrieren \u2013 ebenfalls zunehmend \u2013 inzwischen fast 85 Prozent.\u201c<\/p>\n<p>(Fortsetzung folgt)<\/p>\n<p>Quelle: Wilhelm Heitmeyer, \u201cDie gespaltene Gesellschaft,\u201d Die Zeit, 50\/2004.<\/p>\n<p>\u201cIch liebe (mein Land) mehr, als alle anderen L\u00e4nder der Welt, und genau aus diesem Grund bestehe ich auf das Recht, es ewig zu kritisieren.\u201c &#8211; James Baldwin<\/p>\n<p>http:\/\/blogs.law.harvard.edu\/Germany2\/<\/p>\n<p>http:\/\/blogs.law.harvard.edu\/Germany<\/p>\n<p>Novel: http:\/\/blogs.law.harvard.edu\/revision\/<\/p>\n<p>===========================================<\/p>\n<p>ENTRY NUMBER 00816<\/p>\n<p>(Eine Deutsche Fassung steht weiter unten. German version below \u2013 German language character set required for correct display.)<\/p>\n<p>17 JANUARY 2005, MONDAY, DUSSELDORF, GERMANY<\/p>\n<p>Hostile Attitudes in Germany, and Not Only at Universities like the Technical University of Munich \u2013 18<\/p>\n<p>\u201cThis is one way the degree of integration in a society can be measured. In western Germany the net worth of the wealthiest quarter of the population has increased 27.5 percent since 1993, the net worth of the poorest quarter has decreased by 50 percent. In eastern Germany, the net worth of the wealthiest quarter has increased 86 percent, while the poorest 25 percent of the population has experienced a 21 percent decrease in net worth.\u201d<\/p>\n<p>(To be continued)<\/p>\n<p>Source: Wilhelm Heitmeyer, \u201cDie gespaltene Gesellschaft,\u201d Die Zeit, 50\/2004.<\/p>\n<p>&#8220;I love (my country) more than any other country in the world, and, exactly for this reason, I insist on the right to criticize her perpetually.&#8221; &#8211; James Baldwin<\/p>\n<p>http:\/\/blogs.law.harvard.edu\/Germany2\/<\/p>\n<p>http:\/\/blogs.law.harvard.edu\/Germany<\/p>\n<p>Novel: http:\/\/blogs.law.harvard.edu\/revision\/<\/p>\n<p>&#8212;&#8212;&#8212;&#8212;&#8212;&#8212;&#8212;&#8212;&#8212;&#8212;&#8212;&#8212;&#8212;&#8212;&#8212;&#8212;&#8212;&#8212;&#8212;&#8212;&#8212;&#8212;&#8212;&#8212;&#8212;-<\/p>\n<p>17 JANUAR 2005, MONTAG, D\u00dcSSELDORF, DEUTSCHLAND<\/p>\n<p>Feindselige Einstellungen in Deutschland, und nicht nur an einer Uni wie der Technischen Universit\u00e4t M\u00fcnchen \u2013 18<\/p>\n<p>\u201eDaran l\u00e4sst sich der Integrationsgrad einer Gesellschaft gut bemessen. In Westdeutschland hat das Nettoverm\u00f6gen im reichsten Viertel seit 1993 um 27,5 Prozent zugenommen, im \u00e4rmsten Viertel nahm es um fast 50 Prozent ab; in Ostdeutschland nimmt es im reichsten Viertel um fast 86 Prozent zu und im \u00e4rmsten Viertel um 21 Prozent ab.\u201c<\/p>\n<p>(Fortsetzung folgt)<\/p>\n<p>Quelle: Wilhelm Heitmeyer, \u201cDie gespaltene Gesellschaft,\u201d Die Zeit, 50\/2004.<\/p>\n<p>\u201cIch liebe (mein Land) mehr, als alle anderen L\u00e4nder der Welt, und genau aus diesem Grund bestehe ich auf das Recht, es ewig zu kritisieren.\u201c &#8211; James Baldwin<\/p>\n<p>http:\/\/blogs.law.harvard.edu\/Germany2\/<\/p>\n<p>http:\/\/blogs.law.harvard.edu\/Germany<\/p>\n<p>Novel: http:\/\/blogs.law.harvard.edu\/revision\/<\/p>\n<p>===========================================<\/p>\n<p>ENTRY NUMBER 00815<\/p>\n<p>(Eine Deutsche Fassung steht weiter unten. German version below \u2013 German language character set required for correct display.)<\/p>\n<p>14 JANUARY 2005, FRIDAY, DUSSELDORF, GERMANY<\/p>\n<p>Hostile Attitudes in Germany, and Not Only at Universities like the Technical University of Munich \u2013 17<\/p>\n<p>\u201cFor many years the Federal Republic of Germany has been a success. Now, though, no matter how the relevant criteria are compiled and the resulting evidence of social division is characterized, the signs of polarization and a split in German society continue to accumulate. To observe this, one has only to refer to the net income of private households, to understand which individuals really share in the material and cultural goods of this society, and to what extent.\u201d<\/p>\n<p>(To be continued)<\/p>\n<p>Source: Wilhelm Heitmeyer, \u201cDie gespaltene Gesellschaft,\u201d Die Zeit, 50\/2004.<\/p>\n<p>&#8220;I love (my country) more than any other country in the world, and, exactly for this reason, I insist on the right to criticize her perpetually.&#8221; &#8211; James Baldwin<\/p>\n<p>http:\/\/blogs.law.harvard.edu\/Germany2\/<\/p>\n<p>http:\/\/blogs.law.harvard.edu\/Germany<\/p>\n<p>Novel: http:\/\/blogs.law.harvard.edu\/revision\/<\/p>\n<p>&#8212;&#8212;&#8212;&#8212;&#8212;&#8212;&#8212;&#8212;&#8212;&#8212;&#8212;&#8212;&#8212;&#8212;&#8212;&#8212;&#8212;&#8212;&#8212;&#8212;&#8212;&#8212;&#8212;&#8212;&#8212;-<\/p>\n<p>14 JANUAR 2005, FREITAG, D\u00dcSSELDORF, DEUTSCHLAND<\/p>\n<p>Feindselige Einstellungen in Deutschland, und nicht nur an einer Uni wie der Technischen Universit\u00e4t M\u00fcnchen \u2013 17<\/p>\n<p>\u201eNach langen Jahren einer bundesdeutschen Erfolgsgeschichte: Wie immer man die relevanten Kriterien zur sozialen Ungleichheit und infolgedessen zur Charakterisierung einer sozialen Spaltung auch anlegt, es dr\u00e4ngen sich immer mehr Belege f\u00fcr eine Spaltung und Polarisierung in den Vordergrund. Man muss nur die Nettoeinkommen der privaten Haushalte heranziehen, von denen es abh\u00e4ngt, wer wie an den materiellen und kulturellen G\u00fctern einer Gesellschaft teilnehmen kann.\u201c<\/p>\n<p>(Fortsetzung folgt)<\/p>\n<p>Quelle: Wilhelm Heitmeyer, \u201cDie gespaltene Gesellschaft,\u201d Die Zeit, 50\/2004.<\/p>\n<p>\u201cIch liebe (mein Land) mehr, als alle anderen L\u00e4nder der Welt, und genau aus diesem Grund bestehe ich auf das Recht, es ewig zu kritisieren.\u201c &#8211; James Baldwin<\/p>\n<p>http:\/\/blogs.law.harvard.edu\/Germany2\/<\/p>\n<p>http:\/\/blogs.law.harvard.edu\/Germany<\/p>\n<p>Novel: http:\/\/blogs.law.harvard.edu\/revision\/<\/p>\n<p>===========================================<\/p>\n<p>ENTRY NUMBER 00814<\/p>\n<p>(Eine Deutsche Fassung steht weiter unten. German version below \u2013 German language character set required for correct display.)<\/p>\n<p>13 JANUARY 2005, THURSDAY, DUSSELDORF, GERMANY<\/p>\n<p>Hostile Attitudes in Germany, and Not Only at Universities like the Technical University of Munich \u2013 16<\/p>\n<p>\u201cIV. Changes in the labor market, in the health system, and in the tax system are as a rule handled in isolation from one another. In large areas of politics and society in Germany, a kind of selective, self-blinding mental acrobatics can be seen, which impacts the quality of integration and social coexistence.\u201d<\/p>\n<p>(To be continued)<\/p>\n<p>Source: Wilhelm Heitmeyer, \u201cDie gespaltene Gesellschaft,\u201d Die Zeit, 50\/2004.<\/p>\n<p>&#8220;I love (my country) more than any other country in the world, and, exactly for this reason, I insist on the right to criticize her perpetually.&#8221; &#8211; James Baldwin<\/p>\n<p>http:\/\/blogs.law.harvard.edu\/Germany2\/<\/p>\n<p>http:\/\/blogs.law.harvard.edu\/Germany<\/p>\n<p>Novel: http:\/\/blogs.law.harvard.edu\/revision\/<\/p>\n<p>&#8212;&#8212;&#8212;&#8212;&#8212;&#8212;&#8212;&#8212;&#8212;&#8212;&#8212;&#8212;&#8212;&#8212;&#8212;&#8212;&#8212;&#8212;&#8212;&#8212;&#8212;&#8212;&#8212;&#8212;&#8212;-<\/p>\n<p>13 JANUAR 2005, DONNERSTAG, D\u00dcSSELDORF, DEUTSCHLAND<\/p>\n<p>Feindselige Einstellungen in Deutschland, und nicht nur an einer Uni wie der Technischen Universit\u00e4t M\u00fcnchen \u2013 16<\/p>\n<p>\u201eIV. Die Ver\u00e4nderungen des Arbeitsmarktes, des Gesundheits- und Steuersystems werden in der Regel isoliert verhandelt. In weiten Teilen von Politik und Gesellschaft l\u00e4sst sich eine Art Ausblendungsakrobatik beobachten, die Folgen f\u00fcr die Integrationsqualit\u00e4t und das Zusammenleben hat.\u201c<\/p>\n<p>(Fortsetzung folgt)<\/p>\n<p>Quelle: Wilhelm Heitmeyer, \u201cDie gespaltene Gesellschaft,\u201d Die Zeit, 50\/2004.<\/p>\n<p>\u201cIch liebe (mein Land) mehr, als alle anderen L\u00e4nder der Welt, und genau aus diesem Grund bestehe ich auf das Recht, es ewig zu kritisieren.\u201c &#8211; James Baldwin<\/p>\n<p>http:\/\/blogs.law.harvard.edu\/Germany2\/<\/p>\n<p>http:\/\/blogs.law.harvard.edu\/Germany<\/p>\n<p>Novel: http:\/\/blogs.law.harvard.edu\/revision\/<\/p>\n<p>===========================================<\/p>\n<p>ENTRY NUMBER 00813<\/p>\n<p>(Eine Deutsche Fassung steht weiter unten. German version below \u2013 German language character set required for correct display.)<\/p>\n<p>12 JANUARY 2005, WEDNESDAY, DUSSELDORF, GERMANY<\/p>\n<p>Hostile Attitudes in Germany, and Not Only at Universities like the Technical University of Munich \u2013 15<\/p>\n<p>\u201cThese developments should be closely monitored, because a new \u2018normality\u2019 is arising in Germany, and if these attitudes are to any extent culturally internalized, posterity will be able to correct them only with great difficulty.\u201d<\/p>\n<p>(To be continued)<\/p>\n<p>Source: Wilhelm Heitmeyer, \u201cDie gespaltene Gesellschaft,\u201d Die Zeit, 50\/2004.<\/p>\n<p>&#8220;I love (my country) more than any other country in the world, and, exactly for this reason, I insist on the right to criticize her perpetually.&#8221; &#8211; James Baldwin<\/p>\n<p>http:\/\/blogs.law.harvard.edu\/Germany2\/<\/p>\n<p>http:\/\/blogs.law.harvard.edu\/Germany<\/p>\n<p>Novel: http:\/\/blogs.law.harvard.edu\/revision\/<\/p>\n<p>&#8212;&#8212;&#8212;&#8212;&#8212;&#8212;&#8212;&#8212;&#8212;&#8212;&#8212;&#8212;&#8212;&#8212;&#8212;&#8212;&#8212;&#8212;&#8212;&#8212;&#8212;&#8212;&#8212;&#8212;&#8212;-<\/p>\n<p>12 JANUAR 2005, MITTWOCH, D\u00dcSSELDORF, DEUTSCHLAND<\/p>\n<p>Feindselige Einstellungen in Deutschland, und nicht nur an einer Uni wie der Technischen Universit\u00e4t M\u00fcnchen \u2013 15<\/p>\n<p>\u201eDiese Entwicklungen m\u00fcssen schon deshalb aufmerksam verfolgt werden, weil sich eine neue Normalit\u00e4t herausbildet, die sich dann, wenn diese Einstellungen gewisserma\u00dfen \u00bbkulturalisiert\u00ab sind, nur noch schwer ver\u00e4ndern l\u00e4sst.\u201c<\/p>\n<p>(Fortsetzung folgt)<\/p>\n<p>Quelle: Wilhelm Heitmeyer, \u201cDie gespaltene Gesellschaft,\u201d Die Zeit, 50\/2004.<\/p>\n<p>\u201cIch liebe (mein Land) mehr, als alle anderen L\u00e4nder der Welt, und genau aus diesem Grund bestehe ich auf das Recht, es ewig zu kritisieren.\u201c &#8211; James Baldwin<\/p>\n<p>http:\/\/blogs.law.harvard.edu\/Germany2\/<\/p>\n<p>http:\/\/blogs.law.harvard.edu\/Germany<\/p>\n<p>Novel: http:\/\/blogs.law.harvard.edu\/revision\/<\/p>\n<p>===========================================<\/p>\n<p>ENTRY NUMBER 00812<\/p>\n<p>(Eine Deutsche Fassung steht weiter unten. German version below \u2013 German language character set required for correct display.)<\/p>\n<p>11 JANUARY 2005, TUESDAY, DUSSELDORF, GERMANY<\/p>\n<p>Hostile Attitudes in Germany, and Not Only at Universities like the Technical University of Munich \u2013 14<\/p>\n<p>\u201cThe various kinds of hostile mentality prevalent among the majority of Germans, together with the enticements of Moslem fundamentalism, are indications of a society that is split along ethnic and cultural lines. We foresee the possibility of a widening of this split, due to insufficient self-critical discussions among the majority and a lack of such discussions among the Moslem minority.\u201d<\/p>\n<p>(To be continued)<\/p>\n<p>Source: Wilhelm Heitmeyer, \u201cDie gespaltene Gesellschaft,\u201d Die Zeit, 50\/2004.<\/p>\n<p>&#8220;I love (my country) more than any other country in the world, and, exactly for this reason, I insist on the right to criticize her perpetually.&#8221; &#8211; James Baldwin<\/p>\n<p>http:\/\/blogs.law.harvard.edu\/Germany2\/<\/p>\n<p>http:\/\/blogs.law.harvard.edu\/Germany<\/p>\n<p>Novel: http:\/\/blogs.law.harvard.edu\/revision\/<\/p>\n<p>&#8212;&#8212;&#8212;&#8212;&#8212;&#8212;&#8212;&#8212;&#8212;&#8212;&#8212;&#8212;&#8212;&#8212;&#8212;&#8212;&#8212;&#8212;&#8212;&#8212;&#8212;&#8212;&#8212;&#8212;&#8212;-<\/p>\n<p>11 JANUAR 2005, DIENSTAG, D\u00dcSSELDORF, DEUTSCHLAND<\/p>\n<p>Feindselige Einstellungen in Deutschland, und nicht nur an einer Uni wie der Technischen Universit\u00e4t M\u00fcnchen \u2013 14<\/p>\n<p>\u201eDie feindseligen Mentalit\u00e4ten in der Mehrheitsgesellschaft sowie verlockender Fundamentalismus: beides zusammen verweist auf eine ethnisch-kulturell gespaltene Gesellschaft. Wir nehmen an, dass sich dieser Gegensatz weiter unkalkulierbar aufschaukeln kann, weil selbstkritische Debatten in der Mehrheitsgesellschaft nicht ausreichen und in der muslimischen Minderheit fehlen.\u201c<\/p>\n<p>(Fortsetzung folgt)<\/p>\n<p>Quelle: Wilhelm Heitmeyer, \u201cDie gespaltene Gesellschaft,\u201d Die Zeit, 50\/2004.<\/p>\n<p>\u201cIch liebe (mein Land) mehr, als alle anderen L\u00e4nder der Welt, und genau aus diesem Grund bestehe ich auf das Recht, es ewig zu kritisieren.\u201c &#8211; James Baldwin<\/p>\n<p>http:\/\/blogs.law.harvard.edu\/Germany2\/<\/p>\n<p>http:\/\/blogs.law.harvard.edu\/Germany<\/p>\n<p>Novel: http:\/\/blogs.law.harvard.edu\/revision\/<\/p>\n<p>===========================================<\/p>\n<p>ENTRY NUMBER 00811<\/p>\n<p>(Eine Deutsche Fassung steht weiter unten. German version below \u2013 German language character set required for correct display.)<\/p>\n<p>10 JANUARY 2005, MONDAY, DUSSELDORF, GERMANY<\/p>\n<p>Hostile Attitudes in Germany, and Not Only at Universities like the Technical University of Munich \u2013 13<\/p>\n<p>\u201cGerman social disintegration combines the potentially risky combination of group exclusion and ethnic self-identification, or the withdrawal of immigrants into their own closed world. We pointed out this problematic mixture several years ago, together with the massive defensive reaction from politics and society that went along with it then.\u201d<\/p>\n<p>(To be continued)<\/p>\n<p>Source: Wilhelm Heitmeyer, \u201cDie gespaltene Gesellschaft,\u201d Die Zeit, 50\/2004.<\/p>\n<p>&#8220;I love (my country) more than any other country in the world, and, exactly for this reason, I insist on the right to criticize her perpetually.&#8221; &#8211; James Baldwin<\/p>\n<p>http:\/\/blogs.law.harvard.edu\/Germany2\/<\/p>\n<p>http:\/\/blogs.law.harvard.edu\/Germany<\/p>\n<p>Novel: http:\/\/blogs.law.harvard.edu\/revision\/<\/p>\n<p>&#8212;&#8212;&#8212;&#8212;&#8212;&#8212;&#8212;&#8212;&#8212;&#8212;&#8212;&#8212;&#8212;&#8212;&#8212;&#8212;&#8212;&#8212;&#8212;&#8212;&#8212;&#8212;&#8212;&#8212;&#8212;-<\/p>\n<p>10 JANUAR 2005, MONTAG, D\u00dcSSELDORF, DEUTSCHLAND<\/p>\n<p>Feindselige Einstellungen in Deutschland, und nicht nur an einer Uni wie der Technischen Universit\u00e4t M\u00fcnchen \u2013 13<\/p>\n<p>\u201eSoziale Desintegration, insbesondere Ausgrenzung und Selbstethnisierung, also R\u00fcckzug von Migranten in abgeschlossene eigene Welten, wirken riskant zusammen. Schon vor mehreren Jahren hatten wir auf diese Problemmischung hingewiesen, damals begleitet von massiven Abwehrreaktionen in Politik und Gesellschaft. \u201c<\/p>\n<p>(Fortsetzung folgt)<\/p>\n<p>Quelle: Wilhelm Heitmeyer, \u201cDie gespaltene Gesellschaft,\u201d Die Zeit, 50\/2004.<\/p>\n<p>\u201cIch liebe (mein Land) mehr, als alle anderen L\u00e4nder der Welt, und genau aus diesem Grund bestehe ich auf das Recht, es ewig zu kritisieren.\u201c &#8211; James Baldwin<\/p>\n<p>http:\/\/blogs.law.harvard.edu\/Germany2\/<\/p>\n<p>http:\/\/blogs.law.harvard.edu\/Germany<\/p>\n<p>Novel: http:\/\/blogs.law.harvard.edu\/revision\/<\/p>\n<p>===========================================<\/p>\n","protected":false},"excerpt":{"rendered":"<p>ENTRY NUMBER 00820 (Eine Deutsche Fassung steht weiter unten. German version below \u2013 German language character set required for correct display.) 21 JANUARY 2005, FRIDAY, DUSSELDORF, GERMANY Hostile Attitudes in Germany, and Not Only at Universities like the Technical University of Munich \u2013 22 \u201cV. Against this background, the elite from among those who shape [&hellip;]<\/p>\n","protected":false},"author":165,"featured_media":0,"parent":0,"menu_order":0,"comment_status":"closed","ping_status":"closed","template":"","meta":{"footnotes":""},"class_list":["post-3153","page","type-page","status-publish","hentry"],"_links":{"self":[{"href":"https:\/\/archive.blogs.harvard.edu\/germany2\/wp-json\/wp\/v2\/pages\/3153","targetHints":{"allow":["GET"]}}],"collection":[{"href":"https:\/\/archive.blogs.harvard.edu\/germany2\/wp-json\/wp\/v2\/pages"}],"about":[{"href":"https:\/\/archive.blogs.harvard.edu\/germany2\/wp-json\/wp\/v2\/types\/page"}],"author":[{"embeddable":true,"href":"https:\/\/archive.blogs.harvard.edu\/germany2\/wp-json\/wp\/v2\/users\/165"}],"replies":[{"embeddable":true,"href":"https:\/\/archive.blogs.harvard.edu\/germany2\/wp-json\/wp\/v2\/comments?post=3153"}],"version-history":[{"count":1,"href":"https:\/\/archive.blogs.harvard.edu\/germany2\/wp-json\/wp\/v2\/pages\/3153\/revisions"}],"predecessor-version":[{"id":3154,"href":"https:\/\/archive.blogs.harvard.edu\/germany2\/wp-json\/wp\/v2\/pages\/3153\/revisions\/3154"}],"wp:attachment":[{"href":"https:\/\/archive.blogs.harvard.edu\/germany2\/wp-json\/wp\/v2\/media?parent=3153"}],"curies":[{"name":"wp","href":"https:\/\/api.w.org\/{rel}","templated":true}]}}