{"id":24,"date":"2018-12-23T11:37:33","date_gmt":"2018-12-23T11:37:33","guid":{"rendered":"http:\/\/blogs.harvard.edu\/comoinvertir\/?page_id=24"},"modified":"2018-12-23T11:37:33","modified_gmt":"2018-12-23T11:37:33","slug":"home","status":"publish","type":"page","link":"https:\/\/archive.blogs.harvard.edu\/comoinvertir\/home\/","title":{"rendered":"Home"},"content":{"rendered":"<p>Es bueno ocuparse de la econom\u00eda, porque quieras o no, la econom\u00eda se ocupar\u00e1 de ti en alg\u00fan momento. Si entiendes los principios fundamentales del ahorra, la inversi\u00f3n, el valor del tiempo y la plusval\u00eda, solo el cielo ser\u00e1 el limite de lo que podr\u00e1s ganar.<\/p>\n<p>En Argentina, suele decirse que alguien gasta el dinero como si le quemara en sus manos.<\/p>\n<p>En este blog, desde uno de los pa\u00edses donde los problemas econ\u00f3micos suelen ponerlo en la tapa de todos los diarios del mundo, les escribir\u00e9 recetas simples y tambi\u00e9n consejos e informes muy \u00fatiles de traiding para ganar dinero a montones.<\/p>\n<p><img loading=\"lazy\" decoding=\"async\" class=\"alignnone size-full wp-image-25\" src=\"http:\/\/blogs.harvard.edu\/comoinvertir\/files\/2018\/12\/20160601174726-negocios-web.jpeg\" alt=\"\" width=\"750\" height=\"422\" srcset=\"https:\/\/archive.blogs.harvard.edu\/comoinvertir\/files\/2018\/12\/20160601174726-negocios-web.jpeg 750w, https:\/\/archive.blogs.harvard.edu\/comoinvertir\/files\/2018\/12\/20160601174726-negocios-web-300x169.jpeg 300w\" sizes=\"auto, (max-width: 750px) 100vw, 750px\" \/><\/p>\n","protected":false},"excerpt":{"rendered":"<p>Es bueno ocuparse de la econom\u00eda, porque quieras o no, la econom\u00eda se ocupar\u00e1 de ti en alg\u00fan momento. Si entiendes los principios fundamentales del ahorra, la inversi\u00f3n, el valor del tiempo y la plusval\u00eda, solo el cielo ser\u00e1 el limite de lo que podr\u00e1s ganar. En Argentina, suele decirse que alguien gasta el dinero [&hellip;]<\/p>\n","protected":false},"author":9668,"featured_media":0,"parent":0,"menu_order":0,"comment_status":"closed","ping_status":"closed","template":"","meta":{"footnotes":""},"class_list":["post-24","page","type-page","status-publish","hentry"],"_links":{"self":[{"href":"https:\/\/archive.blogs.harvard.edu\/comoinvertir\/wp-json\/wp\/v2\/pages\/24","targetHints":{"allow":["GET"]}}],"collection":[{"href":"https:\/\/archive.blogs.harvard.edu\/comoinvertir\/wp-json\/wp\/v2\/pages"}],"about":[{"href":"https:\/\/archive.blogs.harvard.edu\/comoinvertir\/wp-json\/wp\/v2\/types\/page"}],"author":[{"embeddable":true,"href":"https:\/\/archive.blogs.harvard.edu\/comoinvertir\/wp-json\/wp\/v2\/users\/9668"}],"replies":[{"embeddable":true,"href":"https:\/\/archive.blogs.harvard.edu\/comoinvertir\/wp-json\/wp\/v2\/comments?post=24"}],"version-history":[{"count":1,"href":"https:\/\/archive.blogs.harvard.edu\/comoinvertir\/wp-json\/wp\/v2\/pages\/24\/revisions"}],"predecessor-version":[{"id":27,"href":"https:\/\/archive.blogs.harvard.edu\/comoinvertir\/wp-json\/wp\/v2\/pages\/24\/revisions\/27"}],"wp:attachment":[{"href":"https:\/\/archive.blogs.harvard.edu\/comoinvertir\/wp-json\/wp\/v2\/media?parent=24"}],"curies":[{"name":"wp","href":"https:\/\/api.w.org\/{rel}","templated":true}]}}